{"id":3186,"date":"2025-11-03T08:23:15","date_gmt":"2025-11-03T08:23:15","guid":{"rendered":"https:\/\/mountlaser.com\/?post_type=product&#038;p=3186"},"modified":"2025-11-28T03:07:39","modified_gmt":"2025-11-28T03:07:39","slug":"mp105-mini-prism","status":"publish","type":"product","link":"https:\/\/mountlaser.com\/pl\/produkt\/mp105-mini-prism\/","title":{"rendered":"MP105 Mini pryzmat"},"content":{"rendered":"<p>MP105 Mini Prism \u2013 Precyzyjny monitoring do zastosowa\u0144 przemys\u0142owych<\/p>\n<p>Ten <a href=\"https:\/\/mountlaser.com\/pl\/\"><strong>Mini pryzmat MP105<\/strong><\/a> jest <a href=\"https:\/\/mountlaser.com\/pl\/products\/\"><strong>\u017b\u00f3\u0142ty mini pryzmat monitoruj\u0105cy<\/strong><\/a> Zaprojektowany z my\u015bl\u0105 o wyj\u0105tkowej dok\u0142adno\u015bci i trwa\u0142o\u015bci w d\u0142ugoterminowym monitoringu przemys\u0142owym i geotechnicznym. Dost\u0119pny z pryzmatami o \u015brednicy 25,4 mm i 38,1 mm, ten \u017c\u00f3\u0142ty minipryzmat monitoruj\u0105cy zapewnia niezawodn\u0105 i stabiln\u0105 prac\u0119 w wymagaj\u0105cych warunkach terenowych.<\/p>\n<p>Zbudowany z wytrzyma\u0142ego, odpornego na warunki atmosferyczne uchwytu z tworzywa sztucznego, minipryzmat MP105 posiada obrotowy uchwyt 360\u00b0, kt\u00f3ry umo\u017cliwia elastyczne pozycjonowanie i precyzyjne ustawienie. Konstrukcja obrotowa bez chybotania zwi\u0119ksza dok\u0142adno\u015b\u0107 pomiaru, a wysoko\u015b\u0107 osi nachylenia wynosz\u0105ca 86 mm zapewnia sta\u0142\u0105 geometri\u0119, co przek\u0142ada si\u0119 na precyzyjny monitoring.<\/p>\n<p><img fetchpriority=\"high\" decoding=\"async\" class=\"aligncenter wp-image-3188\" src=\"https:\/\/mountlaser.com\/wp-content\/uploads\/2025\/11\/2-9MP1051.webp\" alt=\"MP105 mini prism\" width=\"500\" height=\"500\" srcset=\"https:\/\/mountlaser.com\/wp-content\/uploads\/2025\/11\/2-9MP1051.webp 1000w, https:\/\/mountlaser.com\/wp-content\/uploads\/2025\/11\/2-9MP1051-300x300.webp 300w, https:\/\/mountlaser.com\/wp-content\/uploads\/2025\/11\/2-9MP1051-400x400.webp 400w, https:\/\/mountlaser.com\/wp-content\/uploads\/2025\/11\/2-9MP1051-800x800.webp 800w, https:\/\/mountlaser.com\/wp-content\/uploads\/2025\/11\/2-9MP1051-600x600.webp 600w, https:\/\/mountlaser.com\/wp-content\/uploads\/2025\/11\/2-9MP1051-150x150.webp 150w, https:\/\/mountlaser.com\/wp-content\/uploads\/2025\/11\/2-9MP1051-768x768.webp 768w, https:\/\/mountlaser.com\/wp-content\/uploads\/2025\/11\/2-9MP1051-12x12.webp 12w\" sizes=\"(max-width: 500px) 100vw, 500px\" \/><\/p>\n<p>Ten <a href=\"https:\/\/mountlaser.com\/pl\/contact-us\/\">Mini pryzmat MP105<\/a> System oferuje wiele konfiguracji adapter\u00f3w (gwinty 5\/8\u2033, 3\/8\u2033 i M8), co zapewnia wszechstronn\u0105 instalacj\u0119 w r\u00f3\u017cnych konfiguracjach. Dzi\u0119ki sta\u0142ym pryzmatom typu Absolute i Swiss, minipryzmat Yellow Monitoring Mini Prism zapewnia mo\u017cliwo\u015b\u0107 adaptacji do r\u00f3\u017cnych system\u00f3w tachimetr\u00f3w i wymaga\u0144 projektowych, gwarantuj\u0105c wyj\u0105tkow\u0105 stabilno\u015b\u0107 d\u0142ugoterminow\u0105.<\/p>","protected":false},"excerpt":{"rendered":"<ul>\n<li>Zapewnia pomiary o wysokiej precyzji na potrzeby zada\u0144 monitoringu przemys\u0142owego i geotechnicznego.<\/li>\n<li>regulowany uchwyt pozwala na elastyczne celowanie i ustawianie.<\/li>\n<li>Odporna na warunki atmosferyczne konstrukcja gwarantuje niezawodn\u0105 prac\u0119 w trudnych warunkach.<\/li>\n<li>Stabilne mocowanie minimalizuje drgania i dryft pomiaru.<\/li>\n<li>Kompatybilny z r\u00f3\u017cnymi adapterami gwintowymi, co umo\u017cliwia uniwersalne zastosowanie monta\u017cowe.<\/li>\n<\/ul>","protected":false},"featured_media":3193,"comment_status":"open","ping_status":"closed","template":"","meta":[],"product_brand":[],"product_cat":[72,112],"product_tag":[],"class_list":{"0":"post-3186","1":"product","2":"type-product","3":"status-publish","4":"has-post-thumbnail","6":"product_cat-reflective-target-prism","7":"product_cat-monitoring-prism","9":"first","10":"instock","11":"shipping-taxable","12":"product-type-simple"},"_links":{"self":[{"href":"https:\/\/mountlaser.com\/pl\/wp-json\/wp\/v2\/product\/3186","targetHints":{"allow":["GET"]}}],"collection":[{"href":"https:\/\/mountlaser.com\/pl\/wp-json\/wp\/v2\/product"}],"about":[{"href":"https:\/\/mountlaser.com\/pl\/wp-json\/wp\/v2\/types\/product"}],"replies":[{"embeddable":true,"href":"https:\/\/mountlaser.com\/pl\/wp-json\/wp\/v2\/comments?post=3186"}],"wp:featuredmedia":[{"embeddable":true,"href":"https:\/\/mountlaser.com\/pl\/wp-json\/wp\/v2\/media\/3193"}],"wp:attachment":[{"href":"https:\/\/mountlaser.com\/pl\/wp-json\/wp\/v2\/media?parent=3186"}],"wp:term":[{"taxonomy":"product_brand","embeddable":true,"href":"https:\/\/mountlaser.com\/pl\/wp-json\/wp\/v2\/product_brand?post=3186"},{"taxonomy":"product_cat","embeddable":true,"href":"https:\/\/mountlaser.com\/pl\/wp-json\/wp\/v2\/product_cat?post=3186"},{"taxonomy":"product_tag","embeddable":true,"href":"https:\/\/mountlaser.com\/pl\/wp-json\/wp\/v2\/product_tag?post=3186"}],"curies":[{"name":"wp","href":"https:\/\/api.w.org\/{rel}","templated":true}]}}