{"id":3173,"date":"2025-11-03T07:54:36","date_gmt":"2025-11-03T07:54:36","guid":{"rendered":"https:\/\/mountlaser.com\/?post_type=product&#038;p=3173"},"modified":"2025-11-28T03:19:32","modified_gmt":"2025-11-28T03:19:32","slug":"standard-j-series-rja20-medium-duty-aluminum-tripod","status":"publish","type":"product","link":"https:\/\/mountlaser.com\/pl\/produkt\/standard-j-series-rja20-medium-duty-aluminum-tripod\/","title":{"rendered":"Standardowy statyw aluminiowy RJA20 serii J o \u015bredniej wytrzyma\u0142o\u015bci"},"content":{"rendered":"<p>W Mount Laser specjalizujemy si\u0119 w precyzyjnych akcesoriach pomiarowych, a statyw aluminiowy \u015bredniej wytrzyma\u0142o\u015bci Standard J Series RJA20 nie jest tu wyj\u0105tkiem.<\/p>\n<figure id=\"attachment_3182\" aria-describedby=\"caption-attachment-3182\" style=\"width: 300px\" class=\"wp-caption aligncenter\"><img fetchpriority=\"high\" decoding=\"async\" class=\"wp-image-3182 size-medium\" src=\"https:\/\/mountlaser.com\/wp-content\/uploads\/2025\/11\/RJA20-FAT6-300x300.webp\" alt=\"Precision Medium-Duty Aluminum Tripod\" width=\"300\" height=\"300\" srcset=\"https:\/\/mountlaser.com\/wp-content\/uploads\/2025\/11\/RJA20-FAT6-300x300.webp 300w, https:\/\/mountlaser.com\/wp-content\/uploads\/2025\/11\/RJA20-FAT6-400x400.webp 400w, https:\/\/mountlaser.com\/wp-content\/uploads\/2025\/11\/RJA20-FAT6-800x800.webp 800w, https:\/\/mountlaser.com\/wp-content\/uploads\/2025\/11\/RJA20-FAT6-600x600.webp 600w, https:\/\/mountlaser.com\/wp-content\/uploads\/2025\/11\/RJA20-FAT6-150x150.webp 150w, https:\/\/mountlaser.com\/wp-content\/uploads\/2025\/11\/RJA20-FAT6-768x768.webp 768w, https:\/\/mountlaser.com\/wp-content\/uploads\/2025\/11\/RJA20-FAT6-12x12.webp 12w, https:\/\/mountlaser.com\/wp-content\/uploads\/2025\/11\/RJA20-FAT6.webp 1000w\" sizes=\"(max-width: 300px) 100vw, 300px\" \/><figcaption id=\"caption-attachment-3182\" class=\"wp-caption-text\">Statyw aluminiowy RJA20 o \u015bredniej wytrzyma\u0142o\u015bci z p\u0142ask\u0105 g\u0142owic\u0105<\/figcaption><\/figure>\n<p>&nbsp;<\/p>\n<p>Stworzony dla profesjonalist\u00f3w, kt\u00f3rzy wymagaj\u0105 niezawodno\u015bci, <a href=\"https:\/\/mountlaser.com\/pl\/\"><strong>Precyzyjny statyw aluminiowy o \u015bredniej wytrzyma\u0142o\u015bci<\/strong><\/a> Statyw jest dost\u0119pny z trzema rodzajami g\u0142owic \u2013 p\u0142ask\u0105, kopulast\u0105 i du\u017c\u0105 okr\u0105g\u0142\u0105 \u2013 co zapewnia kompatybilno\u015b\u0107 z teodolitami i tachimetrami. Wykonany z wysokowytrzyma\u0142ego stopu aluminium, statyw RJA20 oferuje doskona\u0142\u0105 odporno\u015b\u0107 na uderzenia i jest wyposa\u017cony w mosi\u0119\u017cn\u0105 \u015brub\u0119 jarzmow\u0105 5\/8\u2033-11, kt\u00f3ra zapewnia uniwersalne dopasowanie do instrumentu. Niezale\u017cnie od tego, czy wybierzesz zacisk obrotowy, zacisk szybkoz\u0142\u0105czny, czy zacisk podw\u00f3jny, ten \u015bredniej wytrzyma\u0142o\u015bci aluminiowy statyw z zaciskiem szybkoz\u0142\u0105cznym zapewnia szybki monta\u017c i doskona\u0142\u0105 stabilno\u015b\u0107. Opcjonalny mechanizm samoblokuj\u0105cy (S) oraz niestandardowe kolory i wysoko\u015bci s\u0105 dost\u0119pne na \u017cyczenie.<\/p>\n<p>&nbsp;<\/p>\n<figure id=\"attachment_3180\" aria-describedby=\"caption-attachment-3180\" style=\"width: 300px\" class=\"wp-caption aligncenter\"><img decoding=\"async\" class=\"wp-image-3180 size-medium\" src=\"https:\/\/mountlaser.com\/wp-content\/uploads\/2025\/11\/RJA20-DAD7-300x300.webp\" alt=\"Precision Medium-Duty Aluminum Tripod\" width=\"300\" height=\"300\" srcset=\"https:\/\/mountlaser.com\/wp-content\/uploads\/2025\/11\/RJA20-DAD7-300x300.webp 300w, https:\/\/mountlaser.com\/wp-content\/uploads\/2025\/11\/RJA20-DAD7-400x400.webp 400w, https:\/\/mountlaser.com\/wp-content\/uploads\/2025\/11\/RJA20-DAD7-800x800.webp 800w, https:\/\/mountlaser.com\/wp-content\/uploads\/2025\/11\/RJA20-DAD7-600x600.webp 600w, https:\/\/mountlaser.com\/wp-content\/uploads\/2025\/11\/RJA20-DAD7-150x150.webp 150w, https:\/\/mountlaser.com\/wp-content\/uploads\/2025\/11\/RJA20-DAD7-768x768.webp 768w, https:\/\/mountlaser.com\/wp-content\/uploads\/2025\/11\/RJA20-DAD7-12x12.webp 12w, https:\/\/mountlaser.com\/wp-content\/uploads\/2025\/11\/RJA20-DAD7.webp 1000w\" sizes=\"(max-width: 300px) 100vw, 300px\" \/><figcaption id=\"caption-attachment-3180\" class=\"wp-caption-text\">Statyw aluminiowy o \u015bredniej wytrzyma\u0142o\u015bci z g\u0142owic\u0105 kopu\u0142kow\u0105 RJA20<\/figcaption><\/figure>\n<p>&nbsp;<\/p>\n<figure id=\"attachment_3178\" aria-describedby=\"caption-attachment-3178\" style=\"width: 300px\" class=\"wp-caption aligncenter\"><img decoding=\"async\" class=\"wp-image-3178 size-medium\" src=\"https:\/\/mountlaser.com\/wp-content\/uploads\/2025\/11\/RJA20-BAD7-300x300.webp\" alt=\"Precision Medium-Duty Aluminum Tripod\" width=\"300\" height=\"300\" srcset=\"https:\/\/mountlaser.com\/wp-content\/uploads\/2025\/11\/RJA20-BAD7-300x300.webp 300w, https:\/\/mountlaser.com\/wp-content\/uploads\/2025\/11\/RJA20-BAD7-400x400.webp 400w, https:\/\/mountlaser.com\/wp-content\/uploads\/2025\/11\/RJA20-BAD7-800x800.webp 800w, https:\/\/mountlaser.com\/wp-content\/uploads\/2025\/11\/RJA20-BAD7-600x600.webp 600w, https:\/\/mountlaser.com\/wp-content\/uploads\/2025\/11\/RJA20-BAD7-150x150.webp 150w, https:\/\/mountlaser.com\/wp-content\/uploads\/2025\/11\/RJA20-BAD7-768x768.webp 768w, https:\/\/mountlaser.com\/wp-content\/uploads\/2025\/11\/RJA20-BAD7-12x12.webp 12w, https:\/\/mountlaser.com\/wp-content\/uploads\/2025\/11\/RJA20-BAD7.webp 1000w\" sizes=\"(max-width: 300px) 100vw, 300px\" \/><figcaption id=\"caption-attachment-3178\" class=\"wp-caption-text\">Statyw aluminiowy o \u015bredniej wytrzyma\u0142o\u015bci i du\u017cej okr\u0105g\u0142ej g\u0142owicy RJA20<\/figcaption><\/figure>\n<p>Ten <a href=\"https:\/\/mountlaser.com\/pl\/products\/\"><strong>RJA20 \u015arednio wytrzyma\u0142y statyw aluminiowy<\/strong> <\/a>Zapewnia bezpieczne, bezwibracyjne wsparcie dla precyzyjnych instrument\u00f3w w terenie. Jego lekka, a zarazem wytrzyma\u0142a konstrukcja umo\u017cliwia \u0142atwy transport bez utraty wytrzyma\u0142o\u015bci. Precyzyjny statyw aluminiowy o \u015bredniej wytrzyma\u0142o\u015bci zapewnia sta\u0142\u0105 dok\u0142adno\u015b\u0107, a statyw aluminiowy o \u015bredniej wytrzyma\u0142o\u015bci z szybkim zaciskiem umo\u017cliwia szybkie rozstawianie i regulacj\u0119, oszcz\u0119dzaj\u0105c cenny czas na miejscu.<\/p>\n<p>&nbsp;<\/p>\n<p><strong>Specyfikacja statywu aluminiowego RJA20 o \u015bredniej wytrzyma\u0142o\u015bci, standardowego J Series<\/strong><\/p>\n<table width=\"830\">\n<tbody>\n<tr>\n<td width=\"126\">NUMER<\/td>\n<td width=\"130\">NOGI<\/td>\n<td width=\"121\">G\u0141OWA<\/td>\n<td width=\"134\">TYP ZAMKA<\/td>\n<td width=\"132\">SPRZ\u0118T KOMPUTEROWY<\/td>\n<td width=\"115\">ROZSZERZENIE<\/td>\n<td width=\"72\">P\u00f3\u0142nocny zach\u00f3d<\/td>\n<\/tr>\n<tr>\n<td>RJA20-FCTOR<\/td>\n<td>Aluminium<\/td>\n<td>160mm p\u0142aski<\/td>\n<td>Zacisk skr\u0119tny<\/td>\n<td>Pomara\u0144czowy<\/td>\n<td>170 cm<\/td>\n<td>3,7 kg<\/td>\n<\/tr>\n<tr>\n<td>RJA20-FCDOR<\/td>\n<td>Aluminium<\/td>\n<td>160mm p\u0142aski<\/td>\n<td>Podw\u00f3jny zacisk<\/td>\n<td>Pomara\u0144czowy<\/td>\n<td>160 cm<\/td>\n<td>4,3 kg<\/td>\n<\/tr>\n<\/tbody>\n<\/table>","protected":false},"excerpt":{"rendered":"<ul>\n<li>Dla geodet\u00f3w i in\u017cynier\u00f3w, kt\u00f3rzy potrzebuj\u0105 niezawodnego i konfigurowalnego systemu wsparcia<\/li>\n<li>Idealnym wyborem jest standardowy statyw aluminiowy J Series RJA20 o \u015bredniej wytrzyma\u0142o\u015bci.<\/li>\n<li>Dzi\u0119ki wielu opcjom g\u0142owicy, stylom zacisk\u00f3w i trwa\u0142o\u015bci precyzyjnego statywu aluminiowego o \u015bredniej wytrzyma\u0142o\u015bci<\/li>\n<\/ul>","protected":false},"featured_media":3174,"comment_status":"open","ping_status":"closed","template":"","meta":[],"product_brand":[],"product_cat":[91,111],"product_tag":[],"class_list":{"0":"post-3173","1":"product","2":"type-product","3":"status-publish","4":"has-post-thumbnail","6":"product_cat-bipod-tripod","7":"product_cat-aluminum-surveying-tripod","9":"first","10":"instock","11":"shipping-taxable","12":"product-type-simple"},"_links":{"self":[{"href":"https:\/\/mountlaser.com\/pl\/wp-json\/wp\/v2\/product\/3173","targetHints":{"allow":["GET"]}}],"collection":[{"href":"https:\/\/mountlaser.com\/pl\/wp-json\/wp\/v2\/product"}],"about":[{"href":"https:\/\/mountlaser.com\/pl\/wp-json\/wp\/v2\/types\/product"}],"replies":[{"embeddable":true,"href":"https:\/\/mountlaser.com\/pl\/wp-json\/wp\/v2\/comments?post=3173"}],"wp:featuredmedia":[{"embeddable":true,"href":"https:\/\/mountlaser.com\/pl\/wp-json\/wp\/v2\/media\/3174"}],"wp:attachment":[{"href":"https:\/\/mountlaser.com\/pl\/wp-json\/wp\/v2\/media?parent=3173"}],"wp:term":[{"taxonomy":"product_brand","embeddable":true,"href":"https:\/\/mountlaser.com\/pl\/wp-json\/wp\/v2\/product_brand?post=3173"},{"taxonomy":"product_cat","embeddable":true,"href":"https:\/\/mountlaser.com\/pl\/wp-json\/wp\/v2\/product_cat?post=3173"},{"taxonomy":"product_tag","embeddable":true,"href":"https:\/\/mountlaser.com\/pl\/wp-json\/wp\/v2\/product_tag?post=3173"}],"curies":[{"name":"wp","href":"https:\/\/api.w.org\/{rel}","templated":true}]}}