{"id":3167,"date":"2025-11-03T07:50:02","date_gmt":"2025-11-03T07:50:02","guid":{"rendered":"https:\/\/mountlaser.com\/?post_type=product&#038;p=3167"},"modified":"2025-11-28T03:21:56","modified_gmt":"2025-11-28T03:21:56","slug":"mp104-monitoring-prism","status":"publish","type":"product","link":"https:\/\/mountlaser.com\/pl\/produkt\/mp104-monitoring-prism\/","title":{"rendered":"Pryzmat monitoruj\u0105cy MP104"},"content":{"rendered":"<p>MP104 mini Prism \u2013 odporny na warunki atmosferyczne bia\u0142y mini pryzmat monitoruj\u0105cy zapewniaj\u0105cy d\u0142ugoterminow\u0105 precyzj\u0119<\/p>\n<p>Ten <a href=\"https:\/\/mountlaser.com\/pl\/\"><strong>Mini pryzmat MP104<\/strong><\/a> jest klasy profesjonalnej <a href=\"https:\/\/mountlaser.com\/pl\/about-us\/\"><strong>bia\u0142y mini pryzmat monitoruj\u0105cy<\/strong><\/a> Zaprojektowany do precyzyjnego i d\u0142ugoterminowego monitorowania odkszta\u0142ce\u0144 w projektach budowlanych, geotechnicznych i dotycz\u0105cych stanu konstrukcji. Zaprojektowany do pracy w trudnych warunkach terenowych, ten pryzmat zapewnia stabilne i precyzyjne zbieranie danych przez d\u0142ugi czas monitorowania.<\/p>\n<p>Wyposa\u017cony w precyzyjny pryzmat o \u015brednicy 25,4 mm i wysoko\u015bci osi nachylenia 86 mm, minipryzmat MP104 zapewnia offset -17,5 mm, zapewniaj\u0105c wiarygodne wyniki w krytycznych zadaniach geodezyjnych. Jego odporna na warunki atmosferyczne konstrukcja obejmuje os\u0142on\u0119 ochronn\u0105 i specjalnie uszlachetnione szk\u0142o, zapewniaj\u0105c wyj\u0105tkow\u0105 odporno\u015b\u0107 na czynniki \u015brodowiskowe, takie jak deszcz, kurz i wahania temperatury.<\/p>\n<p>&nbsp;<\/p>\n<p><img fetchpriority=\"high\" decoding=\"async\" class=\"aligncenter wp-image-3169\" src=\"https:\/\/mountlaser.com\/wp-content\/uploads\/2025\/11\/2-8MP1042.webp\" alt=\"MP104 MINI prism\" width=\"500\" height=\"500\" srcset=\"https:\/\/mountlaser.com\/wp-content\/uploads\/2025\/11\/2-8MP1042.webp 1000w, https:\/\/mountlaser.com\/wp-content\/uploads\/2025\/11\/2-8MP1042-300x300.webp 300w, https:\/\/mountlaser.com\/wp-content\/uploads\/2025\/11\/2-8MP1042-400x400.webp 400w, https:\/\/mountlaser.com\/wp-content\/uploads\/2025\/11\/2-8MP1042-800x800.webp 800w, https:\/\/mountlaser.com\/wp-content\/uploads\/2025\/11\/2-8MP1042-600x600.webp 600w, https:\/\/mountlaser.com\/wp-content\/uploads\/2025\/11\/2-8MP1042-150x150.webp 150w, https:\/\/mountlaser.com\/wp-content\/uploads\/2025\/11\/2-8MP1042-768x768.webp 768w, https:\/\/mountlaser.com\/wp-content\/uploads\/2025\/11\/2-8MP1042-12x12.webp 12w\" sizes=\"(max-width: 500px) 100vw, 500px\" \/><\/p>\n<p>Bia\u0142y minipryzmat monitoruj\u0105cy jest wyposa\u017cony w wytrzyma\u0142\u0105 obudow\u0119 z tworzywa sztucznego w stylu szwajcarskim, \u0142\u0105cz\u0105c\u0105 lekk\u0105 konstrukcj\u0119 z d\u0142ugotrwa\u0142\u0105 trwa\u0142o\u015bci\u0105. Dost\u0119pny jest r\u00f3wnie\u017c w wersji z pryzmatem miedzianym lub posrebrzanym, co pozwala u\u017cytkownikom zoptymalizowa\u0107 sygna\u0142 zwrotny w zale\u017cno\u015bci od warunk\u00f3w \u015brodowiskowych i odbicia.<\/p>\n<p>Aby zapewni\u0107 elastyczn\u0105 instalacj\u0119, <a href=\"https:\/\/mountlaser.com\/pl\/products\/\">Mini pryzmat MP104<\/a> zawiera trzy opcje adaptera:<\/p>\n<p>MP104-A01 \u2013 adapter gwintu 5\/8\u2033<\/p>\n<p>MP104-A02 \u2013 adapter gwintu 3\/8\u2033<\/p>\n<p>MP104-A03 \u2013 adapter gwintu M8<\/p>\n<p>Dzi\u0119ki tym opcjom bia\u0142y minipryzmat monitoruj\u0105cy jest kompatybilny z wieloma typami monta\u017cu, zapewniaj\u0105c maksymaln\u0105 wszechstronno\u015b\u0107 w terenie.<\/p>","protected":false},"excerpt":{"rendered":"<ul>\n<li>Obudowa zabezpieczona przed warunkami atmosferycznymi i szk\u0142o poddane obr\u00f3bce zapewniaj\u0105ce trwa\u0142o\u015b\u0107 na zewn\u0105trz<\/li>\n<li>Bardzo wytrzyma\u0142e mocowanie z tworzywa sztucznego w stylu szwajcarskim zapewniaj\u0105ce d\u0142ugotrwa\u0142\u0105 stabilno\u015b\u0107<\/li>\n<li>Dost\u0119pne z pow\u0142okami miedzianymi lub srebrnymi zapewniaj\u0105cymi lepsze odbicie<\/li>\n<li>Wiele opcji adapter\u00f3w do uniwersalnej instalacji<\/li>\n<\/ul>","protected":false},"featured_media":3168,"comment_status":"open","ping_status":"closed","template":"","meta":[],"product_brand":[],"product_cat":[72,112],"product_tag":[],"class_list":{"0":"post-3167","1":"product","2":"type-product","3":"status-publish","4":"has-post-thumbnail","6":"product_cat-reflective-target-prism","7":"product_cat-monitoring-prism","9":"first","10":"instock","11":"shipping-taxable","12":"product-type-simple"},"_links":{"self":[{"href":"https:\/\/mountlaser.com\/pl\/wp-json\/wp\/v2\/product\/3167","targetHints":{"allow":["GET"]}}],"collection":[{"href":"https:\/\/mountlaser.com\/pl\/wp-json\/wp\/v2\/product"}],"about":[{"href":"https:\/\/mountlaser.com\/pl\/wp-json\/wp\/v2\/types\/product"}],"replies":[{"embeddable":true,"href":"https:\/\/mountlaser.com\/pl\/wp-json\/wp\/v2\/comments?post=3167"}],"wp:featuredmedia":[{"embeddable":true,"href":"https:\/\/mountlaser.com\/pl\/wp-json\/wp\/v2\/media\/3168"}],"wp:attachment":[{"href":"https:\/\/mountlaser.com\/pl\/wp-json\/wp\/v2\/media?parent=3167"}],"wp:term":[{"taxonomy":"product_brand","embeddable":true,"href":"https:\/\/mountlaser.com\/pl\/wp-json\/wp\/v2\/product_brand?post=3167"},{"taxonomy":"product_cat","embeddable":true,"href":"https:\/\/mountlaser.com\/pl\/wp-json\/wp\/v2\/product_cat?post=3167"},{"taxonomy":"product_tag","embeddable":true,"href":"https:\/\/mountlaser.com\/pl\/wp-json\/wp\/v2\/product_tag?post=3167"}],"curies":[{"name":"wp","href":"https:\/\/api.w.org\/{rel}","templated":true}]}}