{"id":3112,"date":"2025-10-31T09:18:04","date_gmt":"2025-10-31T09:18:04","guid":{"rendered":"https:\/\/mountlaser.com\/?post_type=product&#038;p=3112"},"modified":"2025-11-28T03:26:02","modified_gmt":"2025-11-28T03:26:02","slug":"premium-t-series-rta10-aluminum-tripod","status":"publish","type":"product","link":"https:\/\/mountlaser.com\/pl\/produkt\/premium-t-series-rta10-aluminum-tripod\/","title":{"rendered":"Statyw aluminiowy Premium T Series RTA10"},"content":{"rendered":"<p>Ten <a href=\"https:\/\/mountlaser.com\/pl\/\"><strong>Statyw aluminiowy Premium T Series RTA10<\/strong> <\/a>reprezentuje szczyt doskona\u0142o\u015bci in\u017cynieryjnej w dziedzinie system\u00f3w wsparcia geodezyjnego, ustanawiaj\u0105c nowe standardy niezawodno\u015bci i wydajno\u015bci. Ten wyj\u0105tkowy aluminiowy statyw z p\u0142ask\u0105 g\u0142owic\u0105 zosta\u0142 starannie wykonany, aby sprosta\u0107 wysokim wymaganiom profesjonalnych geodet\u00f3w, kt\u00f3rzy nie mog\u0105 sobie pozwoli\u0107 na kompromisy w kwestii stabilno\u015bci i precyzji.<br \/>\nPosiada specjalistyczn\u0105 konfiguracj\u0119 p\u0142askiej g\u0142owicy zapewniaj\u0105c\u0105 optymaln\u0105 stabilno\u015b\u0107 instrumentu i bezpieczne mocowanie.<br \/>\nWyposa\u017cony w standardow\u0105 aluminiow\u0105 \u015brub\u0119 jarzmow\u0105 5\/8\u2033-11 umo\u017cliwiaj\u0105c\u0105 bezproblemow\u0105 integracj\u0119 z automatycznymi poziomicami i laserami obrotowymi<\/p>\n<p><img fetchpriority=\"high\" decoding=\"async\" class=\"aligncenter wp-image-3115\" src=\"https:\/\/mountlaser.com\/wp-content\/uploads\/2025\/10\/RTA10-FCD3.webp\" alt=\"Flat Head Aluminum Tripod\" width=\"500\" height=\"500\" srcset=\"https:\/\/mountlaser.com\/wp-content\/uploads\/2025\/10\/RTA10-FCD3.webp 1000w, https:\/\/mountlaser.com\/wp-content\/uploads\/2025\/10\/RTA10-FCD3-300x300.webp 300w, https:\/\/mountlaser.com\/wp-content\/uploads\/2025\/10\/RTA10-FCD3-400x400.webp 400w, https:\/\/mountlaser.com\/wp-content\/uploads\/2025\/10\/RTA10-FCD3-800x800.webp 800w, https:\/\/mountlaser.com\/wp-content\/uploads\/2025\/10\/RTA10-FCD3-600x600.webp 600w, https:\/\/mountlaser.com\/wp-content\/uploads\/2025\/10\/RTA10-FCD3-150x150.webp 150w, https:\/\/mountlaser.com\/wp-content\/uploads\/2025\/10\/RTA10-FCD3-768x768.webp 768w, https:\/\/mountlaser.com\/wp-content\/uploads\/2025\/10\/RTA10-FCD3-12x12.webp 12w\" sizes=\"(max-width: 500px) 100vw, 500px\" \/><br \/>\nRTA10 to zaawansowany, samoblokuj\u0105cy statyw aluminiowy wyposa\u017cony w nowoczesne mechanizmy blokuj\u0105ce, kt\u00f3re gwarantuj\u0105 stabilne ustawienie instrumentu podczas d\u0142ugich sesji pomiarowych.<br \/>\nInnowacyjny projekt tego <a href=\"https:\/\/mountlaser.com\/pl\/products\/\"><strong>statyw aluminiowy z p\u0142ask\u0105 g\u0142owic\u0105<\/strong> <\/a>Zapewnia niezr\u00f3wnan\u0105 kompatybilno\u015b\u0107 z r\u00f3\u017cnymi instrumentami geodezyjnymi, zachowuj\u0105c jednocze\u015bnie mobilno\u015b\u0107 niezb\u0119dn\u0105 technikom terenowym. Zaprojektowany z my\u015bl\u0105 o trwa\u0142o\u015bci i wygodzie u\u017cytkownika, ten samoblokuj\u0105cy aluminiowy statyw jest dowodem zaanga\u017cowania firmy Mountlaser w dostarczanie najwy\u017cszej jako\u015bci rozwi\u0105za\u0144 geodezyjnych, kt\u00f3re zwi\u0119kszaj\u0105 wydajno\u015b\u0107 i dok\u0142adno\u015b\u0107 pomiar\u00f3w w trudnych warunkach pracy.<\/p>\n<p><img decoding=\"async\" class=\"aligncenter wp-image-3118\" src=\"https:\/\/mountlaser.com\/wp-content\/uploads\/2025\/10\/RTA10-FCD6.webp\" alt=\"Flat Head Aluminum Tripod\" width=\"500\" height=\"500\" srcset=\"https:\/\/mountlaser.com\/wp-content\/uploads\/2025\/10\/RTA10-FCD6.webp 1000w, https:\/\/mountlaser.com\/wp-content\/uploads\/2025\/10\/RTA10-FCD6-300x300.webp 300w, https:\/\/mountlaser.com\/wp-content\/uploads\/2025\/10\/RTA10-FCD6-400x400.webp 400w, https:\/\/mountlaser.com\/wp-content\/uploads\/2025\/10\/RTA10-FCD6-800x800.webp 800w, https:\/\/mountlaser.com\/wp-content\/uploads\/2025\/10\/RTA10-FCD6-600x600.webp 600w, https:\/\/mountlaser.com\/wp-content\/uploads\/2025\/10\/RTA10-FCD6-150x150.webp 150w, https:\/\/mountlaser.com\/wp-content\/uploads\/2025\/10\/RTA10-FCD6-768x768.webp 768w, https:\/\/mountlaser.com\/wp-content\/uploads\/2025\/10\/RTA10-FCD6-12x12.webp 12w\" sizes=\"(max-width: 500px) 100vw, 500px\" \/><\/p>\n<p>&nbsp;<\/p>\n<p><strong><a href=\"https:\/\/mountlaser.com\/pl\/contact-us\/\">Statyw aluminiowy Premium T Series RTA10<\/a> Specyfikacje<\/strong><\/p>\n<table style=\"border-collapse: collapse; width: 622.52pt;\" border=\"0\" width=\"830\" cellspacing=\"0\" cellpadding=\"0\">\n<tbody>\n<tr style=\"height: 14.25pt;\">\n<td class=\"et2\" style=\"height: 14.25pt; width: 94.50pt;\" width=\"126\" height=\"19\">NUMER<\/td>\n<td class=\"et2\" style=\"width: 97.50pt;\" width=\"130\">NOGI<\/td>\n<td class=\"et2\" style=\"width: 90.75pt;\" width=\"121\">G\u0141OWA<\/td>\n<td class=\"et2\" style=\"width: 100.50pt;\" width=\"134\">TYP ZAMKA<\/td>\n<td class=\"et2\" style=\"width: 99.00pt;\" width=\"132\">SPRZ\u0118T KOMPUTEROWY<\/td>\n<td class=\"et2\" style=\"width: 86.25pt;\" width=\"115\">ROZSZERZENIE<\/td>\n<td class=\"et2\" style=\"width: 54.00pt;\" width=\"72\">P\u00f3\u0142nocny zach\u00f3d<\/td>\n<\/tr>\n<tr style=\"height: 14.25pt;\">\n<td class=\"et2\" style=\"height: 14.25pt;\" height=\"19\">RTA10-FATYL<\/td>\n<td class=\"et2\">Aluminium<\/td>\n<td class=\"et2\">140mm p\u0142aski<\/td>\n<td class=\"et2\">Zacisk skr\u0119tny<\/td>\n<td class=\"et2\">\u017b\u00f3\u0142ty<\/td>\n<td class=\"et2\">170 cm<\/td>\n<td class=\"et2\">3,0 kg<\/td>\n<\/tr>\n<tr style=\"height: 14.25pt;\">\n<td class=\"et2\" style=\"height: 14.25pt;\" height=\"19\">RTA10-FADYL<\/td>\n<td class=\"et2\">Aluminium<\/td>\n<td class=\"et2\">140mm p\u0142aski<\/td>\n<td class=\"et2\">Podw\u00f3jny zacisk<\/td>\n<td class=\"et2\">\u017b\u00f3\u0142ty<\/td>\n<td class=\"et2\">165 cm<\/td>\n<td class=\"et2\">3,6 kg<\/td>\n<\/tr>\n<\/tbody>\n<\/table>","protected":false},"excerpt":{"rendered":"<p>\u2022 Konstrukcja z aluminium lotniczego: Wykonana ze stopu aluminium o wysokiej wytrzyma\u0142o\u015bci, zapewniaj\u0105cego wyj\u0105tkow\u0105 odporno\u015b\u0107 na uderzenia<br \/>\n\u2022 Wiele opcji zacisku: Dost\u0119pne z zaciskiem obrotowym, zaciskiem szybkoz\u0142\u0105cznym lub konfiguracj\u0105 zacisku podw\u00f3jnego<br \/>\n\u2022 Mo\u017cliwo\u015b\u0107 dostosowania specyfikacji: Na \u017cyczenie oferujemy niestandardowe kolory i wysoko\u015bci, aby spe\u0142ni\u0107 konkretne wymagania projektu<\/p>","protected":false},"featured_media":3117,"comment_status":"open","ping_status":"closed","template":"","meta":[],"product_brand":[],"product_cat":[91,111],"product_tag":[],"class_list":{"0":"post-3112","1":"product","2":"type-product","3":"status-publish","4":"has-post-thumbnail","6":"product_cat-bipod-tripod","7":"product_cat-aluminum-surveying-tripod","9":"first","10":"instock","11":"shipping-taxable","12":"product-type-simple"},"_links":{"self":[{"href":"https:\/\/mountlaser.com\/pl\/wp-json\/wp\/v2\/product\/3112","targetHints":{"allow":["GET"]}}],"collection":[{"href":"https:\/\/mountlaser.com\/pl\/wp-json\/wp\/v2\/product"}],"about":[{"href":"https:\/\/mountlaser.com\/pl\/wp-json\/wp\/v2\/types\/product"}],"replies":[{"embeddable":true,"href":"https:\/\/mountlaser.com\/pl\/wp-json\/wp\/v2\/comments?post=3112"}],"wp:featuredmedia":[{"embeddable":true,"href":"https:\/\/mountlaser.com\/pl\/wp-json\/wp\/v2\/media\/3117"}],"wp:attachment":[{"href":"https:\/\/mountlaser.com\/pl\/wp-json\/wp\/v2\/media?parent=3112"}],"wp:term":[{"taxonomy":"product_brand","embeddable":true,"href":"https:\/\/mountlaser.com\/pl\/wp-json\/wp\/v2\/product_brand?post=3112"},{"taxonomy":"product_cat","embeddable":true,"href":"https:\/\/mountlaser.com\/pl\/wp-json\/wp\/v2\/product_cat?post=3112"},{"taxonomy":"product_tag","embeddable":true,"href":"https:\/\/mountlaser.com\/pl\/wp-json\/wp\/v2\/product_tag?post=3112"}],"curies":[{"name":"wp","href":"https:\/\/api.w.org\/{rel}","templated":true}]}}