{"id":3101,"date":"2025-10-31T08:52:31","date_gmt":"2025-10-31T08:52:31","guid":{"rendered":"https:\/\/mountlaser.com\/?post_type=product&#038;p=3101"},"modified":"2025-11-28T03:27:10","modified_gmt":"2025-11-28T03:27:10","slug":"rja10-aluminum-tripod","status":"publish","type":"product","link":"https:\/\/mountlaser.com\/pl\/produkt\/rja10-aluminum-tripod\/","title":{"rendered":"Statyw aluminiowy RJA10"},"content":{"rendered":"<p>Ten<a href=\"https:\/\/mountlaser.com\/pl\/\"> <strong>Statyw aluminiowy RJA10<\/strong> <\/a>reprezentuje idealne rozwi\u0105zanie w <a href=\"https:\/\/mountlaser.com\/pl\/about-us\/\"><strong>lekki aluminiowy statyw<\/strong> <\/a>systemy zaprojektowane specjalnie dla geodet\u00f3w, kt\u00f3rzy wymagaj\u0105 niezawodnego wsparcia dla swoich precyzyjnych instrument\u00f3w.<\/p>\n<p>Ten wszechstronny aluminiowy statyw budowlany jest dost\u0119pny w trzech r\u00f3\u017cnych konfiguracjach, aby sprosta\u0107 r\u00f3\u017cnorodnym wymaganiom na miejscu pracy:<\/p>\n<figure id=\"attachment_3110\" aria-describedby=\"caption-attachment-3110\" style=\"width: 300px\" class=\"wp-caption aligncenter\"><img fetchpriority=\"high\" decoding=\"async\" class=\"wp-image-3110 size-medium\" src=\"https:\/\/mountlaser.com\/wp-content\/uploads\/2025\/10\/RJA10-FAT7-300x300.webp\" alt=\"Light-Duty Aluminum Tripod\" width=\"300\" height=\"300\" srcset=\"https:\/\/mountlaser.com\/wp-content\/uploads\/2025\/10\/RJA10-FAT7-300x300.webp 300w, https:\/\/mountlaser.com\/wp-content\/uploads\/2025\/10\/RJA10-FAT7-400x400.webp 400w, https:\/\/mountlaser.com\/wp-content\/uploads\/2025\/10\/RJA10-FAT7-800x800.webp 800w, https:\/\/mountlaser.com\/wp-content\/uploads\/2025\/10\/RJA10-FAT7-600x600.webp 600w, https:\/\/mountlaser.com\/wp-content\/uploads\/2025\/10\/RJA10-FAT7-150x150.webp 150w, https:\/\/mountlaser.com\/wp-content\/uploads\/2025\/10\/RJA10-FAT7-768x768.webp 768w, https:\/\/mountlaser.com\/wp-content\/uploads\/2025\/10\/RJA10-FAT7-12x12.webp 12w, https:\/\/mountlaser.com\/wp-content\/uploads\/2025\/10\/RJA10-FAT7.webp 1000w\" sizes=\"(max-width: 300px) 100vw, 300px\" \/><figcaption id=\"caption-attachment-3110\" class=\"wp-caption-text\">Statyw aluminiowy RJA10 z p\u0142ask\u0105 g\u0142owic\u0105<\/figcaption><\/figure>\n<p>&nbsp;<\/p>\n<p>statyw aluminiowy RJA10 z p\u0142ask\u0105 g\u0142owic\u0105, statyw aluminiowy RJA10 z g\u0142owic\u0105 kopulast\u0105 i statyw aluminiowy RJA10 z du\u017c\u0105 okr\u0105g\u0142\u0105 g\u0142owic\u0105.<\/p>\n<figure id=\"attachment_3109\" aria-describedby=\"caption-attachment-3109\" style=\"width: 300px\" class=\"wp-caption aligncenter\"><img decoding=\"async\" class=\"wp-image-3109 size-medium\" src=\"https:\/\/mountlaser.com\/wp-content\/uploads\/2025\/10\/RJA10-DAD8-300x300.webp\" alt=\"Light-Duty Aluminum Tripod\" width=\"300\" height=\"300\" srcset=\"https:\/\/mountlaser.com\/wp-content\/uploads\/2025\/10\/RJA10-DAD8-300x300.webp 300w, https:\/\/mountlaser.com\/wp-content\/uploads\/2025\/10\/RJA10-DAD8-400x400.webp 400w, https:\/\/mountlaser.com\/wp-content\/uploads\/2025\/10\/RJA10-DAD8-800x800.webp 800w, https:\/\/mountlaser.com\/wp-content\/uploads\/2025\/10\/RJA10-DAD8-600x600.webp 600w, https:\/\/mountlaser.com\/wp-content\/uploads\/2025\/10\/RJA10-DAD8-150x150.webp 150w, https:\/\/mountlaser.com\/wp-content\/uploads\/2025\/10\/RJA10-DAD8-768x768.webp 768w, https:\/\/mountlaser.com\/wp-content\/uploads\/2025\/10\/RJA10-DAD8-12x12.webp 12w, https:\/\/mountlaser.com\/wp-content\/uploads\/2025\/10\/RJA10-DAD8.webp 1000w\" sizes=\"(max-width: 300px) 100vw, 300px\" \/><figcaption id=\"caption-attachment-3109\" class=\"wp-caption-text\">Statyw aluminiowy RJA10 z g\u0142owic\u0105 kopu\u0142kow\u0105<\/figcaption><\/figure>\n<p>&nbsp;<\/p>\n<p>Zgodnie z naszym zobowi\u0105zaniem do dostarczania elastycznych rozwi\u0105za\u0144, ka\u017cdy lekki aluminiowy statyw RJA10 oferuje dwie opcje mechanizmu blokuj\u0105cego \u2013 tradycyjny zacisk Twist Clamp zapewniaj\u0105cy bezpieczne mocowanie oraz innowacyjny system Dual Clamp umo\u017cliwiaj\u0105cy szybk\u0105 regulacj\u0119 i zwi\u0119kszon\u0105 stabilno\u015b\u0107.<\/p>\n<figure id=\"attachment_3108\" aria-describedby=\"caption-attachment-3108\" style=\"width: 300px\" class=\"wp-caption aligncenter\"><img decoding=\"async\" class=\"wp-image-3108 size-medium\" src=\"https:\/\/mountlaser.com\/wp-content\/uploads\/2025\/10\/RJA10-BAT7-300x300.webp\" alt=\"Light-Duty Aluminum Tripod\" width=\"300\" height=\"300\" srcset=\"https:\/\/mountlaser.com\/wp-content\/uploads\/2025\/10\/RJA10-BAT7-300x300.webp 300w, https:\/\/mountlaser.com\/wp-content\/uploads\/2025\/10\/RJA10-BAT7-400x400.webp 400w, https:\/\/mountlaser.com\/wp-content\/uploads\/2025\/10\/RJA10-BAT7-800x800.webp 800w, https:\/\/mountlaser.com\/wp-content\/uploads\/2025\/10\/RJA10-BAT7-600x600.webp 600w, https:\/\/mountlaser.com\/wp-content\/uploads\/2025\/10\/RJA10-BAT7-150x150.webp 150w, https:\/\/mountlaser.com\/wp-content\/uploads\/2025\/10\/RJA10-BAT7-768x768.webp 768w, https:\/\/mountlaser.com\/wp-content\/uploads\/2025\/10\/RJA10-BAT7-12x12.webp 12w, https:\/\/mountlaser.com\/wp-content\/uploads\/2025\/10\/RJA10-BAT7.webp 1000w\" sizes=\"(max-width: 300px) 100vw, 300px\" \/><figcaption id=\"caption-attachment-3108\" class=\"wp-caption-text\">Du\u017cy, okr\u0105g\u0142y statyw aluminiowy RJA10<\/figcaption><\/figure>\n<p>Ten aluminiowy statyw budowlany zosta\u0142 zaprojektowany z naciskiem na wydajno\u015b\u0107 i wygod\u0119, co czyni go niezb\u0119dnym narz\u0119dziem w ka\u017cdym projekcie geodezyjnym.<\/p>\n<p><strong><a href=\"https:\/\/mountlaser.com\/pl\/products\/\">Statyw aluminiowy RJA10<\/a> Specyfikacje:<\/strong><\/p>\n<table style=\"border-collapse: collapse; width: 622.52pt;\" border=\"0\" width=\"830\" cellspacing=\"0\" cellpadding=\"0\">\n<tbody>\n<tr style=\"height: 14.25pt;\">\n<td class=\"et2\" style=\"height: 14.25pt; width: 94.50pt;\" width=\"126\" height=\"19\">NUMER<\/td>\n<td class=\"et2\" style=\"width: 97.50pt;\" width=\"130\">NOGI<\/td>\n<td class=\"et2\" style=\"width: 90.75pt;\" width=\"121\">G\u0141OWA<\/td>\n<td class=\"et2\" style=\"width: 100.50pt;\" width=\"134\">TYP ZAMKA<\/td>\n<td class=\"et2\" style=\"width: 99.00pt;\" width=\"132\">SPRZ\u0118T KOMPUTEROWY<\/td>\n<td class=\"et2\" style=\"width: 86.25pt;\" width=\"115\">ROZSZERZENIE<\/td>\n<td class=\"et2\" style=\"width: 54.00pt;\" width=\"72\">P\u00f3\u0142nocny zach\u00f3d<\/td>\n<\/tr>\n<tr style=\"height: 14.25pt;\">\n<td class=\"et2\" style=\"height: 14.25pt;\" height=\"19\">RJA10-FATOR<\/td>\n<td class=\"et2\">Aluminium<\/td>\n<td class=\"et2\">126mm p\u0142aski<\/td>\n<td class=\"et2\">Zacisk skr\u0119tny<\/td>\n<td class=\"et2\">Pomara\u0144czowy<\/td>\n<td class=\"et2\">160 cm<\/td>\n<td class=\"et2\">2,7 kg<\/td>\n<\/tr>\n<tr style=\"height: 14.25pt;\">\n<td class=\"et2\" style=\"height: 14.25pt;\" height=\"19\">RJA10-FADOR<\/td>\n<td class=\"et2\">Aluminium<\/td>\n<td class=\"et2\">126mm p\u0142aski<\/td>\n<td class=\"et2\">Podw\u00f3jny zacisk<\/td>\n<td class=\"et2\">Pomara\u0144czowy<\/td>\n<td class=\"et2\">150 cm<\/td>\n<td class=\"et2\">3,3 kg<\/td>\n<\/tr>\n<\/tbody>\n<\/table>","protected":false},"excerpt":{"rendered":"<p>\u2022 Uniwersalna kompatybilno\u015b\u0107: Wyposa\u017cony w aluminiow\u0105 \u015brub\u0119 jarzmow\u0105 5\/8\u2033-11, zapewniaj\u0105c\u0105 kompatybilno\u015b\u0107 z poziomicami automatycznymi, laserami obrotowymi i innym sprz\u0119tem geodezyjnym<br \/>\n\u2022 Zwi\u0119kszona trwa\u0142o\u015b\u0107: doskona\u0142a odporno\u015b\u0107 na uderzenia gwarantuje d\u0142ugoterminow\u0105 niezawodno\u015b\u0107 w warunkach terenowych<br \/>\n\u2022 Optymalne wywa\u017cenie: Umiarkowana waga u\u0142atwia transport, zachowuj\u0105c jednocze\u015bnie stabilno\u015b\u0107 podczas u\u017cytkowania<\/p>","protected":false},"featured_media":3102,"comment_status":"open","ping_status":"closed","template":"","meta":[],"product_brand":[],"product_cat":[91,111],"product_tag":[],"class_list":{"0":"post-3101","1":"product","2":"type-product","3":"status-publish","4":"has-post-thumbnail","6":"product_cat-bipod-tripod","7":"product_cat-aluminum-surveying-tripod","9":"first","10":"instock","11":"shipping-taxable","12":"product-type-simple"},"_links":{"self":[{"href":"https:\/\/mountlaser.com\/pl\/wp-json\/wp\/v2\/product\/3101","targetHints":{"allow":["GET"]}}],"collection":[{"href":"https:\/\/mountlaser.com\/pl\/wp-json\/wp\/v2\/product"}],"about":[{"href":"https:\/\/mountlaser.com\/pl\/wp-json\/wp\/v2\/types\/product"}],"replies":[{"embeddable":true,"href":"https:\/\/mountlaser.com\/pl\/wp-json\/wp\/v2\/comments?post=3101"}],"wp:featuredmedia":[{"embeddable":true,"href":"https:\/\/mountlaser.com\/pl\/wp-json\/wp\/v2\/media\/3102"}],"wp:attachment":[{"href":"https:\/\/mountlaser.com\/pl\/wp-json\/wp\/v2\/media?parent=3101"}],"wp:term":[{"taxonomy":"product_brand","embeddable":true,"href":"https:\/\/mountlaser.com\/pl\/wp-json\/wp\/v2\/product_brand?post=3101"},{"taxonomy":"product_cat","embeddable":true,"href":"https:\/\/mountlaser.com\/pl\/wp-json\/wp\/v2\/product_cat?post=3101"},{"taxonomy":"product_tag","embeddable":true,"href":"https:\/\/mountlaser.com\/pl\/wp-json\/wp\/v2\/product_tag?post=3101"}],"curies":[{"name":"wp","href":"https:\/\/api.w.org\/{rel}","templated":true}]}}