{"id":3088,"date":"2025-10-31T07:44:32","date_gmt":"2025-10-31T07:44:32","guid":{"rendered":"https:\/\/mountlaser.com\/?post_type=product&#038;p=3088"},"modified":"2025-11-28T03:28:07","modified_gmt":"2025-11-28T03:28:07","slug":"rt105-reflective-target","status":"publish","type":"product","link":"https:\/\/mountlaser.com\/pl\/produkt\/rt105-reflective-target\/","title":{"rendered":"Tarcza odblaskowa RT105"},"content":{"rendered":"<p>Ten <a href=\"https:\/\/mountlaser.com\/pl\/\"><strong>RT105 Arkusz tarczy odblaskowej<\/strong><\/a> z Mount Laser jest profesjonalist\u0105 <a href=\"https:\/\/mountlaser.com\/pl\/products\/\"><strong>Arkusz docelowy tachimetru<\/strong><\/a> Zaprojektowany z my\u015bl\u0105 o zapewnieniu wysokiej dok\u0142adno\u015bci laserowego ustawiania i pomiaru. Wykonany z autentycznego materia\u0142u odblaskowego 3M i wytrzyma\u0142ego nylonu, ten model gwarantuje niezawodne odbicie \u015bwiat\u0142a, wyj\u0105tkow\u0105 trwa\u0142o\u015b\u0107 i d\u0142ug\u0105 \u017cywotno\u015b\u0107 w trudnych warunkach terenowych.<\/p>\n<p>Dzi\u0119ki powierzchni odblaskowej o \u015brednicy 60 mm, odblaskowa tarcza celownicza RT105 zapewnia wyra\u017an\u0105, kontrastow\u0105 widoczno\u015b\u0107, co pozwala na precyzyjne celowanie i szybki odbi\u00f3r sygna\u0142u. System szybkiego monta\u017cu pozwala na szybk\u0105 instalacj\u0119 i demonta\u017c, co czyni j\u0105 niezwykle przydatn\u0105 dla u\u017cytkownik\u00f3w, kt\u00f3rzy cz\u0119sto zmieniaj\u0105 po\u0142o\u017cenie tarczy celowniczej tachimetru w r\u00f3\u017cnych \u015brodowiskach pracy.<\/p>\n<p>Zaprojektowana do zastosowa\u0144 w budownictwie, geodezji i przemy\u015ble, tarcza odblaskowa RT105 gwarantuje stabiln\u0105 prac\u0119 nawet w trudnych warunkach zewn\u0119trznych. Po\u0142\u0105czenie technologii odblaskowej 3M i wytrzyma\u0142ej nylonowej obudowy zapewnia optymalne ustawienie i dok\u0142adno\u015b\u0107 pomiaru.<\/p>\n<p><img fetchpriority=\"high\" decoding=\"async\" class=\"aligncenter wp-image-3093\" src=\"https:\/\/mountlaser.com\/wp-content\/uploads\/2025\/10\/1-6RT1055.webp\" alt=\"RT105 Total Station Target Sheet\" width=\"500\" height=\"500\" srcset=\"https:\/\/mountlaser.com\/wp-content\/uploads\/2025\/10\/1-6RT1055.webp 1000w, https:\/\/mountlaser.com\/wp-content\/uploads\/2025\/10\/1-6RT1055-300x300.webp 300w, https:\/\/mountlaser.com\/wp-content\/uploads\/2025\/10\/1-6RT1055-400x400.webp 400w, https:\/\/mountlaser.com\/wp-content\/uploads\/2025\/10\/1-6RT1055-800x800.webp 800w, https:\/\/mountlaser.com\/wp-content\/uploads\/2025\/10\/1-6RT1055-600x600.webp 600w, https:\/\/mountlaser.com\/wp-content\/uploads\/2025\/10\/1-6RT1055-150x150.webp 150w, https:\/\/mountlaser.com\/wp-content\/uploads\/2025\/10\/1-6RT1055-768x768.webp 768w, https:\/\/mountlaser.com\/wp-content\/uploads\/2025\/10\/1-6RT1055-12x12.webp 12w\" sizes=\"(max-width: 500px) 100vw, 500px\" \/><\/p>\n<p>G\u00f3ra Laser <a href=\"https:\/\/mountlaser.com\/pl\/about-us\/\">RT105 Arkusz tarczy odblaskowej<\/a> \u0141\u0105czy precyzj\u0119 odblaskow\u0105 3M z lekk\u0105, szybko zwalnian\u0105 nylonow\u0105 konstrukcj\u0105, tworz\u0105c niezawodn\u0105 tarcz\u0119 pomiarow\u0105 do tachimetru. Zaprojektowana dla profesjonalist\u00f3w ceni\u0105cych szybko\u015b\u0107, trwa\u0142o\u015b\u0107 i dok\u0142adno\u015b\u0107, zapewnia sp\u00f3jn\u0105 i wydajn\u0105 prac\u0119 we wszystkich zastosowaniach pomiarowych.<\/p>","protected":false},"excerpt":{"rendered":"<ul>\n<li>Wysoka wydajno\u015b\u0107<\/li>\n<li>Wy\u017cszy poziom sygna\u0142u zwrotnego<\/li>\n<li>Konstrukcja szybkiego zwalniania<\/li>\n<li>Idealny arkusz tarcz tachimetrycznych do zada\u0144 budowlanych, geodezyjnych i wyr\u00f3wnywania<\/li>\n<\/ul>","protected":false},"featured_media":3091,"comment_status":"open","ping_status":"closed","template":"","meta":[],"product_brand":[],"product_cat":[72,104],"product_tag":[],"class_list":{"0":"post-3088","1":"product","2":"type-product","3":"status-publish","4":"has-post-thumbnail","6":"product_cat-reflective-target-prism","7":"product_cat-reflective-target","9":"first","10":"instock","11":"shipping-taxable","12":"product-type-simple"},"_links":{"self":[{"href":"https:\/\/mountlaser.com\/pl\/wp-json\/wp\/v2\/product\/3088","targetHints":{"allow":["GET"]}}],"collection":[{"href":"https:\/\/mountlaser.com\/pl\/wp-json\/wp\/v2\/product"}],"about":[{"href":"https:\/\/mountlaser.com\/pl\/wp-json\/wp\/v2\/types\/product"}],"replies":[{"embeddable":true,"href":"https:\/\/mountlaser.com\/pl\/wp-json\/wp\/v2\/comments?post=3088"}],"wp:featuredmedia":[{"embeddable":true,"href":"https:\/\/mountlaser.com\/pl\/wp-json\/wp\/v2\/media\/3091"}],"wp:attachment":[{"href":"https:\/\/mountlaser.com\/pl\/wp-json\/wp\/v2\/media?parent=3088"}],"wp:term":[{"taxonomy":"product_brand","embeddable":true,"href":"https:\/\/mountlaser.com\/pl\/wp-json\/wp\/v2\/product_brand?post=3088"},{"taxonomy":"product_cat","embeddable":true,"href":"https:\/\/mountlaser.com\/pl\/wp-json\/wp\/v2\/product_cat?post=3088"},{"taxonomy":"product_tag","embeddable":true,"href":"https:\/\/mountlaser.com\/pl\/wp-json\/wp\/v2\/product_tag?post=3088"}],"curies":[{"name":"wp","href":"https:\/\/api.w.org\/{rel}","templated":true}]}}