{"id":3077,"date":"2025-10-31T07:29:54","date_gmt":"2025-10-31T07:29:54","guid":{"rendered":"https:\/\/mountlaser.com\/?post_type=product&#038;p=3077"},"modified":"2025-11-28T03:29:48","modified_gmt":"2025-11-28T03:29:48","slug":"rt104-reflective-target","status":"publish","type":"product","link":"https:\/\/mountlaser.com\/pl\/produkt\/rt104-reflective-target\/","title":{"rendered":"RT104 Tarcza odblaskowa"},"content":{"rendered":"<p>Tarcza odblaskowa RT104 \u2013 precyzyjna aluminiowa tarcza do tachimetru<\/p>\n<p>Ten <a href=\"https:\/\/mountlaser.com\/pl\/\"><strong>RT104 Tarcza odblaskowa<\/strong><\/a> Mount Laser to profesjonalna tarcza celownicza do tachimetr\u00f3w, zaprojektowana do precyzyjnych pomiar\u00f3w laserowych, osiowania i geodezji. Wykonana z wysokiej jako\u015bci materia\u0142u odblaskowego 3M, zapewnia doskona\u0142\u0105 odblaskowo\u015b\u0107 i niezawodny sygna\u0142 zwrotny nawet w trudnych warunkach o\u015bwietleniowych lub na du\u017ce odleg\u0142o\u015bci.<\/p>\n<p>Wykonany z trwa\u0142ego aluminium, <a href=\"https:\/\/mountlaser.com\/pl\/products\/\"><strong>arkusz tarczy tachimetrycznej<\/strong> <\/a>Zapewnia doskona\u0142\u0105 stabilno\u015b\u0107 i odporno\u015b\u0107 na uderzenia, dzi\u0119ki czemu idealnie nadaje si\u0119 do u\u017cytku w terenie. Powierzchnia odblaskowa o wymiarach 60\u00d760 mm zapewnia wyra\u017any i dobrze widoczny punkt odniesienia, a gwint 5\/8\u2033-11 umo\u017cliwia \u0142atw\u0105 instalacj\u0119 na statywach, tyczkach i innym standardowym sprz\u0119cie.<\/p>\n<p>Ten niezawodny tachimetr tarczowy zwi\u0119ksza precyzj\u0119 i powtarzalno\u015b\u0107 pomiar\u00f3w, zapewniaj\u0105c in\u017cynierom i geodetom sp\u00f3jne wyniki. Niezale\u017cnie od tego, czy jest u\u017cywany do planowania budowy, wyznaczania tras w przemy\u015ble, czy pomiar\u00f3w geodezyjnych, RT104 oferuje d\u0142ugotrwa\u0142\u0105 wydajno\u015b\u0107 i wyj\u0105tkow\u0105 dok\u0142adno\u015b\u0107.<\/p>\n<p><img fetchpriority=\"high\" decoding=\"async\" class=\"aligncenter wp-image-3082\" src=\"https:\/\/mountlaser.com\/wp-content\/uploads\/2025\/10\/1-5RT1044.webp\" alt=\"RT104 Reflective target\" width=\"500\" height=\"500\" srcset=\"https:\/\/mountlaser.com\/wp-content\/uploads\/2025\/10\/1-5RT1044.webp 1000w, https:\/\/mountlaser.com\/wp-content\/uploads\/2025\/10\/1-5RT1044-300x300.webp 300w, https:\/\/mountlaser.com\/wp-content\/uploads\/2025\/10\/1-5RT1044-400x400.webp 400w, https:\/\/mountlaser.com\/wp-content\/uploads\/2025\/10\/1-5RT1044-800x800.webp 800w, https:\/\/mountlaser.com\/wp-content\/uploads\/2025\/10\/1-5RT1044-600x600.webp 600w, https:\/\/mountlaser.com\/wp-content\/uploads\/2025\/10\/1-5RT1044-150x150.webp 150w, https:\/\/mountlaser.com\/wp-content\/uploads\/2025\/10\/1-5RT1044-768x768.webp 768w, https:\/\/mountlaser.com\/wp-content\/uploads\/2025\/10\/1-5RT1044-12x12.webp 12w\" sizes=\"(max-width: 500px) 100vw, 500px\" \/><\/p>\n<p>G\u00f3ra Laser <a href=\"https:\/\/mountlaser.com\/pl\/contact-us\/\">RT104 Tarcza odblaskowa<\/a> \u0141\u0105czy w\u0142a\u015bciwo\u015bci odblaskowe 3M z wytrzyma\u0142\u0105 aluminiow\u0105 konstrukcj\u0105, tworz\u0105c niezawodn\u0105 tarcz\u0119 pomiarow\u0105 do tachimetru. Zaprojektowana z my\u015bl\u0105 o precyzji, stabilno\u015bci i d\u0142ugiej \u017cywotno\u015bci, to zaufany wyb\u00f3r dla profesjonalist\u00f3w ceni\u0105cych dok\u0142adno\u015b\u0107 ka\u017cdego pomiaru.<\/p>","protected":false},"excerpt":{"rendered":"<ul>\n<li>Wysokiej precyzji tarcza odblaskowa RT104 do system\u00f3w tachimetrycznych<\/li>\n<li>Kompatybilny ze statywami i kijami<\/li>\n<li>Idealna tarcza tachimetryczna do zada\u0144 geodezyjnych i wyr\u00f3wnywania<\/li>\n<\/ul>","protected":false},"featured_media":3079,"comment_status":"open","ping_status":"closed","template":"","meta":[],"product_brand":[],"product_cat":[104,72],"product_tag":[],"class_list":{"0":"post-3077","1":"product","2":"type-product","3":"status-publish","4":"has-post-thumbnail","6":"product_cat-reflective-target","7":"product_cat-reflective-target-prism","9":"first","10":"instock","11":"shipping-taxable","12":"product-type-simple"},"_links":{"self":[{"href":"https:\/\/mountlaser.com\/pl\/wp-json\/wp\/v2\/product\/3077","targetHints":{"allow":["GET"]}}],"collection":[{"href":"https:\/\/mountlaser.com\/pl\/wp-json\/wp\/v2\/product"}],"about":[{"href":"https:\/\/mountlaser.com\/pl\/wp-json\/wp\/v2\/types\/product"}],"replies":[{"embeddable":true,"href":"https:\/\/mountlaser.com\/pl\/wp-json\/wp\/v2\/comments?post=3077"}],"wp:featuredmedia":[{"embeddable":true,"href":"https:\/\/mountlaser.com\/pl\/wp-json\/wp\/v2\/media\/3079"}],"wp:attachment":[{"href":"https:\/\/mountlaser.com\/pl\/wp-json\/wp\/v2\/media?parent=3077"}],"wp:term":[{"taxonomy":"product_brand","embeddable":true,"href":"https:\/\/mountlaser.com\/pl\/wp-json\/wp\/v2\/product_brand?post=3077"},{"taxonomy":"product_cat","embeddable":true,"href":"https:\/\/mountlaser.com\/pl\/wp-json\/wp\/v2\/product_cat?post=3077"},{"taxonomy":"product_tag","embeddable":true,"href":"https:\/\/mountlaser.com\/pl\/wp-json\/wp\/v2\/product_tag?post=3077"}],"curies":[{"name":"wp","href":"https:\/\/api.w.org\/{rel}","templated":true}]}}