{"id":3055,"date":"2025-10-31T06:15:20","date_gmt":"2025-10-31T06:15:20","guid":{"rendered":"https:\/\/mountlaser.com\/?post_type=product&#038;p=3055"},"modified":"2025-11-28T03:30:54","modified_gmt":"2025-11-28T03:30:54","slug":"rt102-103-reflective-target","status":"publish","type":"product","link":"https:\/\/mountlaser.com\/pl\/produkt\/rt102-103-reflective-target\/","title":{"rendered":"Tarcza odblaskowa RT102\/103"},"content":{"rendered":"<p>RT102 \/ RT103 Odblaskowa tarcza celownicza z uchwytem \u2013 precyzyjne ustawienie, trwa\u0142a konstrukcja<\/p>\n<p>RT102 \/ RT103 <a href=\"https:\/\/mountlaser.com\/pl\/\"><strong>Arkusz odblaskowy z uchwytem<\/strong> <\/a>Seria tarcz Mount Laser zapewnia profesjonaln\u0105 dok\u0142adno\u015b\u0107 i trwa\u0142o\u015b\u0107 w zastosowaniach zwi\u0105zanych z laserowym ustawianiem, geodezj\u0105 i pomiarami. Wykonane z wysokiej jako\u015bci materia\u0142u odblaskowego 3M i wytrzyma\u0142ej nylonowej obudowy, tarcze te zosta\u0142y zaprojektowane z my\u015bl\u0105 o sta\u0142ej wydajno\u015bci w ka\u017cdych warunkach pracy.<\/p>\n<p>Tarcza odblaskowa RT102 z uchwytem ma bia\u0142\u0105 powierzchni\u0119 odblaskow\u0105 i tarcz\u0119 o \u015brednicy 50 mm, zapewniaj\u0105c wyra\u017ane odbicie w zastosowaniach laserowych kr\u00f3tkiego i \u015bredniego zasi\u0119gu. Dost\u0119pna jest w trzech wariantach mocowania \u2014 5\/8\u2033-11, 3\/8\u2033-19 i M8 \u2014 aby pasowa\u0142a do r\u00f3\u017cnych statyw\u00f3w i konfiguracji pomiarowych.<\/p>\n<p>Tarcza odblaskowa RT103 z uchwytem oferuje \u017c\u00f3\u0142t\u0105 powierzchni\u0119 odblaskow\u0105 o \u015brednicy tarczy 60 mm, poprawiaj\u0105c widoczno\u015b\u0107 w r\u00f3\u017cnych warunkach o\u015bwietleniowych. Dost\u0119pne s\u0105 modele ze szwajcarskim czopem (okr\u0105g\u0142a podstawa) i tymi samymi wariantami monta\u017cu, co u\u0142atwia dostosowanie do warunk\u00f3w terenowych.<\/p>\n<p>Ka\u017cdy <a href=\"https:\/\/mountlaser.com\/pl\/products\/\"><strong>Arkusz odblaskowy z nadrukowanym krzy\u017cem<\/strong><\/a> Zapewnia precyzyjne celowanie laserowe, umo\u017cliwiaj\u0105c precyzyjne namierzanie \u015brodka i zwi\u0119kszaj\u0105c wydajno\u015b\u0107 pomiaru. Po\u0142\u0105czenie technologii odblaskowej 3M i wytrzyma\u0142ej nylonowej konstrukcji sprawia, \u017ce te cele s\u0105 niezawodne zar\u00f3wno w warunkach wewn\u0119trznych, jak i zewn\u0119trznych.<\/p>\n<p><img fetchpriority=\"high\" decoding=\"async\" class=\"aligncenter wp-image-3063\" src=\"https:\/\/mountlaser.com\/wp-content\/uploads\/2025\/10\/1-3RT1026.webp\" alt=\"rt102 Reflective Target sheet with holder\" width=\"500\" height=\"500\" srcset=\"https:\/\/mountlaser.com\/wp-content\/uploads\/2025\/10\/1-3RT1026.webp 1000w, https:\/\/mountlaser.com\/wp-content\/uploads\/2025\/10\/1-3RT1026-300x300.webp 300w, https:\/\/mountlaser.com\/wp-content\/uploads\/2025\/10\/1-3RT1026-400x400.webp 400w, https:\/\/mountlaser.com\/wp-content\/uploads\/2025\/10\/1-3RT1026-800x800.webp 800w, https:\/\/mountlaser.com\/wp-content\/uploads\/2025\/10\/1-3RT1026-600x600.webp 600w, https:\/\/mountlaser.com\/wp-content\/uploads\/2025\/10\/1-3RT1026-150x150.webp 150w, https:\/\/mountlaser.com\/wp-content\/uploads\/2025\/10\/1-3RT1026-768x768.webp 768w, https:\/\/mountlaser.com\/wp-content\/uploads\/2025\/10\/1-3RT1026-12x12.webp 12w\" sizes=\"(max-width: 500px) 100vw, 500px\" \/><\/p>\n<p>RT102 \/ RT103 firmy Mount Laser<a href=\"https:\/\/mountlaser.com\/pl\/contact-us\/\"> Arkusz odblaskowy z uchwytem<\/a> \u0141\u0105czy w sobie precyzj\u0119 odblaskow\u0105 3M z wytrzyma\u0142\u0105 nylonow\u0105 konstrukcj\u0105, zapewniaj\u0105c doskona\u0142\u0105 widoczno\u015b\u0107 i precyzyjne ustawienie. Odblaskowa tarcza celownicza z nadrukowanym krzy\u017cem zapewnia precyzyjne pomiary z r\u00f3\u017cnych odleg\u0142o\u015bci i w r\u00f3\u017cnych warunkach \u2014 to niezawodny wyb\u00f3r dla profesjonalist\u00f3w, kt\u00f3rzy wymagaj\u0105 dok\u0142adno\u015bci i wytrzyma\u0142o\u015bci.<\/p>","protected":false},"excerpt":{"rendered":"<ul>\n<li>Profesjonalna tarcza odblaskowa z uchwytem wykonana z materia\u0142u odblaskowego 3M<\/li>\n<li>Dost\u0119pne w bia\u0142ej (RT102) i \u017c\u00f3\u0142tej (RT103) powierzchni odblaskowej<\/li>\n<li>Odblaskowa tarcza z nadrukowanym krzy\u017cem umo\u017cliwiaj\u0105cym dok\u0142adne ustawienie lasera<\/li>\n<\/ul>","protected":false},"featured_media":3057,"comment_status":"open","ping_status":"closed","template":"","meta":[],"product_brand":[],"product_cat":[72,104],"product_tag":[],"class_list":{"0":"post-3055","1":"product","2":"type-product","3":"status-publish","4":"has-post-thumbnail","6":"product_cat-reflective-target-prism","7":"product_cat-reflective-target","9":"first","10":"instock","11":"shipping-taxable","12":"product-type-simple"},"_links":{"self":[{"href":"https:\/\/mountlaser.com\/pl\/wp-json\/wp\/v2\/product\/3055","targetHints":{"allow":["GET"]}}],"collection":[{"href":"https:\/\/mountlaser.com\/pl\/wp-json\/wp\/v2\/product"}],"about":[{"href":"https:\/\/mountlaser.com\/pl\/wp-json\/wp\/v2\/types\/product"}],"replies":[{"embeddable":true,"href":"https:\/\/mountlaser.com\/pl\/wp-json\/wp\/v2\/comments?post=3055"}],"wp:featuredmedia":[{"embeddable":true,"href":"https:\/\/mountlaser.com\/pl\/wp-json\/wp\/v2\/media\/3057"}],"wp:attachment":[{"href":"https:\/\/mountlaser.com\/pl\/wp-json\/wp\/v2\/media?parent=3055"}],"wp:term":[{"taxonomy":"product_brand","embeddable":true,"href":"https:\/\/mountlaser.com\/pl\/wp-json\/wp\/v2\/product_brand?post=3055"},{"taxonomy":"product_cat","embeddable":true,"href":"https:\/\/mountlaser.com\/pl\/wp-json\/wp\/v2\/product_cat?post=3055"},{"taxonomy":"product_tag","embeddable":true,"href":"https:\/\/mountlaser.com\/pl\/wp-json\/wp\/v2\/product_tag?post=3055"}],"curies":[{"name":"wp","href":"https:\/\/api.w.org\/{rel}","templated":true}]}}