{"id":3042,"date":"2025-10-31T05:17:25","date_gmt":"2025-10-31T05:17:25","guid":{"rendered":"https:\/\/mountlaser.com\/?post_type=product&#038;p=3042"},"modified":"2025-11-28T04:49:09","modified_gmt":"2025-11-28T04:49:09","slug":"rt-reflective-target","status":"publish","type":"product","link":"https:\/\/mountlaser.com\/pl\/produkt\/rt-reflective-target\/","title":{"rendered":"Tarcza odblaskowa RT101"},"content":{"rendered":"<p>Cel odblaskowy RT101 RT \u2013 precyzja po\u0142\u0105czona z wytrzyma\u0142o\u015bci\u0105<\/p>\n<p>RT101 <a href=\"https:\/\/mountlaser.com\/pl\/\"><strong>Seria tarcz odblaskowych RT<\/strong><\/a> od Mount Laser zosta\u0142 zaprojektowany dla profesjonalist\u00f3w, kt\u00f3rzy wymagaj\u0105 dok\u0142adno\u015bci, stabilno\u015bci i niezawodno\u015bci w ustawianiu i pomiarach laserowych. Wykonany z najwy\u017cszej jako\u015bci materia\u0142\u00f3w. <a href=\"https:\/\/mountlaser.com\/pl\/products\/\"><strong>Tarcza odblaskowa 3M<\/strong><\/a> Dzi\u0119ki materia\u0142owi i wytrzyma\u0142emu nylonowemu korpusowi RT101 gwarantuje wyj\u0105tkow\u0105 odblaskowo\u015b\u0107 i d\u0142ugotrwa\u0142\u0105 wydajno\u015b\u0107 w terenie.<\/p>\n<p>Seria sk\u0142ada si\u0119 z trzech modeli dostosowanych do r\u00f3\u017cnych potrzeb pracy:<\/p>\n<p>RT101S \u2013 konstrukcja jednostronna, powierzchnia odblaskowa 30\u00d730 mm, kompaktowa i lekka.<\/p>\n<p>RT101D \u2013 model dwustronny zapewniaj\u0105cy wi\u0119ksz\u0105 elastyczno\u015b\u0107 i szerszy zasi\u0119g odbicia.<\/p>\n<p>RT101SD \u2013 Dwustronna konfiguracja o ulepszonej konstrukcji zapewniaj\u0105cej doskona\u0142\u0105 trwa\u0142o\u015b\u0107 i precyzj\u0119.<\/p>\n<p>Ka\u017cdy cel odblaskowy RT ma wymiary 100\u00d735\u00d730 mm, co zapewnia solidn\u0105, odporn\u0105 na uderzenia konstrukcj\u0119, odporn\u0105 na trudne warunki. Materia\u0142 odblaskowy 3M zapewnia wysok\u0105 widoczno\u015b\u0107 i precyzyjny sygna\u0142 laserowy nawet z du\u017cej odleg\u0142o\u015bci, dzi\u0119ki czemu idealnie nadaje si\u0119 do zastosowa\u0144 w budownictwie, geodezji i kalibracji przemys\u0142owej.<\/p>\n<p><img fetchpriority=\"high\" decoding=\"async\" class=\"aligncenter wp-image-3050\" src=\"https:\/\/mountlaser.com\/wp-content\/uploads\/2025\/10\/1-2RT1017.webp\" alt=\"RT101S Laser reflective target\" width=\"500\" height=\"500\" srcset=\"https:\/\/mountlaser.com\/wp-content\/uploads\/2025\/10\/1-2RT1017.webp 1000w, https:\/\/mountlaser.com\/wp-content\/uploads\/2025\/10\/1-2RT1017-300x300.webp 300w, https:\/\/mountlaser.com\/wp-content\/uploads\/2025\/10\/1-2RT1017-400x400.webp 400w, https:\/\/mountlaser.com\/wp-content\/uploads\/2025\/10\/1-2RT1017-800x800.webp 800w, https:\/\/mountlaser.com\/wp-content\/uploads\/2025\/10\/1-2RT1017-600x600.webp 600w, https:\/\/mountlaser.com\/wp-content\/uploads\/2025\/10\/1-2RT1017-150x150.webp 150w, https:\/\/mountlaser.com\/wp-content\/uploads\/2025\/10\/1-2RT1017-768x768.webp 768w, https:\/\/mountlaser.com\/wp-content\/uploads\/2025\/10\/1-2RT1017-12x12.webp 12w\" sizes=\"(max-width: 500px) 100vw, 500px\" \/>G\u00f3ra Laser<a href=\"https:\/\/mountlaser.com\/pl\/contact-us\/\"> Tarcza odblaskowa RT101 RT<\/a> \u0141\u0105czy technologi\u0119 tarcz odblaskowych 3M z solidn\u0105 nylonow\u0105 konstrukcj\u0105, zapewniaj\u0105c stabilne, dobrze widoczne odbicie do profesjonalnych zada\u0144 pomiarowych. Idealne rozwi\u0105zanie dla in\u017cynier\u00f3w i geodet\u00f3w poszukuj\u0105cych niezawodnej dok\u0142adno\u015bci i d\u0142ugotrwa\u0142ej trwa\u0142o\u015bci.<\/p>","protected":false},"excerpt":{"rendered":"<ul>\n<li>Oryginalny materia\u0142 odblaskowy 3M zapewniaj\u0105cy sp\u00f3jne odbicie lasera<\/li>\n<li>Dost\u0119pne w modelach jedno- i dwustronnych (RT101S, RT101D, RT101SD)<\/li>\n<li>Korpus z wytrzyma\u0142ego nylonu zapewniaj\u0105cy doskona\u0142\u0105 trwa\u0142o\u015b\u0107<\/li>\n<li>Niezawodna wydajno\u015b\u0107 w r\u00f3\u017cnych warunkach pomiarowych<\/li>\n<\/ul>","protected":false},"featured_media":3046,"comment_status":"open","ping_status":"closed","template":"","meta":[],"product_brand":[],"product_cat":[72,104],"product_tag":[],"class_list":{"0":"post-3042","1":"product","2":"type-product","3":"status-publish","4":"has-post-thumbnail","6":"product_cat-reflective-target-prism","7":"product_cat-reflective-target","9":"first","10":"instock","11":"shipping-taxable","12":"product-type-simple"},"_links":{"self":[{"href":"https:\/\/mountlaser.com\/pl\/wp-json\/wp\/v2\/product\/3042","targetHints":{"allow":["GET"]}}],"collection":[{"href":"https:\/\/mountlaser.com\/pl\/wp-json\/wp\/v2\/product"}],"about":[{"href":"https:\/\/mountlaser.com\/pl\/wp-json\/wp\/v2\/types\/product"}],"replies":[{"embeddable":true,"href":"https:\/\/mountlaser.com\/pl\/wp-json\/wp\/v2\/comments?post=3042"}],"wp:featuredmedia":[{"embeddable":true,"href":"https:\/\/mountlaser.com\/pl\/wp-json\/wp\/v2\/media\/3046"}],"wp:attachment":[{"href":"https:\/\/mountlaser.com\/pl\/wp-json\/wp\/v2\/media?parent=3042"}],"wp:term":[{"taxonomy":"product_brand","embeddable":true,"href":"https:\/\/mountlaser.com\/pl\/wp-json\/wp\/v2\/product_brand?post=3042"},{"taxonomy":"product_cat","embeddable":true,"href":"https:\/\/mountlaser.com\/pl\/wp-json\/wp\/v2\/product_cat?post=3042"},{"taxonomy":"product_tag","embeddable":true,"href":"https:\/\/mountlaser.com\/pl\/wp-json\/wp\/v2\/product_tag?post=3042"}],"curies":[{"name":"wp","href":"https:\/\/api.w.org\/{rel}","templated":true}]}}