{"id":3038,"date":"2025-10-31T01:59:59","date_gmt":"2025-10-31T01:59:59","guid":{"rendered":"https:\/\/mountlaser.com\/?post_type=product&#038;p=3038"},"modified":"2025-11-28T04:51:00","modified_gmt":"2025-11-28T04:51:00","slug":"rt010m-reflective-sheet","status":"publish","type":"product","link":"https:\/\/mountlaser.com\/pl\/produkt\/rt010m-reflective-sheet\/","title":{"rendered":"Arkusz odblaskowy RT010M"},"content":{"rendered":"<p>RT010M Folia odblaskowa o wysokiej widoczno\u015bci \u2013 precyzyjny cel do profesjonalnych pomiar\u00f3w<\/p>\n<p>RT010M <a href=\"https:\/\/mountlaser.com\/pl\/\"><strong>Arkusz odblaskowy<\/strong><\/a> od Mount Laser zosta\u0142 zaprojektowany, aby zapewni\u0107 wyj\u0105tkow\u0105 wydajno\u015b\u0107 odbicia i dok\u0142adno\u015b\u0107 dla system\u00f3w laserowych i geodezyjnych. Wykorzystuj\u0105c autentyczne <a href=\"https:\/\/mountlaser.com\/pl\/products\/\"><strong>Folia odblaskowa 3M<\/strong><\/a> materia\u0142, produkt ten zapewnia sta\u0142\u0105 widoczno\u015b\u0107 nawet na du\u017ce odleg\u0142o\u015bci lub w warunkach s\u0142abego o\u015bwietlenia.<\/p>\n<p>Ta odblaskowa folia o wysokiej widoczno\u015bci charakteryzuje si\u0119 kompaktowym rozmiarem tarczy 10\u00d710 mm i mocnym po\u0142\u0105czeniem magnetycznym, co pozwala na jej solidne przymocowanie do powierzchni metalowych, zapewniaj\u0105c stabilne wyniki pomiar\u00f3w. Dost\u0119pna w wielu rozmiarach (20\/30\/40\/50\/60\/80\/100\/150 mm) pasuje do r\u00f3\u017cnych laserowych urz\u0105dze\u0144 pomiarowych i do ustawiania wsp\u00f3\u0142rz\u0119dnych.<\/p>\n<p><img fetchpriority=\"high\" decoding=\"async\" class=\"aligncenter wp-image-3039\" src=\"https:\/\/mountlaser.com\/wp-content\/uploads\/2025\/10\/05.webp\" alt=\"High Visibility Reflective Sheet\" width=\"500\" height=\"500\" srcset=\"https:\/\/mountlaser.com\/wp-content\/uploads\/2025\/10\/05.webp 1000w, https:\/\/mountlaser.com\/wp-content\/uploads\/2025\/10\/05-300x300.webp 300w, https:\/\/mountlaser.com\/wp-content\/uploads\/2025\/10\/05-400x400.webp 400w, https:\/\/mountlaser.com\/wp-content\/uploads\/2025\/10\/05-800x800.webp 800w, https:\/\/mountlaser.com\/wp-content\/uploads\/2025\/10\/05-600x600.webp 600w, https:\/\/mountlaser.com\/wp-content\/uploads\/2025\/10\/05-150x150.webp 150w, https:\/\/mountlaser.com\/wp-content\/uploads\/2025\/10\/05-768x768.webp 768w, https:\/\/mountlaser.com\/wp-content\/uploads\/2025\/10\/05-12x12.webp 12w\" sizes=\"(max-width: 500px) 100vw, 500px\" \/><\/p>\n<p>Szary kolor <a href=\"https:\/\/mountlaser.com\/pl\/contact-us\/\">Folia odblaskowa 3M<\/a> Powierzchnia zapewnia doskona\u0142y powr\u00f3t \u015bwiat\u0142a, poprawiaj\u0105c si\u0142\u0119 sygna\u0142u i niezawodno\u015b\u0107 pomiaru. Niezale\u017cnie od tego, czy jest stosowana w budownictwie, w przemy\u015ble, czy w kalibracji urz\u0105dze\u0144, folia odblaskowa o wysokiej widoczno\u015bci oferuje profesjonaln\u0105 precyzj\u0119 i d\u0142ugotrwa\u0142\u0105 trwa\u0142o\u015b\u0107.<\/p>","protected":false},"excerpt":{"rendered":"<ul>\n<li>Magnetyczne wi\u0105zanie zapewniaj\u0105ce \u0142atw\u0105 instalacj\u0119 i bezpieczne mocowanie<\/li>\n<li>R\u00f3\u017cne opcje rozmiar\u00f3w do wszechstronnych zastosowa\u0144<\/li>\n<li>Niezawodna refleksyjno\u015b\u0107 dla pomiar\u00f3w laserowych zar\u00f3wno kr\u00f3tkiego, jak i dalekiego zasi\u0119gu<\/li>\n<\/ul>","protected":false},"featured_media":3039,"comment_status":"open","ping_status":"closed","template":"","meta":[],"product_brand":[],"product_cat":[72,104],"product_tag":[],"class_list":{"0":"post-3038","1":"product","2":"type-product","3":"status-publish","4":"has-post-thumbnail","6":"product_cat-reflective-target-prism","7":"product_cat-reflective-target","9":"first","10":"instock","11":"shipping-taxable","12":"product-type-simple"},"_links":{"self":[{"href":"https:\/\/mountlaser.com\/pl\/wp-json\/wp\/v2\/product\/3038","targetHints":{"allow":["GET"]}}],"collection":[{"href":"https:\/\/mountlaser.com\/pl\/wp-json\/wp\/v2\/product"}],"about":[{"href":"https:\/\/mountlaser.com\/pl\/wp-json\/wp\/v2\/types\/product"}],"replies":[{"embeddable":true,"href":"https:\/\/mountlaser.com\/pl\/wp-json\/wp\/v2\/comments?post=3038"}],"wp:featuredmedia":[{"embeddable":true,"href":"https:\/\/mountlaser.com\/pl\/wp-json\/wp\/v2\/media\/3039"}],"wp:attachment":[{"href":"https:\/\/mountlaser.com\/pl\/wp-json\/wp\/v2\/media?parent=3038"}],"wp:term":[{"taxonomy":"product_brand","embeddable":true,"href":"https:\/\/mountlaser.com\/pl\/wp-json\/wp\/v2\/product_brand?post=3038"},{"taxonomy":"product_cat","embeddable":true,"href":"https:\/\/mountlaser.com\/pl\/wp-json\/wp\/v2\/product_cat?post=3038"},{"taxonomy":"product_tag","embeddable":true,"href":"https:\/\/mountlaser.com\/pl\/wp-json\/wp\/v2\/product_tag?post=3038"}],"curies":[{"name":"wp","href":"https:\/\/api.w.org\/{rel}","templated":true}]}}