{"id":3032,"date":"2025-10-30T09:13:49","date_gmt":"2025-10-30T09:13:49","guid":{"rendered":"https:\/\/mountlaser.com\/?post_type=product&#038;p=3032"},"modified":"2025-11-28T04:52:13","modified_gmt":"2025-11-28T04:52:13","slug":"rt010-reflective-sheet","status":"publish","type":"product","link":"https:\/\/mountlaser.com\/pl\/produkt\/rt010-reflective-sheet\/","title":{"rendered":"RT010 Folia odblaskowa"},"content":{"rendered":"<p>Zapewnij sobie maksymaln\u0105 przejrzysto\u015b\u0107 i precyzj\u0119 widocznych cel\u00f3w geodezyjnych dzi\u0119ki MountLaser <a href=\"https:\/\/mountlaser.com\/pl\/\"><strong>RT010 Folia odblaskowa<\/strong><\/a>. Zaprojektowana dla profesjonalist\u00f3w, kt\u00f3rzy wymagaj\u0105 bezkompromisowej widoczno\u015bci, ta wysokowydajna folia wykorzystuje oryginalne <a href=\"https:\/\/mountlaser.com\/pl\/products\/\"><strong>Folia odblaskowa 3M<\/strong><\/a> materia\u0142, lider w bran\u017cy technologii odblaskowej. Dost\u0119pna w kolorze \u017c\u00f3\u0142tym o wysokiej widoczno\u015bci i standardowej bieli, folia odblaskowa RT010 zapewnia wyj\u0105tkowy sygna\u0142 zwrotny dla szerokiej gamy elektronicznych przyrz\u0105d\u00f3w pomiarowych, co czyni j\u0105 niezb\u0119dn\u0105 foli\u0105 odblaskow\u0105 o wysokiej widoczno\u015bci do wszystkich prac terenowych.<\/p>\n<p><img fetchpriority=\"high\" decoding=\"async\" class=\"aligncenter wp-image-3035\" src=\"https:\/\/mountlaser.com\/wp-content\/uploads\/2025\/10\/03.webp\" alt=\"3m reflective sheet\" width=\"500\" height=\"500\" srcset=\"https:\/\/mountlaser.com\/wp-content\/uploads\/2025\/10\/03.webp 1000w, https:\/\/mountlaser.com\/wp-content\/uploads\/2025\/10\/03-300x300.webp 300w, https:\/\/mountlaser.com\/wp-content\/uploads\/2025\/10\/03-400x400.webp 400w, https:\/\/mountlaser.com\/wp-content\/uploads\/2025\/10\/03-800x800.webp 800w, https:\/\/mountlaser.com\/wp-content\/uploads\/2025\/10\/03-600x600.webp 600w, https:\/\/mountlaser.com\/wp-content\/uploads\/2025\/10\/03-150x150.webp 150w, https:\/\/mountlaser.com\/wp-content\/uploads\/2025\/10\/03-768x768.webp 768w, https:\/\/mountlaser.com\/wp-content\/uploads\/2025\/10\/03-12x12.webp 12w\" sizes=\"(max-width: 500px) 100vw, 500px\" \/><\/p>\n<p>Podstaw\u0105 dzia\u0142ania tego produktu jest jego najwy\u017csza jako\u015b\u0107 <a href=\"https:\/\/mountlaser.com\/pl\/contact-us\/\">Folia odblaskowa 3M<\/a> pow\u0142oka, kt\u00f3ra zapewnia wysok\u0105 jasno\u015b\u0107 i daleki zasi\u0119g wykrywania, nawet w warunkach s\u0142abego o\u015bwietlenia. Dzi\u0119ki temu pryzmaty i obiekty s\u0105 \u0142atwo wykrywane przez tachimetry i skanery laserowe, co zwi\u0119ksza wydajno\u015b\u0107 i dok\u0142adno\u015b\u0107 w miejscu pracy. RT010 to wszechstronny materia\u0142 odblaskowy o wysokiej widoczno\u015bci, dostarczany z mocnym klejem, umo\u017cliwiaj\u0105cym szybkie i trwa\u0142e przyklejenie do r\u00f3\u017cnych czystych i suchych powierzchni. Standardowy rozmiar obiektu to 10*10 mm, ale oferujemy niezr\u00f3wnan\u0105 elastyczno\u015b\u0107 dzi\u0119ki szerokiej gamie opcjonalnych rozmiar\u00f3w 20\/30\/40\/50\/60\/80\/100\/150 mm, gwarantuj\u0105c idealn\u0105 foli\u0119 odblaskow\u0105 3M do ka\u017cdego zastosowania.<\/p>","protected":false},"excerpt":{"rendered":"<ul>\n<li>Zapewnia intensywn\u0105 jasno\u015b\u0107 i doskona\u0142\u0105 widoczno\u015b\u0107 na du\u017ce odleg\u0142o\u015bci dla instrument\u00f3w geodezyjnych.<\/li>\n<li>Dost\u0119pne w kolorze \u017c\u00f3\u0142tym o wysokiej widoczno\u015bci i standardowej bieli, dostosowane do r\u00f3\u017cnych potrzeb i typ\u00f3w t\u0142a.<\/li>\n<li>Wi\u0119ksza efektywno\u015b\u0107 pomiar\u00f3w geodezyjnych: Zwi\u0119ksza szybko\u015b\u0107 i dok\u0142adno\u015b\u0107 blokowania instrumentu, skracaj\u0105c czas potrzebny na pozyskanie celu.<\/li>\n<\/ul>","protected":false},"featured_media":3033,"comment_status":"open","ping_status":"closed","template":"","meta":[],"product_brand":[],"product_cat":[72,104],"product_tag":[],"class_list":{"0":"post-3032","1":"product","2":"type-product","3":"status-publish","4":"has-post-thumbnail","6":"product_cat-reflective-target-prism","7":"product_cat-reflective-target","9":"first","10":"instock","11":"shipping-taxable","12":"product-type-simple"},"_links":{"self":[{"href":"https:\/\/mountlaser.com\/pl\/wp-json\/wp\/v2\/product\/3032","targetHints":{"allow":["GET"]}}],"collection":[{"href":"https:\/\/mountlaser.com\/pl\/wp-json\/wp\/v2\/product"}],"about":[{"href":"https:\/\/mountlaser.com\/pl\/wp-json\/wp\/v2\/types\/product"}],"replies":[{"embeddable":true,"href":"https:\/\/mountlaser.com\/pl\/wp-json\/wp\/v2\/comments?post=3032"}],"wp:featuredmedia":[{"embeddable":true,"href":"https:\/\/mountlaser.com\/pl\/wp-json\/wp\/v2\/media\/3033"}],"wp:attachment":[{"href":"https:\/\/mountlaser.com\/pl\/wp-json\/wp\/v2\/media?parent=3032"}],"wp:term":[{"taxonomy":"product_brand","embeddable":true,"href":"https:\/\/mountlaser.com\/pl\/wp-json\/wp\/v2\/product_brand?post=3032"},{"taxonomy":"product_cat","embeddable":true,"href":"https:\/\/mountlaser.com\/pl\/wp-json\/wp\/v2\/product_cat?post=3032"},{"taxonomy":"product_tag","embeddable":true,"href":"https:\/\/mountlaser.com\/pl\/wp-json\/wp\/v2\/product_tag?post=3032"}],"curies":[{"name":"wp","href":"https:\/\/api.w.org\/{rel}","templated":true}]}}