{"id":3031,"date":"2025-10-30T08:41:56","date_gmt":"2025-10-30T08:41:56","guid":{"rendered":"https:\/\/mountlaser.com\/?post_type=product&#038;p=3031"},"modified":"2025-11-28T04:53:35","modified_gmt":"2025-11-28T04:53:35","slug":"n22002-heavy-duty-carbon-fiber-tripod","status":"publish","type":"product","link":"https:\/\/mountlaser.com\/pl\/produkt\/n22002-heavy-duty-carbon-fiber-tripod\/","title":{"rendered":"N22002 Wytrzyma\u0142y statyw z w\u0142\u00f3kna w\u0119glowego"},"content":{"rendered":"<p>Zwi\u0119ksz precyzj\u0119 pomiar\u00f3w geodezyjnych dzi\u0119ki MountLaser <a href=\"https:\/\/mountlaser.com\/pl\/\"><strong>N22002 Wytrzyma\u0142y statyw z w\u0142\u00f3kna w\u0119glowego<\/strong><\/a>, najlepszy wyb\u00f3r dla profesjonalist\u00f3w, kt\u00f3rzy nie id\u0105 na kompromis mi\u0119dzy stabilno\u015bci\u0105 a mobilno\u015bci\u0105. To nie jest zwyk\u0142y statyw; wytrzyma\u0142y statyw z w\u0142\u00f3kna w\u0119glowego N22002 to platforma geodezyjna zaprojektowana z my\u015bl\u0105 o najbardziej wymagaj\u0105cych miejscach pracy.<\/p>\n<p>Sercem konstrukcji jest wytrzyma\u0142y, dwuzaciskowy statyw z w\u0142\u00f3kna w\u0119glowego Heavy Duty. Ta innowacyjna konstrukcja \u0142\u0105czy w sobie du\u017cy aluminiowy zacisk do szybkiej regulacji z precyzyjn\u0105 mosi\u0119\u017cn\u0105 \u015brub\u0105 motylkow\u0105 do precyzyjnego dostrojenia i maksymalnej blokady, zapewniaj\u0105c niezr\u00f3wnan\u0105 stabilno\u015b\u0107 i d\u0142ug\u0105 \u017cywotno\u015b\u0107. W po\u0142\u0105czeniu z nogami z w\u0142\u00f3kna w\u0119glowego o wysokiej wytrzyma\u0142o\u015bci, ten statyw oferuje\u2026 <a href=\"https:\/\/mountlaser.com\/pl\/about-us\/\"><strong>Wytrzyma\u0142y statyw z w\u0142\u00f3kna w\u0119glowego z okr\u0105g\u0142\u0105 g\u0142owic\u0105<\/strong><\/a> charakteryzuje si\u0119 niezwyk\u0142\u0105 wytrzyma\u0142o\u015bci\u0105 przy jednoczesnym zachowaniu minimalnej wagi, dzi\u0119ki czemu jest idealnym towarzyszem d\u0142ugich godzin sp\u0119dzonych w terenie.<img fetchpriority=\"high\" decoding=\"async\" class=\"aligncenter wp-image-3024\" src=\"https:\/\/mountlaser.com\/wp-content\/uploads\/2025\/10\/N220022.webp\" alt=\"Heavy Duty Carbon Fiber Round Head Tripod\" width=\"500\" height=\"500\" srcset=\"https:\/\/mountlaser.com\/wp-content\/uploads\/2025\/10\/N220022.webp 1000w, https:\/\/mountlaser.com\/wp-content\/uploads\/2025\/10\/N220022-300x300.webp 300w, https:\/\/mountlaser.com\/wp-content\/uploads\/2025\/10\/N220022-400x400.webp 400w, https:\/\/mountlaser.com\/wp-content\/uploads\/2025\/10\/N220022-800x800.webp 800w, https:\/\/mountlaser.com\/wp-content\/uploads\/2025\/10\/N220022-600x600.webp 600w, https:\/\/mountlaser.com\/wp-content\/uploads\/2025\/10\/N220022-150x150.webp 150w, https:\/\/mountlaser.com\/wp-content\/uploads\/2025\/10\/N220022-768x768.webp 768w, https:\/\/mountlaser.com\/wp-content\/uploads\/2025\/10\/N220022-12x12.webp 12w\" sizes=\"(max-width: 500px) 100vw, 500px\" \/><\/p>\n<p>Wszechstronno\u015b\u0107 tego <a href=\"https:\/\/mountlaser.com\/pl\/contact-us\/\">Wytrzyma\u0142y statyw z w\u0142\u00f3kna w\u0119glowego z okr\u0105g\u0142\u0105 g\u0142owic\u0105<\/a> Gwarantuje to standardowy mosi\u0119\u017cny trzpie\u0144 z gwintem 5\/8\u2033-11, kt\u00f3ry zapewnia idealne i bezpieczne dopasowanie do ka\u017cdego u\u017cywanego instrumentu geodezyjnego. Ka\u017cdy detal zosta\u0142 zaprojektowany z my\u015bl\u0105 o trwa\u0142o\u015bci, od \u015brub \u0142\u0105cz\u0105cych wykonanych w ca\u0142o\u015bci ze stali nierdzewnej, po kluczowy system mocowania n\u00f3g, kt\u00f3ry zapobiega przypadkowemu wypadni\u0119ciu na \u015bliskich powierzchniach. Dla wi\u0119kszego bezpiecze\u0144stwa i wygody, do zestawu do\u0142\u0105czono pasek na rami\u0119 z odblaskowym paskiem i podk\u0142adk\u0105. Dost\u0119pny jest oddzielny, wytrzyma\u0142y pokrowiec z nylonu 1200D (SC85013) zapewniaj\u0105cy maksymaln\u0105 ochron\u0119 podczas transportu.<\/p>\n<p>Specyfikacja wytrzyma\u0142ego statywu z w\u0142\u00f3kna w\u0119glowego<\/p>\n<table style=\"border-collapse: collapse; width: 548.27pt;\" border=\"0\" width=\"731\" cellspacing=\"0\" cellpadding=\"0\">\n<tbody>\n<tr style=\"height: 14.25pt;\">\n<td class=\"et2\" style=\"height: 14.25pt; width: 54.00pt;\" width=\"72\" height=\"19\">NUMER<\/td>\n<td class=\"et2\" style=\"width: 82.50pt;\" width=\"110\">TYP ZAMKA<\/td>\n<td class=\"et2\" style=\"width: 87.75pt;\" width=\"117\">NOGI<\/td>\n<td class=\"et2\" style=\"width: 93.75pt;\" width=\"125\">WAGI<\/td>\n<td class=\"et2\" style=\"width: 87.00pt;\" width=\"116\">ROZSZERZENIE<\/td>\n<td class=\"et2\" style=\"width: 89.25pt;\" width=\"119\">G\u0141OWA<\/td>\n<td class=\"et2\" style=\"width: 54.00pt;\" width=\"72\">SPRZ\u0118T KOMPUTEROWY<\/td>\n<\/tr>\n<tr style=\"height: 14.25pt;\">\n<td class=\"et2\" style=\"height: 14.25pt;\" height=\"19\">N22002<\/td>\n<td class=\"et2\">Podw\u00f3jny zacisk<\/td>\n<td class=\"et2\">W\u0142\u00f3kno w\u0119glowe<\/td>\n<td class=\"et2\">6,35 kg<\/td>\n<td class=\"et2\">179 cm<\/td>\n<td class=\"et2\">Okr\u0105g\u0142y<\/td>\n<td class=\"et2\">Flo pomara\u0144czowy<\/td>\n<\/tr>\n<\/tbody>\n<\/table>","protected":false},"excerpt":{"rendered":"<ul>\n<li>System podw\u00f3jnego zacisku: wyposa\u017cony w du\u017cy aluminiowy zacisk szybkiego monta\u017cu i mosi\u0119\u017cn\u0105 \u015brub\u0119 skrzyde\u0142kow\u0105, co zapewnia dodatkow\u0105 stabilno\u015b\u0107 i d\u0142ug\u0105 \u017cywotno\u015b\u0107.<\/li>\n<li>Uniwersalna zgodno\u015b\u0107: Standardowy mosi\u0119\u017cny trzpie\u0144 gwintowany 5\/8\u2033-11 pasuje do ka\u017cdego urz\u0105dzenia pomiarowego.<\/li>\n<li>Zwi\u0119kszone bezpiecze\u0144stwo: System podtrzymuj\u0105cy zapobiega wypadni\u0119ciu nogi i przypadkowym upadkom<\/li>\n<\/ul>","protected":false},"featured_media":3025,"comment_status":"open","ping_status":"closed","template":"","meta":[],"product_brand":[],"product_cat":[91,110],"product_tag":[],"class_list":{"0":"post-3031","1":"product","2":"type-product","3":"status-publish","4":"has-post-thumbnail","6":"product_cat-bipod-tripod","7":"product_cat-carbon-fiber-tripod","9":"first","10":"instock","11":"shipping-taxable","12":"product-type-simple"},"_links":{"self":[{"href":"https:\/\/mountlaser.com\/pl\/wp-json\/wp\/v2\/product\/3031","targetHints":{"allow":["GET"]}}],"collection":[{"href":"https:\/\/mountlaser.com\/pl\/wp-json\/wp\/v2\/product"}],"about":[{"href":"https:\/\/mountlaser.com\/pl\/wp-json\/wp\/v2\/types\/product"}],"replies":[{"embeddable":true,"href":"https:\/\/mountlaser.com\/pl\/wp-json\/wp\/v2\/comments?post=3031"}],"wp:featuredmedia":[{"embeddable":true,"href":"https:\/\/mountlaser.com\/pl\/wp-json\/wp\/v2\/media\/3025"}],"wp:attachment":[{"href":"https:\/\/mountlaser.com\/pl\/wp-json\/wp\/v2\/media?parent=3031"}],"wp:term":[{"taxonomy":"product_brand","embeddable":true,"href":"https:\/\/mountlaser.com\/pl\/wp-json\/wp\/v2\/product_brand?post=3031"},{"taxonomy":"product_cat","embeddable":true,"href":"https:\/\/mountlaser.com\/pl\/wp-json\/wp\/v2\/product_cat?post=3031"},{"taxonomy":"product_tag","embeddable":true,"href":"https:\/\/mountlaser.com\/pl\/wp-json\/wp\/v2\/product_tag?post=3031"}],"curies":[{"name":"wp","href":"https:\/\/api.w.org\/{rel}","templated":true}]}}