{"id":3014,"date":"2025-10-29T09:13:37","date_gmt":"2025-10-29T09:13:37","guid":{"rendered":"https:\/\/mountlaser.com\/?post_type=product&#038;p=3014"},"modified":"2025-11-28T04:54:52","modified_gmt":"2025-11-28T04:54:52","slug":"cls33c-carbon-fiber-thumb-release-tripod","status":"publish","type":"product","link":"https:\/\/mountlaser.com\/pl\/produkt\/cls33c-carbon-fiber-thumb-release-tripod\/","title":{"rendered":"Statyw z w\u0142\u00f3kna w\u0119glowego CLS33C z zwalniaczem kciukowym"},"content":{"rendered":"<p><a href=\"https:\/\/mountlaser.com\/pl\/\"><strong>Statyw z w\u0142\u00f3kna w\u0119glowego CLS33C z zwalniaczem kciukowym<\/strong><\/a> od Mount Laser. Zaprojektowany dla nowoczesnego geodety, kt\u00f3ry porusza si\u0119 w trudnym terenie, ten zaawansowany statyw z w\u0142\u00f3kna w\u0119glowego z funkcj\u0105 zwalniania kciukiem na nowo definiuje mobilno\u015b\u0107 bez uszczerbku dla stabilno\u015bci. To najlepsze rozwi\u0105zanie do podparcia tyczki pryzmatycznej, oferuj\u0105ce znaczn\u0105 redukcj\u0119 wagi w por\u00f3wnaniu z tradycyjnymi modelami aluminiowymi, co u\u0142atwia przenoszenie podczas d\u0142ugich zmian bez utraty precyzji.<\/p>\n<p>&nbsp;<\/p>\n<p><img fetchpriority=\"high\" decoding=\"async\" class=\"aligncenter wp-image-3019\" src=\"https:\/\/mountlaser.com\/wp-content\/uploads\/2025\/10\/CLS33C-5.webp\" alt=\"Carbon Fiber Tripod with Thumb Release\" width=\"500\" height=\"500\" srcset=\"https:\/\/mountlaser.com\/wp-content\/uploads\/2025\/10\/CLS33C-5.webp 1000w, https:\/\/mountlaser.com\/wp-content\/uploads\/2025\/10\/CLS33C-5-300x300.webp 300w, https:\/\/mountlaser.com\/wp-content\/uploads\/2025\/10\/CLS33C-5-400x400.webp 400w, https:\/\/mountlaser.com\/wp-content\/uploads\/2025\/10\/CLS33C-5-800x800.webp 800w, https:\/\/mountlaser.com\/wp-content\/uploads\/2025\/10\/CLS33C-5-600x600.webp 600w, https:\/\/mountlaser.com\/wp-content\/uploads\/2025\/10\/CLS33C-5-150x150.webp 150w, https:\/\/mountlaser.com\/wp-content\/uploads\/2025\/10\/CLS33C-5-768x768.webp 768w, https:\/\/mountlaser.com\/wp-content\/uploads\/2025\/10\/CLS33C-5-12x12.webp 12w\" sizes=\"(max-width: 500px) 100vw, 500px\" \/><\/p>\n<p>Model CLS33C zosta\u0142 zaprojektowany z my\u015bl\u0105 o doskona\u0142o\u015bci, wyposa\u017cony w solidn\u0105, polerowan\u0105, czarn\u0105 rur\u0119 wewn\u0119trzn\u0105 z aluminium (\u015brednica zewn\u0119trzna 18 mm) po\u0142\u0105czon\u0105 z wytrzyma\u0142\u0105 rur\u0105 zewn\u0119trzn\u0105 z w\u0142\u00f3kna w\u0119glowego (\u015brednica zewn\u0119trzna 25 mm). Ta innowacyjna konstrukcja sprawia, \u017ce jest on wyj\u0105tkowo wytrzyma\u0142y, a jednocze\u015bnie lekki. <a href=\"https:\/\/mountlaser.com\/pl\/products\/\"><strong>Statyw z w\u0142\u00f3kna w\u0119glowego z wyzwalaczem kciukowym<\/strong><\/a>, skutecznie minimalizuj\u0105c wibracje i zapewniaj\u0105c dok\u0142adniejsze odczyty. Posiada pe\u0142ne 180 cm wysuwu, co pozwala sprosta\u0107 zr\u00f3\u017cnicowanym wymaganiom na placu budowy. Szybki mechanizm zwalniania kciukiem umo\u017cliwia szybkie rozk\u0142adanie jedn\u0105 r\u0119k\u0105, co umacnia jego pozycj\u0119 jako najwy\u017cszej klasy statywu z w\u0142\u00f3kna w\u0119glowego z funkcj\u0105 zwalniania kciukiem, co zapewnia wydajn\u0105 prac\u0119 w terenie. Wszechstronno\u015b\u0107 statywu zwi\u0119kszaj\u0105 zdejmowane n\u00f3\u017cki, kt\u00f3re zapewniaj\u0105 doskona\u0142\u0105 adaptacj\u0119 na nier\u00f3wnych powierzchniach i u\u0142atwiaj\u0105 transport.<\/p>","protected":false},"excerpt":{"rendered":"<ul>\n<li>Zdejmowane gumowe n\u00f3\u017cki: zapewniaj\u0105 wi\u0119ksz\u0105 stabilno\u015b\u0107 na nier\u00f3wnym pod\u0142o\u017cu, \u0142atw\u0105 konserwacj\u0119 i kompaktowe wymiary urz\u0105dzenia.<\/li>\n<li>Kompletny zestaw przeno\u015bny: zawiera mi\u0119kki pokrowiec i wewn\u0119trzne pude\u0142ko zapewniaj\u0105ce wygodny i bezpieczny transport.<\/li>\n<\/ul>","protected":false},"featured_media":3016,"comment_status":"open","ping_status":"closed","template":"","meta":[],"product_brand":[],"product_cat":[109,110,91],"product_tag":[],"class_list":{"0":"post-3014","1":"product","2":"type-product","3":"status-publish","4":"has-post-thumbnail","6":"product_cat-thumb-release-tripod-for-pole","7":"product_cat-carbon-fiber-tripod","8":"product_cat-bipod-tripod","10":"first","11":"instock","12":"shipping-taxable","13":"product-type-simple"},"_links":{"self":[{"href":"https:\/\/mountlaser.com\/pl\/wp-json\/wp\/v2\/product\/3014","targetHints":{"allow":["GET"]}}],"collection":[{"href":"https:\/\/mountlaser.com\/pl\/wp-json\/wp\/v2\/product"}],"about":[{"href":"https:\/\/mountlaser.com\/pl\/wp-json\/wp\/v2\/types\/product"}],"replies":[{"embeddable":true,"href":"https:\/\/mountlaser.com\/pl\/wp-json\/wp\/v2\/comments?post=3014"}],"wp:featuredmedia":[{"embeddable":true,"href":"https:\/\/mountlaser.com\/pl\/wp-json\/wp\/v2\/media\/3016"}],"wp:attachment":[{"href":"https:\/\/mountlaser.com\/pl\/wp-json\/wp\/v2\/media?parent=3014"}],"wp:term":[{"taxonomy":"product_brand","embeddable":true,"href":"https:\/\/mountlaser.com\/pl\/wp-json\/wp\/v2\/product_brand?post=3014"},{"taxonomy":"product_cat","embeddable":true,"href":"https:\/\/mountlaser.com\/pl\/wp-json\/wp\/v2\/product_cat?post=3014"},{"taxonomy":"product_tag","embeddable":true,"href":"https:\/\/mountlaser.com\/pl\/wp-json\/wp\/v2\/product_tag?post=3014"}],"curies":[{"name":"wp","href":"https:\/\/api.w.org\/{rel}","templated":true}]}}