{"id":3006,"date":"2025-10-29T08:53:57","date_gmt":"2025-10-29T08:53:57","guid":{"rendered":"https:\/\/mountlaser.com\/?post_type=product&#038;p=3006"},"modified":"2025-11-28T04:56:07","modified_gmt":"2025-11-28T04:56:07","slug":"cls33a-thumb-release-tripod-for-pole","status":"publish","type":"product","link":"https:\/\/mountlaser.com\/pl\/produkt\/cls33a-thumb-release-tripod-for-pole\/","title":{"rendered":"Statyw CLS33A z mechanizmem zwalniaj\u0105cym kciuk do dr\u0105\u017cka"},"content":{"rendered":"<p>Przedstawiamy <a href=\"https:\/\/mountlaser.com\/pl\/\"><strong>Statyw CLS33A z mechanizmem zwalniaj\u0105cym kciuk do dr\u0105\u017cka<\/strong><\/a>, Zaprojektowany dla geodet\u00f3w, kt\u00f3rzy wymagaj\u0105 zar\u00f3wno szybko\u015bci, jak i niezmiennej stabilno\u015bci w terenie. Ten profesjonalny statyw geodezyjny z otwieraniem kciukiem zosta\u0142 zaprojektowany, aby usprawni\u0107 Twoj\u0105 prac\u0119. Dost\u0119pny w dw\u00f3ch wyrazistych, dobrze widocznych kolorach: CLS33A-RD, otwierany kciukiem statyw do tyczki (czerwony) i CLS33A-GN, otwierany kciukiem statyw do tyczki (zielony). Statyw CLS33A, otwierany kciukiem statyw do tyczki, reprezentuje nowy etap w ewolucji przeno\u015bnych system\u00f3w podparcia, oferuj\u0105c idealn\u0105 r\u00f3wnowag\u0119 mi\u0119dzy solidn\u0105 konstrukcj\u0105 a innowacyjno\u015bci\u0105 zorientowan\u0105 na u\u017cytkownika.<\/p>\n<p><img fetchpriority=\"high\" decoding=\"async\" class=\"aligncenter wp-image-3010\" src=\"https:\/\/mountlaser.com\/wp-content\/uploads\/2025\/10\/\u7eff\u8272-CLS33A-2.webp\" alt=\"Thumb Release Surveying Tripod\" width=\"500\" height=\"500\" srcset=\"https:\/\/mountlaser.com\/wp-content\/uploads\/2025\/10\/\u7eff\u8272-CLS33A-2.webp 1000w, https:\/\/mountlaser.com\/wp-content\/uploads\/2025\/10\/\u7eff\u8272-CLS33A-2-300x300.webp 300w, https:\/\/mountlaser.com\/wp-content\/uploads\/2025\/10\/\u7eff\u8272-CLS33A-2-400x400.webp 400w, https:\/\/mountlaser.com\/wp-content\/uploads\/2025\/10\/\u7eff\u8272-CLS33A-2-800x800.webp 800w, https:\/\/mountlaser.com\/wp-content\/uploads\/2025\/10\/\u7eff\u8272-CLS33A-2-600x600.webp 600w, https:\/\/mountlaser.com\/wp-content\/uploads\/2025\/10\/\u7eff\u8272-CLS33A-2-150x150.webp 150w, https:\/\/mountlaser.com\/wp-content\/uploads\/2025\/10\/\u7eff\u8272-CLS33A-2-768x768.webp 768w, https:\/\/mountlaser.com\/wp-content\/uploads\/2025\/10\/\u7eff\u8272-CLS33A-2-12x12.webp 12w\" sizes=\"(max-width: 500px) 100vw, 500px\" \/><\/p>\n<p>Zaprojektowany z my\u015bl\u0105 o trwa\u0142o\u015bci, statyw CLS33A posiada polerowan\u0105, czarn\u0105, aluminiow\u0105 rur\u0119 wewn\u0119trzn\u0105 (\u015brednica zewn\u0119trzna 18 mm) i grubsz\u0105, kolorow\u0105, aluminiow\u0105 rur\u0119 zewn\u0119trzn\u0105 (\u015brednica zewn\u0119trzna 25 mm). Ten wytrzyma\u0142y statyw geodezyjny z wysuwanym kciukiem zapewnia pe\u0142ne 180 cm wysuwu, zapewniaj\u0105c wysoko\u015b\u0107 potrzebn\u0105 do pokonywania trudnego terenu. Jego cech\u0105 charakterystyczn\u0105 jest szybki mechanizm zwalniania kciukiem, kt\u00f3ry umo\u017cliwia szybk\u0105 regulacj\u0119 jedn\u0105 r\u0119k\u0105, co umacnia jego rol\u0119 jako niezb\u0119dnego statywu. <a href=\"https:\/\/mountlaser.com\/pl\/about-us\/\"><strong>Statyw geodezyjny z funkcj\u0105 zwalniania kciuka<\/strong><\/a> Do ka\u017cdego dynamicznego miejsca pracy. Kluczow\u0105 zalet\u0105 jest zdejmowana stopka, kt\u00f3ra zapewnia lepsz\u0105 adaptacj\u0119 do nier\u00f3wnych powierzchni oraz upraszcza konserwacj\u0119 i transport. W komplecie z mi\u0119kkim futera\u0142em i wewn\u0119trznym pude\u0142kiem, ten statyw to idealne rozwi\u0105zanie do wydajnych i dok\u0142adnych pomiar\u00f3w.<\/p>","protected":false},"excerpt":{"rendered":"<ul>\n<li>Zapewnia wyj\u0105tkowy zakres wysoko\u015bci umo\u017cliwiaj\u0105cy dostosowanie do r\u00f3\u017cnych potrzeb geodezyjnych i trudnych warunk\u00f3w.<\/li>\n<li>Zapewniaj\u0105 doskona\u0142\u0105 adaptacj\u0119 do nier\u00f3wnego pod\u0142o\u017ca i pozwalaj\u0105 na \u0142atwe czyszczenie lub wymian\u0119.<\/li>\n<li>W zestawie znajduje si\u0119 mi\u0119kki pokrowiec i wewn\u0119trzne pude\u0142ko zapewniaj\u0105ce wygodny i bezpieczny transport i przechowywanie.<\/li>\n<\/ul>","protected":false},"featured_media":3007,"comment_status":"open","ping_status":"closed","template":"","meta":[],"product_brand":[],"product_cat":[91,109],"product_tag":[],"class_list":{"0":"post-3006","1":"product","2":"type-product","3":"status-publish","4":"has-post-thumbnail","6":"product_cat-bipod-tripod","7":"product_cat-thumb-release-tripod-for-pole","9":"first","10":"instock","11":"shipping-taxable","12":"product-type-simple"},"_links":{"self":[{"href":"https:\/\/mountlaser.com\/pl\/wp-json\/wp\/v2\/product\/3006","targetHints":{"allow":["GET"]}}],"collection":[{"href":"https:\/\/mountlaser.com\/pl\/wp-json\/wp\/v2\/product"}],"about":[{"href":"https:\/\/mountlaser.com\/pl\/wp-json\/wp\/v2\/types\/product"}],"replies":[{"embeddable":true,"href":"https:\/\/mountlaser.com\/pl\/wp-json\/wp\/v2\/comments?post=3006"}],"wp:featuredmedia":[{"embeddable":true,"href":"https:\/\/mountlaser.com\/pl\/wp-json\/wp\/v2\/media\/3007"}],"wp:attachment":[{"href":"https:\/\/mountlaser.com\/pl\/wp-json\/wp\/v2\/media?parent=3006"}],"wp:term":[{"taxonomy":"product_brand","embeddable":true,"href":"https:\/\/mountlaser.com\/pl\/wp-json\/wp\/v2\/product_brand?post=3006"},{"taxonomy":"product_cat","embeddable":true,"href":"https:\/\/mountlaser.com\/pl\/wp-json\/wp\/v2\/product_cat?post=3006"},{"taxonomy":"product_tag","embeddable":true,"href":"https:\/\/mountlaser.com\/pl\/wp-json\/wp\/v2\/product_tag?post=3006"}],"curies":[{"name":"wp","href":"https:\/\/api.w.org\/{rel}","templated":true}]}}