{"id":2997,"date":"2025-10-29T08:41:11","date_gmt":"2025-10-29T08:41:11","guid":{"rendered":"https:\/\/mountlaser.com\/?post_type=product&#038;p=2997"},"modified":"2025-11-28T04:57:27","modified_gmt":"2025-11-28T04:57:27","slug":"dz33a-thumb-release-tripod-for-pole","status":"publish","type":"product","link":"https:\/\/mountlaser.com\/pl\/produkt\/dz33a-thumb-release-tripod-for-pole\/","title":{"rendered":"Statyw DZ33A z mechanizmem zwalniaj\u0105cym kciuk do tyczek"},"content":{"rendered":"<p>Poznaj <a href=\"https:\/\/mountlaser.com\/pl\/\"><strong>Statyw DZ33A z mechanizmem zwalniaj\u0105cym kciuk do tyczek<\/strong><\/a>, idealne rozwi\u0105zanie dla geodet\u00f3w, kt\u00f3rzy nie chc\u0105 i\u015b\u0107 na kompromis mi\u0119dzy doskona\u0142\u0105 stabilno\u015bci\u0105 a szybkim rozstawianiem. Zaprojektowany z my\u015bl\u0105 o profesjonalistach, ten wszechstronny statyw pryzmatyczny z zwalnianiem kciukiem jest dost\u0119pny w trzech dobrze widocznych kolorach: DZ33A-RW z zwalnianiem kciukiem do tyczki (czerwono-bia\u0142y), DZ33A-YL z zwalnianiem kciukiem do tyczki (\u017c\u00f3\u0142ty) oraz DZ33A-BK z zwalnianiem kciukiem do tyczki (czarny), zapewniaj\u0105c styl i zwi\u0119kszone bezpiecze\u0144stwo na miejscu pracy. Ten wytrzyma\u0142y, aluminiowy statyw pryzmatyczny z zwalnianiem kciukiem stanowi solidny fundament dla najwa\u017cniejszych pomiar\u00f3w.<img fetchpriority=\"high\" decoding=\"async\" class=\"aligncenter wp-image-3002\" src=\"https:\/\/mountlaser.com\/wp-content\/uploads\/2025\/10\/DZ33A-\u7ea2\u767d3.webp\" alt=\"Aluminum Prism Pole Tripod\" width=\"500\" height=\"500\" srcset=\"https:\/\/mountlaser.com\/wp-content\/uploads\/2025\/10\/DZ33A-\u7ea2\u767d3.webp 1000w, https:\/\/mountlaser.com\/wp-content\/uploads\/2025\/10\/DZ33A-\u7ea2\u767d3-300x300.webp 300w, https:\/\/mountlaser.com\/wp-content\/uploads\/2025\/10\/DZ33A-\u7ea2\u767d3-400x400.webp 400w, https:\/\/mountlaser.com\/wp-content\/uploads\/2025\/10\/DZ33A-\u7ea2\u767d3-800x800.webp 800w, https:\/\/mountlaser.com\/wp-content\/uploads\/2025\/10\/DZ33A-\u7ea2\u767d3-600x600.webp 600w, https:\/\/mountlaser.com\/wp-content\/uploads\/2025\/10\/DZ33A-\u7ea2\u767d3-150x150.webp 150w, https:\/\/mountlaser.com\/wp-content\/uploads\/2025\/10\/DZ33A-\u7ea2\u767d3-768x768.webp 768w, https:\/\/mountlaser.com\/wp-content\/uploads\/2025\/10\/DZ33A-\u7ea2\u767d3-12x12.webp 12w\" sizes=\"(max-width: 500px) 100vw, 500px\" \/><\/p>\n<p>Wykonany z wytrzyma\u0142ej, srebrnej aluminiowej rury wewn\u0119trznej (\u015brednica zewn\u0119trzna 18 mm) i grubszej rury zewn\u0119trznej (\u015brednica zewn\u0119trzna 25 mm) w wybranym kolorze, statyw DZ33A zosta\u0142 zaprojektowany z my\u015bl\u0105 o trwa\u0142o\u015bci i wytrzyma\u0142o\u015bci. Ten aluminiowy statyw pryzmatyczny charakteryzuje si\u0119 imponuj\u0105cym wysi\u0119giem 180 cm, oferuj\u0105c wyj\u0105tkowy zakres wysoko\u015bci, idealny do trudnych warunk\u00f3w terenowych i skomplikowanych konfiguracji. Innowacyjny mechanizm zwalniania kciukiem definiuje ten model. <a href=\"https:\/\/mountlaser.com\/pl\/about-us\/\"><strong>Statyw pryzmatyczny z wyzwalaczem kciukowym<\/strong><\/a>, umo\u017cliwiaj\u0105c niezwykle szybk\u0105 regulacj\u0119 jedn\u0105 r\u0119k\u0105 bez utraty stabilno\u015bci, na kt\u00f3rej polegasz. Sta\u0142e, antypo\u015blizgowe n\u00f3\u017cki zapewniaj\u0105 pewny chwyt na ka\u017cdej powierzchni, gwarantuj\u0105c, \u017ce tyczka pryzmatyczna pozostanie idealnie stabilna. Gdy nadejdzie czas przeprowadzki, wszystko zmie\u015bci si\u0119 w do\u0142\u0105czonym mi\u0119kkim futerale i wewn\u0119trznym pude\u0142ku.<\/p>","protected":false},"excerpt":{"rendered":"<ul>\n<li>Opcje kolor\u00f3w o wysokiej widoczno\u015bci: dost\u0119pne w kolorze czerwonym\/bia\u0142ym, \u017c\u00f3\u0142tym i czarnym, co zwi\u0119ksza bezpiecze\u0144stwo na placu budowy i pozwala dostosowa\u0107 kolor do indywidualnych preferencji.<\/li>\n<li>Kompletny zestaw przeno\u015bny: zawiera mi\u0119kki pokrowiec i wewn\u0119trzne pude\u0142ko zapewniaj\u0105ce wygodny i bezpieczny transport i przechowywanie.<\/li>\n<\/ul>","protected":false},"featured_media":2998,"comment_status":"open","ping_status":"closed","template":"","meta":[],"product_brand":[],"product_cat":[91,109],"product_tag":[],"class_list":{"0":"post-2997","1":"product","2":"type-product","3":"status-publish","4":"has-post-thumbnail","6":"product_cat-bipod-tripod","7":"product_cat-thumb-release-tripod-for-pole","9":"first","10":"instock","11":"shipping-taxable","12":"product-type-simple"},"_links":{"self":[{"href":"https:\/\/mountlaser.com\/pl\/wp-json\/wp\/v2\/product\/2997","targetHints":{"allow":["GET"]}}],"collection":[{"href":"https:\/\/mountlaser.com\/pl\/wp-json\/wp\/v2\/product"}],"about":[{"href":"https:\/\/mountlaser.com\/pl\/wp-json\/wp\/v2\/types\/product"}],"replies":[{"embeddable":true,"href":"https:\/\/mountlaser.com\/pl\/wp-json\/wp\/v2\/comments?post=2997"}],"wp:featuredmedia":[{"embeddable":true,"href":"https:\/\/mountlaser.com\/pl\/wp-json\/wp\/v2\/media\/2998"}],"wp:attachment":[{"href":"https:\/\/mountlaser.com\/pl\/wp-json\/wp\/v2\/media?parent=2997"}],"wp:term":[{"taxonomy":"product_brand","embeddable":true,"href":"https:\/\/mountlaser.com\/pl\/wp-json\/wp\/v2\/product_brand?post=2997"},{"taxonomy":"product_cat","embeddable":true,"href":"https:\/\/mountlaser.com\/pl\/wp-json\/wp\/v2\/product_cat?post=2997"},{"taxonomy":"product_tag","embeddable":true,"href":"https:\/\/mountlaser.com\/pl\/wp-json\/wp\/v2\/product_tag?post=2997"}],"curies":[{"name":"wp","href":"https:\/\/api.w.org\/{rel}","templated":true}]}}