{"id":2990,"date":"2025-10-29T08:10:07","date_gmt":"2025-10-29T08:10:07","guid":{"rendered":"https:\/\/mountlaser.com\/?post_type=product&#038;p=2990"},"modified":"2025-11-28T04:58:53","modified_gmt":"2025-11-28T04:58:53","slug":"mnt02a-thumb-release-mini-tripod","status":"publish","type":"product","link":"https:\/\/mountlaser.com\/pl\/produkt\/mnt02a-thumb-release-mini-tripod\/","title":{"rendered":"MNT02A Mini statyw z wyzwalaczem kciukowym"},"content":{"rendered":"<p>Ulepsz swoje ustawienia terenowe dzi\u0119ki<a href=\"https:\/\/mountlaser.com\/pl\/about-us\/\"><strong> MNT02A Mini statyw z wyzwalaczem kciukowym<\/strong><\/a> od Mount Laser. Zaprojektowany dla profesjonalist\u00f3w, kt\u00f3rzy wymagaj\u0105 zar\u00f3wno precyzji, jak i mobilno\u015bci, ten kompaktowy i wydajny statyw zapewnia solidn\u0105 podstaw\u0119 dla tyczki, skaner\u00f3w i innych niezb\u0119dnych akcesori\u00f3w pomiarowych. Ten wysokiej jako\u015bci aluminiowy mini statyw zosta\u0142 zaprojektowany tak, aby wytrzyma\u0107 trudy pracy w terenie, nie obci\u0105\u017caj\u0105c u\u017cytkownika.<\/p>\n<p>Wykonany w eleganckim, polerowanym, czarnym wyko\u0144czeniu, model MNT02A charakteryzuje si\u0119 solidn\u0105 rur\u0105 wewn\u0119trzn\u0105 wykonan\u0105 z aluminium (\u015brednica zewn\u0119trzna 18 mm), co zapewnia wyj\u0105tkow\u0105 trwa\u0142o\u015b\u0107 i stabilno\u015b\u0107. <a href=\"https:\/\/mountlaser.com\/pl\/products\/\">Miniaturowy statyw aluminiowy<\/a> Oferuje zwi\u0119kszon\u0105 wysoko\u015b\u0107 29 cm, co zapewnia wi\u0119ksz\u0105 elastyczno\u015b\u0107 i optymalne ustawienie instrumentu. Gumowe n\u00f3\u017cki zapewniaj\u0105 pewny i antypo\u015blizgowy chwyt na r\u00f3\u017cnych powierzchniach, gwarantuj\u0105c absolutn\u0105 dok\u0142adno\u015b\u0107 pomiar\u00f3w.<img fetchpriority=\"high\" decoding=\"async\" class=\"aligncenter wp-image-2992\" src=\"https:\/\/mountlaser.com\/wp-content\/uploads\/2025\/10\/MNT02-3.webp\" alt=\"Aluminum mini tripod\" width=\"500\" height=\"500\" srcset=\"https:\/\/mountlaser.com\/wp-content\/uploads\/2025\/10\/MNT02-3.webp 1000w, https:\/\/mountlaser.com\/wp-content\/uploads\/2025\/10\/MNT02-3-300x300.webp 300w, https:\/\/mountlaser.com\/wp-content\/uploads\/2025\/10\/MNT02-3-400x400.webp 400w, https:\/\/mountlaser.com\/wp-content\/uploads\/2025\/10\/MNT02-3-800x800.webp 800w, https:\/\/mountlaser.com\/wp-content\/uploads\/2025\/10\/MNT02-3-600x600.webp 600w, https:\/\/mountlaser.com\/wp-content\/uploads\/2025\/10\/MNT02-3-150x150.webp 150w, https:\/\/mountlaser.com\/wp-content\/uploads\/2025\/10\/MNT02-3-768x768.webp 768w, https:\/\/mountlaser.com\/wp-content\/uploads\/2025\/10\/MNT02-3-12x12.webp 12w\" sizes=\"(max-width: 500px) 100vw, 500px\" \/><\/p>\n<p>Cech\u0105 wyr\u00f3\u017cniaj\u0105c\u0105 jest intuicyjny mechanizm zwalniania kciukiem, kt\u00f3ry umo\u017cliwia szybkie rozk\u0142adanie i regulacj\u0119 wysoko\u015bci jedn\u0105 r\u0119k\u0105. Zapomnij o czasoch\u0142onnym rozk\u0142adaniu; wystarczy jedno naci\u015bni\u0119cie i przesuni\u0119cie, a Tw\u00f3j kij b\u0119dzie zabezpieczony i gotowy do u\u017cycia. Gdy nadejdzie czas na ruch, ten kompaktowy\u2026<a href=\"https:\/\/mountlaser.com\/pl\/contact-us\/\"><strong> Miniaturowy statyw aluminiowy<\/strong><\/a> Mo\u017cna go szybko rozmontowa\u0107 i bezpiecznie przechowywa\u0107 w do\u0142\u0105czonym mi\u0119kkim etui i wewn\u0119trznym pude\u0142ku, co czyni go idealnym rozwi\u0105zaniem.<\/p>\n<p>&nbsp;<\/p>","protected":false},"excerpt":{"rendered":"<ul>\n<li>Zwi\u0119kszona wysoko\u015b\u0107: Oferuje przed\u0142u\u017cenie o 29 cm, co zapewnia wi\u0119ksz\u0105 elastyczno\u015b\u0107 pozycjonowania sprz\u0119tu.<\/li>\n<li>Bezpieczny i przeno\u015bny: Posiada sta\u0142e, antypo\u015blizgowe n\u00f3\u017cki zapewniaj\u0105ce stabilno\u015b\u0107, a w zestawie znajduje si\u0119 mi\u0119kki pokrowiec umo\u017cliwiaj\u0105cy \u0142atwy i bezpieczny transport.<\/li>\n<\/ul>","protected":false},"featured_media":2991,"comment_status":"open","ping_status":"closed","template":"","meta":[],"product_brand":[],"product_cat":[91,109],"product_tag":[],"class_list":{"0":"post-2990","1":"product","2":"type-product","3":"status-publish","4":"has-post-thumbnail","6":"product_cat-bipod-tripod","7":"product_cat-thumb-release-tripod-for-pole","9":"first","10":"instock","11":"shipping-taxable","12":"product-type-simple"},"_links":{"self":[{"href":"https:\/\/mountlaser.com\/pl\/wp-json\/wp\/v2\/product\/2990","targetHints":{"allow":["GET"]}}],"collection":[{"href":"https:\/\/mountlaser.com\/pl\/wp-json\/wp\/v2\/product"}],"about":[{"href":"https:\/\/mountlaser.com\/pl\/wp-json\/wp\/v2\/types\/product"}],"replies":[{"embeddable":true,"href":"https:\/\/mountlaser.com\/pl\/wp-json\/wp\/v2\/comments?post=2990"}],"wp:featuredmedia":[{"embeddable":true,"href":"https:\/\/mountlaser.com\/pl\/wp-json\/wp\/v2\/media\/2991"}],"wp:attachment":[{"href":"https:\/\/mountlaser.com\/pl\/wp-json\/wp\/v2\/media?parent=2990"}],"wp:term":[{"taxonomy":"product_brand","embeddable":true,"href":"https:\/\/mountlaser.com\/pl\/wp-json\/wp\/v2\/product_brand?post=2990"},{"taxonomy":"product_cat","embeddable":true,"href":"https:\/\/mountlaser.com\/pl\/wp-json\/wp\/v2\/product_cat?post=2990"},{"taxonomy":"product_tag","embeddable":true,"href":"https:\/\/mountlaser.com\/pl\/wp-json\/wp\/v2\/product_tag?post=2990"}],"curies":[{"name":"wp","href":"https:\/\/api.w.org\/{rel}","templated":true}]}}