{"id":2983,"date":"2025-10-29T07:40:17","date_gmt":"2025-10-29T07:40:17","guid":{"rendered":"https:\/\/mountlaser.com\/?post_type=product&#038;p=2983"},"modified":"2025-11-28T05:01:49","modified_gmt":"2025-11-28T05:01:49","slug":"mnt01a-thumb-release-mini-tripod","status":"publish","type":"product","link":"https:\/\/mountlaser.com\/pl\/produkt\/mnt01a-thumb-release-mini-tripod\/","title":{"rendered":"MNT01A Mini statyw ze zwalniaczem kciukowym"},"content":{"rendered":"<p>W Mount Laser rozumiemy, \u017ce precyzja w terenie wymaga niezawodno\u015bci ka\u017cdego elementu wyposa\u017cenia. Przedstawiamy <a href=\"https:\/\/mountlaser.com\/pl\/\"><strong>MNT01A Mini statyw z wyzwalaczem kciukowym<\/strong><\/a>, idealne, kompaktowe rozwi\u0105zanie do podtrzymywania tyczek, skaner\u00f3w i ma\u0142ych instrument\u00f3w. Ten wytrzyma\u0142y, aluminiowy mini statyw zosta\u0142 zaprojektowany dla profesjonalist\u00f3w, kt\u00f3rzy nie id\u0105 na kompromisy w kwestii stabilno\u015bci i mobilno\u015bci.<\/p>\n<p>Wykonany z wysokiej jako\u015bci aluminium, model MNT01A \u0142\u0105czy w sobie lekko\u015b\u0107 i wytrzyma\u0142o\u015b\u0107 z solidn\u0105 konstrukcj\u0105. Sercem tego <a href=\"https:\/\/mountlaser.com\/pl\/products\/\">Miniaturowy statyw aluminiowy<\/a> Posiada rur\u0119 wewn\u0119trzn\u0105 o \u015brednicy 18 mm, co zapewnia solidn\u0105 podstaw\u0119 przy jednoczesnym zachowaniu minimalnej masy ca\u0142kowitej. Dzi\u0119ki przed\u0142u\u017ceniu o 22 cm i sta\u0142ym n\u00f3\u017ckom zapewnia bezpieczn\u0105 i stabiln\u0105 podstaw\u0119 na r\u00f3\u017cnym terenie, gwarantuj\u0105c niezmienn\u0105 dok\u0142adno\u015b\u0107 pomiar\u00f3w.<\/p>\n<p>&nbsp;<\/p>\n<p><img fetchpriority=\"high\" decoding=\"async\" class=\"aligncenter wp-image-2986\" src=\"https:\/\/mountlaser.com\/wp-content\/uploads\/2025\/10\/MNT01-6.webp\" alt=\"Aluminum mini tripod\" width=\"500\" height=\"500\" srcset=\"https:\/\/mountlaser.com\/wp-content\/uploads\/2025\/10\/MNT01-6.webp 1000w, https:\/\/mountlaser.com\/wp-content\/uploads\/2025\/10\/MNT01-6-300x300.webp 300w, https:\/\/mountlaser.com\/wp-content\/uploads\/2025\/10\/MNT01-6-400x400.webp 400w, https:\/\/mountlaser.com\/wp-content\/uploads\/2025\/10\/MNT01-6-800x800.webp 800w, https:\/\/mountlaser.com\/wp-content\/uploads\/2025\/10\/MNT01-6-600x600.webp 600w, https:\/\/mountlaser.com\/wp-content\/uploads\/2025\/10\/MNT01-6-150x150.webp 150w, https:\/\/mountlaser.com\/wp-content\/uploads\/2025\/10\/MNT01-6-768x768.webp 768w, https:\/\/mountlaser.com\/wp-content\/uploads\/2025\/10\/MNT01-6-12x12.webp 12w\" sizes=\"(max-width: 500px) 100vw, 500px\" \/><\/p>\n<p>Cech\u0105 wyr\u00f3\u017cniaj\u0105c\u0105 jest szybki mechanizm zwalniania kciukiem, kt\u00f3ry pozwala na ustawienie i regulacj\u0119 wysoko\u015bci sprz\u0119tu zamontowanego na dr\u0105\u017cku w kilka sekund. Koniec z mozolnym mocowaniem skomplikowanych blokad \u2013 wystarczy proste, intuicyjne naci\u015bni\u0119cie i przesuni\u0119cie, aby uzyska\u0107 maksymaln\u0105 wydajno\u015b\u0107 w terenie. Po sko\u0144czonej pracy mo\u017cna go z\u0142o\u017cy\u0107 do niewielkich rozmiar\u00f3w, a w zestawie znajduje si\u0119 mi\u0119kki pokrowiec i wewn\u0119trzne pude\u0142ko, co zapewnia bezpieczne i wygodne przechowywanie w ka\u017cdej torbie. Wybierz MNT01A, profesjonalny model. <a href=\"https:\/\/mountlaser.com\/pl\/about-us\/\"><strong>Miniaturowy statyw aluminiowy<\/strong><\/a> kt\u00f3ry jest synonimem dok\u0142adno\u015bci.<\/p>","protected":false},"excerpt":{"rendered":"<ul>\n<li>Mechanizm zwalniaj\u0105cy obs\u0142ugiwany kciukiem: umo\u017cliwia szybk\u0105 konfiguracj\u0119 i regulacj\u0119 wysoko\u015bci jedn\u0105 r\u0119k\u0105, co zapewnia niezr\u00f3wnan\u0105 wydajno\u015b\u0107 w terenie.<\/li>\n<li>W komplecie z futera\u0142em: W zestawie znajduje si\u0119 mi\u0119kki futera\u0142 ochronny i wewn\u0119trzne pude\u0142ko umo\u017cliwiaj\u0105ce \u0142atwy i bezpieczny transport, dzi\u0119ki czemu jest to idealny towarzysz podr\u00f3\u017cy.<\/li>\n<\/ul>","protected":false},"featured_media":2984,"comment_status":"open","ping_status":"closed","template":"","meta":[],"product_brand":[],"product_cat":[91,109],"product_tag":[],"class_list":{"0":"post-2983","1":"product","2":"type-product","3":"status-publish","4":"has-post-thumbnail","6":"product_cat-bipod-tripod","7":"product_cat-thumb-release-tripod-for-pole","9":"first","10":"instock","11":"shipping-taxable","12":"product-type-simple"},"_links":{"self":[{"href":"https:\/\/mountlaser.com\/pl\/wp-json\/wp\/v2\/product\/2983","targetHints":{"allow":["GET"]}}],"collection":[{"href":"https:\/\/mountlaser.com\/pl\/wp-json\/wp\/v2\/product"}],"about":[{"href":"https:\/\/mountlaser.com\/pl\/wp-json\/wp\/v2\/types\/product"}],"replies":[{"embeddable":true,"href":"https:\/\/mountlaser.com\/pl\/wp-json\/wp\/v2\/comments?post=2983"}],"wp:featuredmedia":[{"embeddable":true,"href":"https:\/\/mountlaser.com\/pl\/wp-json\/wp\/v2\/media\/2984"}],"wp:attachment":[{"href":"https:\/\/mountlaser.com\/pl\/wp-json\/wp\/v2\/media?parent=2983"}],"wp:term":[{"taxonomy":"product_brand","embeddable":true,"href":"https:\/\/mountlaser.com\/pl\/wp-json\/wp\/v2\/product_brand?post=2983"},{"taxonomy":"product_cat","embeddable":true,"href":"https:\/\/mountlaser.com\/pl\/wp-json\/wp\/v2\/product_cat?post=2983"},{"taxonomy":"product_tag","embeddable":true,"href":"https:\/\/mountlaser.com\/pl\/wp-json\/wp\/v2\/product_tag?post=2983"}],"curies":[{"name":"wp","href":"https:\/\/api.w.org\/{rel}","templated":true}]}}