{"id":2972,"date":"2025-10-28T03:23:03","date_gmt":"2025-10-28T03:23:03","guid":{"rendered":"https:\/\/mountlaser.com\/?post_type=product&#038;p=2972"},"modified":"2025-11-28T05:03:37","modified_gmt":"2025-11-28T05:03:37","slug":"cls22c-carbon-fiber-bipod","status":"publish","type":"product","link":"https:\/\/mountlaser.com\/pl\/produkt\/cls22c-carbon-fiber-bipod\/","title":{"rendered":"Dw\u00f3jn\u00f3g z w\u0142\u00f3kna w\u0119glowego CLS22C"},"content":{"rendered":"<p>Zwi\u0119ksz precyzj\u0119 pomiar\u00f3w geodezyjnych dzi\u0119ki <a href=\"https:\/\/mountlaser.com\/pl\/\"><strong>Dw\u00f3jn\u00f3g z w\u0142\u00f3kna w\u0119glowego CLS22C<\/strong><\/a> od Mount Laser. Zaprojektowany dla profesjonalist\u00f3w, kt\u00f3rzy oczekuj\u0105 zar\u00f3wno najwy\u017cszej wydajno\u015bci, jak i mobilno\u015bci, ten dw\u00f3jn\u00f3g oferuje niezr\u00f3wnanie stabiln\u0105 podstaw\u0119 dla \u0142at niwelacyjnych, inwarowych lub laserowych. Sercem jego przyjaznej dla u\u017cytkownika konstrukcji jest wydajny mechanizm zwalniania dw\u00f3jnogu kciukiem, zapewniaj\u0105cy szybkie rozk\u0142adanie i ustawianie w terenie.<\/p>\n<p>Posiada zewn\u0119trzn\u0105 rur\u0119 z w\u0142\u00f3kna w\u0119glowego (\u015brednica zewn\u0119trzna 25 mm) zapewniaj\u0105c\u0105 lekko\u015b\u0107 i wytrzyma\u0142o\u015b\u0107 oraz aluminiow\u0105 rur\u0119 wewn\u0119trzn\u0105 (\u015brednica zewn\u0119trzna 18 mm) umo\u017cliwiaj\u0105c\u0105 p\u0142ynne rozci\u0105ganie.<\/p>\n<p>Zapewnia maksymalne wysuni\u0119cie 180 cm, co pozwala na uniwersaln\u0105 prac\u0119 na r\u00f3\u017cnych wysoko\u015bciach.<\/p>\n<p>&nbsp;<\/p>\n<p><img fetchpriority=\"high\" decoding=\"async\" class=\"aligncenter wp-image-2975\" src=\"https:\/\/mountlaser.com\/wp-content\/uploads\/2025\/10\/CLS22C-3.webp\" alt=\"Thumb release bipod\" width=\"500\" height=\"500\" srcset=\"https:\/\/mountlaser.com\/wp-content\/uploads\/2025\/10\/CLS22C-3.webp 1000w, https:\/\/mountlaser.com\/wp-content\/uploads\/2025\/10\/CLS22C-3-300x300.webp 300w, https:\/\/mountlaser.com\/wp-content\/uploads\/2025\/10\/CLS22C-3-400x400.webp 400w, https:\/\/mountlaser.com\/wp-content\/uploads\/2025\/10\/CLS22C-3-800x800.webp 800w, https:\/\/mountlaser.com\/wp-content\/uploads\/2025\/10\/CLS22C-3-600x600.webp 600w, https:\/\/mountlaser.com\/wp-content\/uploads\/2025\/10\/CLS22C-3-150x150.webp 150w, https:\/\/mountlaser.com\/wp-content\/uploads\/2025\/10\/CLS22C-3-768x768.webp 768w, https:\/\/mountlaser.com\/wp-content\/uploads\/2025\/10\/CLS22C-3-12x12.webp 12w\" sizes=\"(max-width: 500px) 100vw, 500px\" \/><\/p>\n<p>Zbudowany z zewn\u0119trznej rury z w\u0142\u00f3kna w\u0119glowego, CLS22C charakteryzuje si\u0119 wyj\u0105tkowym stosunkiem wytrzyma\u0142o\u015bci do masy, redukuj\u0105c zm\u0119czenie u\u017cytkownika podczas d\u0142ugich godzin pracy bez utraty sztywno\u015bci i stabilno\u015bci. Innowacyjny system zwalniania dw\u00f3jnogu kciukiem umo\u017cliwia szybk\u0105 i bezpieczn\u0105 regulacj\u0119 wysoko\u015bci jedn\u0105 r\u0119k\u0105. <a href=\"https:\/\/mountlaser.com\/pl\/products\/\"><strong>dw\u00f3jn\u00f3g z mo\u017cliwo\u015bci\u0105 zwolnienia kciuka<\/strong><\/a> Kij zosta\u0142 zaprojektowany z my\u015bl\u0105 o prostocie, umo\u017cliwiaj\u0105c natychmiastowe zablokowanie n\u00f3g na miejscu, dzi\u0119ki czemu mo\u017cesz skupi\u0107 si\u0119 na pomiarze, a nie na sprz\u0119cie.<\/p>","protected":false},"excerpt":{"rendered":"<ul>\n<li>Zdejmowane n\u00f3\u017cki: Wyposa\u017cone w zdejmowane n\u00f3\u017cki, co u\u0142atwia transport i umo\u017cliwia dostosowanie do r\u00f3\u017cnych powierzchni.<\/li>\n<li>Kompletny zestaw: Zawiera mi\u0119kki pokrowiec i wewn\u0119trzne pude\u0142ko zapewniaj\u0105ce bezpieczne przechowywanie i transport.<\/li>\n<\/ul>","protected":false},"featured_media":2973,"comment_status":"open","ping_status":"closed","template":"","meta":[],"product_brand":[],"product_cat":[91,108],"product_tag":[],"class_list":{"0":"post-2972","1":"product","2":"type-product","3":"status-publish","4":"has-post-thumbnail","6":"product_cat-bipod-tripod","7":"product_cat-thumb-release-bipod","9":"first","10":"instock","11":"shipping-taxable","12":"product-type-simple"},"_links":{"self":[{"href":"https:\/\/mountlaser.com\/pl\/wp-json\/wp\/v2\/product\/2972","targetHints":{"allow":["GET"]}}],"collection":[{"href":"https:\/\/mountlaser.com\/pl\/wp-json\/wp\/v2\/product"}],"about":[{"href":"https:\/\/mountlaser.com\/pl\/wp-json\/wp\/v2\/types\/product"}],"replies":[{"embeddable":true,"href":"https:\/\/mountlaser.com\/pl\/wp-json\/wp\/v2\/comments?post=2972"}],"wp:featuredmedia":[{"embeddable":true,"href":"https:\/\/mountlaser.com\/pl\/wp-json\/wp\/v2\/media\/2973"}],"wp:attachment":[{"href":"https:\/\/mountlaser.com\/pl\/wp-json\/wp\/v2\/media?parent=2972"}],"wp:term":[{"taxonomy":"product_brand","embeddable":true,"href":"https:\/\/mountlaser.com\/pl\/wp-json\/wp\/v2\/product_brand?post=2972"},{"taxonomy":"product_cat","embeddable":true,"href":"https:\/\/mountlaser.com\/pl\/wp-json\/wp\/v2\/product_cat?post=2972"},{"taxonomy":"product_tag","embeddable":true,"href":"https:\/\/mountlaser.com\/pl\/wp-json\/wp\/v2\/product_tag?post=2972"}],"curies":[{"name":"wp","href":"https:\/\/api.w.org\/{rel}","templated":true}]}}