{"id":2964,"date":"2025-10-28T02:47:43","date_gmt":"2025-10-28T02:47:43","guid":{"rendered":"https:\/\/mountlaser.com\/?post_type=product&#038;p=2964"},"modified":"2025-11-28T05:04:25","modified_gmt":"2025-11-28T05:04:25","slug":"cls22a-aluminum-bipod","status":"publish","type":"product","link":"https:\/\/mountlaser.com\/pl\/produkt\/cls22a-aluminum-bipod\/","title":{"rendered":"Dw\u00f3jn\u00f3g aluminiowy CLS22A"},"content":{"rendered":"<p>W Mount Laser rozumiemy, \u017ce dok\u0142adno\u015b\u0107 pomiar\u00f3w geodezyjnych zale\u017cy od stabilnego i niezawodnego sprz\u0119tu. <a href=\"https:\/\/mountlaser.com\/pl\/\"><strong>Dw\u00f3jn\u00f3g aluminiowy CLS22A<\/strong><\/a> zosta\u0142 zaprojektowany, aby zapewni\u0107 niezb\u0119dn\u0105 podstaw\u0119 dla \u0142at niwelacyjnych, inwarowych lub laserowych. Ten wytrzyma\u0142y, regulowany aluminiowy dw\u00f3jn\u00f3g zosta\u0142 zaprojektowany dla profesjonalist\u00f3w, kt\u00f3rzy nie id\u0105 na kompromisy w kwestii wydajno\u015bci w terenie.<\/p>\n<p>Wykonany z wysokiej jako\u015bci aluminium, CLS22A \u0142\u0105czy w sobie lekko\u015b\u0107 i mobilno\u015b\u0107 z wyj\u0105tkow\u0105 wytrzyma\u0142o\u015bci\u0105. Unikalny aluminiowy mechanizm zwalniania kciukiem pozwala na szybk\u0105 i bezwysi\u0142kow\u0105 regulacj\u0119 wysoko\u015bci, umo\u017cliwiaj\u0105c szybkie i precyzyjne ustawienie instrumentu. Koniec z mozolnym mocowaniem skomplikowanych blokad \u2013 wystarczy nacisn\u0105\u0107 kciukiem, aby bezpiecznie zablokowa\u0107 nogi.<\/p>\n<p><strong><img fetchpriority=\"high\" decoding=\"async\" class=\"aligncenter wp-image-2969\" src=\"https:\/\/mountlaser.com\/wp-content\/uploads\/2025\/10\/CLS22A-\u7eff\u82721.webp\" alt=\"Aluminum Thumb Release Bipod\" width=\"500\" height=\"500\" srcset=\"https:\/\/mountlaser.com\/wp-content\/uploads\/2025\/10\/CLS22A-\u7eff\u82721.webp 1000w, https:\/\/mountlaser.com\/wp-content\/uploads\/2025\/10\/CLS22A-\u7eff\u82721-300x300.webp 300w, https:\/\/mountlaser.com\/wp-content\/uploads\/2025\/10\/CLS22A-\u7eff\u82721-400x400.webp 400w, https:\/\/mountlaser.com\/wp-content\/uploads\/2025\/10\/CLS22A-\u7eff\u82721-800x800.webp 800w, https:\/\/mountlaser.com\/wp-content\/uploads\/2025\/10\/CLS22A-\u7eff\u82721-600x600.webp 600w, https:\/\/mountlaser.com\/wp-content\/uploads\/2025\/10\/CLS22A-\u7eff\u82721-150x150.webp 150w, https:\/\/mountlaser.com\/wp-content\/uploads\/2025\/10\/CLS22A-\u7eff\u82721-768x768.webp 768w, https:\/\/mountlaser.com\/wp-content\/uploads\/2025\/10\/CLS22A-\u7eff\u82721-12x12.webp 12w\" sizes=\"(max-width: 500px) 100vw, 500px\" \/><\/strong><\/p>\n<p><a href=\"https:\/\/mountlaser.com\/pl\/products\/\"><strong>Dw\u00f3jn\u00f3g aluminiowy z zwalnianiem kciuka<\/strong><\/a> Posiada polerowan\u0105 czarn\u0105 aluminiow\u0105 rur\u0119 wewn\u0119trzn\u0105 (zewn. 18 mm) i kolorow\u0105 aluminiow\u0105 rur\u0119 zewn\u0119trzn\u0105 (zewn. 25 mm), dost\u0119pn\u0105 w dobrze widocznym kolorze czerwonym (CLS22A-RD) lub zielonym (CLS22A-GN).<\/p>\n<p>Oferuje maksymalne wysuni\u0119cie 180 cm, zapewniaj\u0105c stabiln\u0105 platform\u0119 na r\u00f3\u017cnych rodzajach terenu.<\/p>","protected":false},"excerpt":{"rendered":"<ul>\n<li>Wygodne zwalnianie kciukiem: aluminiowy mechanizm zwalniania kciukiem dw\u00f3jnogu umo\u017cliwia szybk\u0105 obs\u0142ug\u0119 bez u\u017cycia narz\u0119dzi.<\/li>\n<li>Zdejmowane n\u00f3\u017cki: Stopki dw\u00f3jnogu s\u0105 zdejmowalne, co u\u0142atwia transport i przechowywanie, a jednocze\u015bnie oferuje wszechstronno\u015b\u0107 w r\u00f3\u017cnych warunkach gruntowych.<\/li>\n<li>Opakowanie: W zestawie znajduje si\u0119 mi\u0119kki pokrowiec i wewn\u0119trzne pude\u0142ko zapewniaj\u0105ce doskona\u0142\u0105 ochron\u0119 i \u0142atwo\u015b\u0107 przenoszenia.<\/li>\n<\/ul>","protected":false},"featured_media":2967,"comment_status":"open","ping_status":"closed","template":"","meta":[],"product_brand":[],"product_cat":[91,108],"product_tag":[],"class_list":{"0":"post-2964","1":"product","2":"type-product","3":"status-publish","4":"has-post-thumbnail","6":"product_cat-bipod-tripod","7":"product_cat-thumb-release-bipod","9":"first","10":"instock","11":"shipping-taxable","12":"product-type-simple"},"_links":{"self":[{"href":"https:\/\/mountlaser.com\/pl\/wp-json\/wp\/v2\/product\/2964","targetHints":{"allow":["GET"]}}],"collection":[{"href":"https:\/\/mountlaser.com\/pl\/wp-json\/wp\/v2\/product"}],"about":[{"href":"https:\/\/mountlaser.com\/pl\/wp-json\/wp\/v2\/types\/product"}],"replies":[{"embeddable":true,"href":"https:\/\/mountlaser.com\/pl\/wp-json\/wp\/v2\/comments?post=2964"}],"wp:featuredmedia":[{"embeddable":true,"href":"https:\/\/mountlaser.com\/pl\/wp-json\/wp\/v2\/media\/2967"}],"wp:attachment":[{"href":"https:\/\/mountlaser.com\/pl\/wp-json\/wp\/v2\/media?parent=2964"}],"wp:term":[{"taxonomy":"product_brand","embeddable":true,"href":"https:\/\/mountlaser.com\/pl\/wp-json\/wp\/v2\/product_brand?post=2964"},{"taxonomy":"product_cat","embeddable":true,"href":"https:\/\/mountlaser.com\/pl\/wp-json\/wp\/v2\/product_cat?post=2964"},{"taxonomy":"product_tag","embeddable":true,"href":"https:\/\/mountlaser.com\/pl\/wp-json\/wp\/v2\/product_tag?post=2964"}],"curies":[{"name":"wp","href":"https:\/\/api.w.org\/{rel}","templated":true}]}}