{"id":2955,"date":"2025-10-27T08:24:55","date_gmt":"2025-10-27T08:24:55","guid":{"rendered":"https:\/\/mountlaser.com\/?post_type=product&#038;p=2955"},"modified":"2025-11-28T05:05:18","modified_gmt":"2025-11-28T05:05:18","slug":"dz22a-aluminum-bipod","status":"publish","type":"product","link":"https:\/\/mountlaser.com\/pl\/produkt\/dz22a-aluminum-bipod\/","title":{"rendered":"Dw\u00f3jn\u00f3g aluminiowy DZ22A"},"content":{"rendered":"<p><a href=\"https:\/\/mountlaser.com\/pl\/\"><strong>Dw\u00f3jn\u00f3g aluminiowy DZ22A<\/strong><\/a>:Stabilne wsparcie dla precyzyjnych pomiar\u00f3w<\/p>\n<p>Aluminiowy dw\u00f3jn\u00f3g DZ22A to profesjonalny system podparcia przeznaczony do zastosowa\u0144 geodezyjnych i pomiarowych. Zaprojektowany z my\u015bl\u0105 o trwa\u0142o\u015bci i stabilno\u015bci, dw\u00f3jn\u00f3g ten stanowi niezawodn\u0105 podstaw\u0119 dla r\u00f3\u017cnych narz\u0119dzi pomiarowych.,<a href=\"https:\/\/mountlaser.com\/pl\/products\/\"> <strong>Dw\u00f3jn\u00f3g geodezyjny DZ22A<\/strong><\/a> zapewniaj\u0105c dok\u0142adne odczyty w r\u00f3\u017cnych warunkach pracy.<\/p>\n<p><img fetchpriority=\"high\" decoding=\"async\" class=\"aligncenter wp-image-2963\" src=\"https:\/\/mountlaser.com\/wp-content\/uploads\/2025\/10\/DZ22A-\u9ed1\u82724.webp\" alt=\"DZ22A Surveying Bipod\" width=\"500\" height=\"500\" srcset=\"https:\/\/mountlaser.com\/wp-content\/uploads\/2025\/10\/DZ22A-\u9ed1\u82724.webp 1000w, https:\/\/mountlaser.com\/wp-content\/uploads\/2025\/10\/DZ22A-\u9ed1\u82724-300x300.webp 300w, https:\/\/mountlaser.com\/wp-content\/uploads\/2025\/10\/DZ22A-\u9ed1\u82724-400x400.webp 400w, https:\/\/mountlaser.com\/wp-content\/uploads\/2025\/10\/DZ22A-\u9ed1\u82724-800x800.webp 800w, https:\/\/mountlaser.com\/wp-content\/uploads\/2025\/10\/DZ22A-\u9ed1\u82724-600x600.webp 600w, https:\/\/mountlaser.com\/wp-content\/uploads\/2025\/10\/DZ22A-\u9ed1\u82724-150x150.webp 150w, https:\/\/mountlaser.com\/wp-content\/uploads\/2025\/10\/DZ22A-\u9ed1\u82724-768x768.webp 768w, https:\/\/mountlaser.com\/wp-content\/uploads\/2025\/10\/DZ22A-\u9ed1\u82724-12x12.webp 12w\" sizes=\"(max-width: 500px) 100vw, 500px\" \/><br \/>\nDw\u00f3jn\u00f3g geodezyjny DZ22A jest dost\u0119pny w wielu wersjach oznaczonych kolorami, w tym DZ22A-RW aluminiowy dw\u00f3jn\u00f3g (czerwono-bia\u0142y), DZ22A-YL aluminiowy dw\u00f3jn\u00f3g (\u017c\u00f3\u0142ty) i DZ22A-BK aluminiowy dw\u00f3jn\u00f3g (czarny). Umo\u017cliwia to \u0142atw\u0105 identyfikacj\u0119 sprz\u0119tu i koordynacj\u0119 pracy zespo\u0142u na miejscu rob\u00f3t.<img decoding=\"async\" class=\"aligncenter wp-image-2961\" src=\"https:\/\/mountlaser.com\/wp-content\/uploads\/2025\/10\/DZ22A-\u9ec4\u82722.webp\" alt=\"DZ22A Surveying Bipod\" width=\"500\" height=\"500\" srcset=\"https:\/\/mountlaser.com\/wp-content\/uploads\/2025\/10\/DZ22A-\u9ec4\u82722.webp 1000w, https:\/\/mountlaser.com\/wp-content\/uploads\/2025\/10\/DZ22A-\u9ec4\u82722-300x300.webp 300w, https:\/\/mountlaser.com\/wp-content\/uploads\/2025\/10\/DZ22A-\u9ec4\u82722-400x400.webp 400w, https:\/\/mountlaser.com\/wp-content\/uploads\/2025\/10\/DZ22A-\u9ec4\u82722-800x800.webp 800w, https:\/\/mountlaser.com\/wp-content\/uploads\/2025\/10\/DZ22A-\u9ec4\u82722-600x600.webp 600w, https:\/\/mountlaser.com\/wp-content\/uploads\/2025\/10\/DZ22A-\u9ec4\u82722-150x150.webp 150w, https:\/\/mountlaser.com\/wp-content\/uploads\/2025\/10\/DZ22A-\u9ec4\u82722-768x768.webp 768w, https:\/\/mountlaser.com\/wp-content\/uploads\/2025\/10\/DZ22A-\u9ec4\u82722-12x12.webp 12w\" sizes=\"(max-width: 500px) 100vw, 500px\" \/><\/p>\n<p>&nbsp;<\/p>\n<p>&nbsp;<\/p>","protected":false},"excerpt":{"rendered":"<ul>\n<li>Posiada wytrzyma\u0142\u0105 rur\u0119 wewn\u0119trzn\u0105 (\u015brednica zewn\u0119trzna 18 mm, srebrna) i grubsz\u0105 rur\u0119 zewn\u0119trzn\u0105 (\u015brednica zewn\u0119trzna 25 mm) zapewniaj\u0105c\u0105 wi\u0119ksz\u0105 stabilno\u015b\u0107 i odporno\u015b\u0107 na wstrz\u0105sy.<\/li>\n<li>Wybierz spo\u015br\u00f3d doskonale widocznych dw\u00f3jnog\u00f3w aluminiowych DZ22A-RW i dw\u00f3jnog\u00f3w aluminiowych DZ22A-YL<\/li>\n<li>lub standardowy aluminiowy dw\u00f3jn\u00f3g DZ22A-BK, kt\u00f3ry dopasujesz do potrzeb i preferencji swojego projektu.<\/li>\n<\/ul>","protected":false},"featured_media":2959,"comment_status":"open","ping_status":"closed","template":"","meta":[],"product_brand":[],"product_cat":[91,108],"product_tag":[],"class_list":{"0":"post-2955","1":"product","2":"type-product","3":"status-publish","4":"has-post-thumbnail","6":"product_cat-bipod-tripod","7":"product_cat-thumb-release-bipod","9":"first","10":"instock","11":"shipping-taxable","12":"product-type-simple"},"_links":{"self":[{"href":"https:\/\/mountlaser.com\/pl\/wp-json\/wp\/v2\/product\/2955","targetHints":{"allow":["GET"]}}],"collection":[{"href":"https:\/\/mountlaser.com\/pl\/wp-json\/wp\/v2\/product"}],"about":[{"href":"https:\/\/mountlaser.com\/pl\/wp-json\/wp\/v2\/types\/product"}],"replies":[{"embeddable":true,"href":"https:\/\/mountlaser.com\/pl\/wp-json\/wp\/v2\/comments?post=2955"}],"wp:featuredmedia":[{"embeddable":true,"href":"https:\/\/mountlaser.com\/pl\/wp-json\/wp\/v2\/media\/2959"}],"wp:attachment":[{"href":"https:\/\/mountlaser.com\/pl\/wp-json\/wp\/v2\/media?parent=2955"}],"wp:term":[{"taxonomy":"product_brand","embeddable":true,"href":"https:\/\/mountlaser.com\/pl\/wp-json\/wp\/v2\/product_brand?post=2955"},{"taxonomy":"product_cat","embeddable":true,"href":"https:\/\/mountlaser.com\/pl\/wp-json\/wp\/v2\/product_cat?post=2955"},{"taxonomy":"product_tag","embeddable":true,"href":"https:\/\/mountlaser.com\/pl\/wp-json\/wp\/v2\/product_tag?post=2955"}],"curies":[{"name":"wp","href":"https:\/\/api.w.org\/{rel}","templated":true}]}}