{"id":2947,"date":"2025-10-24T09:11:47","date_gmt":"2025-10-24T09:11:47","guid":{"rendered":"https:\/\/mountlaser.com\/?post_type=product&#038;p=2947"},"modified":"2025-11-28T05:06:17","modified_gmt":"2025-11-28T05:06:17","slug":"mnb02a-aluminum-mini-bipod","status":"publish","type":"product","link":"https:\/\/mountlaser.com\/pl\/produkt\/mnb02a-aluminum-mini-bipod\/","title":{"rendered":"MNB02A Aluminiowy mini dw\u00f3jn\u00f3g"},"content":{"rendered":"<p>Ten <a href=\"https:\/\/mountlaser.com\/pl\/\"><strong>MNB02A Aluminiowy mini dw\u00f3jn\u00f3g<\/strong><\/a> Zapewnia profesjonaln\u0105 stabilno\u015b\u0107 w kompaktowej obudowie, specjalnie zaprojektowany do precyzyjnych pomiar\u00f3w. Ten wytrzyma\u0142y mini dw\u00f3jn\u00f3g pryzmatyczny posiada polerowan\u0105, czarn\u0105 aluminiow\u0105 rur\u0119 wewn\u0119trzn\u0105 o \u015brednicy zewn\u0119trznej 18 mm, co zapewnia zar\u00f3wno estetyczny wygl\u0105d, jak i funkcjonaln\u0105 trwa\u0142o\u015b\u0107. Dzi\u0119ki mo\u017cliwo\u015bci wyd\u0142u\u017cenia o 29 cm, ten wszechstronny mini dw\u00f3jn\u00f3g pryzmatyczny oferuje optymaln\u0105 regulacj\u0119 wysoko\u015bci w zastosowaniach z mini pryzmatami, zachowuj\u0105c jednocze\u015bnie wyj\u0105tkow\u0105 stabilno\u015b\u0107 dzi\u0119ki sta\u0142ej stopie.<\/p>\n<p><img fetchpriority=\"high\" decoding=\"async\" class=\"aligncenter wp-image-2949\" src=\"https:\/\/mountlaser.com\/wp-content\/uploads\/2025\/10\/MNB02-2.webp\" alt=\"Mini Prism Bipod\" width=\"500\" height=\"500\" srcset=\"https:\/\/mountlaser.com\/wp-content\/uploads\/2025\/10\/MNB02-2.webp 1000w, https:\/\/mountlaser.com\/wp-content\/uploads\/2025\/10\/MNB02-2-300x300.webp 300w, https:\/\/mountlaser.com\/wp-content\/uploads\/2025\/10\/MNB02-2-400x400.webp 400w, https:\/\/mountlaser.com\/wp-content\/uploads\/2025\/10\/MNB02-2-800x800.webp 800w, https:\/\/mountlaser.com\/wp-content\/uploads\/2025\/10\/MNB02-2-600x600.webp 600w, https:\/\/mountlaser.com\/wp-content\/uploads\/2025\/10\/MNB02-2-150x150.webp 150w, https:\/\/mountlaser.com\/wp-content\/uploads\/2025\/10\/MNB02-2-768x768.webp 768w, https:\/\/mountlaser.com\/wp-content\/uploads\/2025\/10\/MNB02-2-12x12.webp 12w\" sizes=\"(max-width: 500px) 100vw, 500px\" \/><\/p>\n<p>Wykonany z precyzj\u0105, ten niezawodny <a href=\"https:\/\/mountlaser.com\/pl\/products\/\"><strong>Miniaturowy dw\u00f3jn\u00f3g pryzmatyczny<\/strong><\/a> Zapewnia stabilne podparcie dla r\u00f3\u017cnych instrument\u00f3w geodezyjnych. Polerowana, czarna, aluminiowa konstrukcja nie tylko zwi\u0119ksza odporno\u015b\u0107 na korozj\u0119, ale tak\u017ce zapewnia profesjonalny wygl\u0105d, odporny na trudne warunki terenowe. Sta\u0142a konstrukcja stopy gwarantuje sta\u0142y kontakt z pod\u0142o\u017cem, eliminuj\u0105c problemy z niestabilno\u015bci\u0105, cz\u0119sto wyst\u0119puj\u0105ce w przypadku regulowanych st\u00f3p w kompaktowych dw\u00f3jnogach.<\/p>","protected":false},"excerpt":{"rendered":"<ul>\n<li>Rura wewn\u0119trzna z polerowanego czarnego aluminium o \u015brednicy zewn\u0119trznej 18 mm zapewniaj\u0105ca trwa\u0142o\u015b\u0107<\/li>\n<li>Zakres wysuwania 29 cm dla optymalnej regulacji wysoko\u015bci<\/li>\n<li>Sta\u0142a konstrukcja stopy zapewniaj\u0105ca lepsz\u0105 stabilno\u015b\u0107<\/li>\n<li>Kompaktowy i lekki, \u0142atwy do przenoszenia<\/li>\n<li>Konstrukcja odporna na korozj\u0119 zapewniaj\u0105ca d\u0142ug\u0105 \u017cywotno\u015b\u0107<\/li>\n<\/ul>","protected":false},"featured_media":2948,"comment_status":"open","ping_status":"closed","template":"","meta":[],"product_brand":[],"product_cat":[91,108],"product_tag":[],"class_list":{"0":"post-2947","1":"product","2":"type-product","3":"status-publish","4":"has-post-thumbnail","6":"product_cat-bipod-tripod","7":"product_cat-thumb-release-bipod","9":"first","10":"instock","11":"shipping-taxable","12":"product-type-simple"},"_links":{"self":[{"href":"https:\/\/mountlaser.com\/pl\/wp-json\/wp\/v2\/product\/2947","targetHints":{"allow":["GET"]}}],"collection":[{"href":"https:\/\/mountlaser.com\/pl\/wp-json\/wp\/v2\/product"}],"about":[{"href":"https:\/\/mountlaser.com\/pl\/wp-json\/wp\/v2\/types\/product"}],"replies":[{"embeddable":true,"href":"https:\/\/mountlaser.com\/pl\/wp-json\/wp\/v2\/comments?post=2947"}],"wp:featuredmedia":[{"embeddable":true,"href":"https:\/\/mountlaser.com\/pl\/wp-json\/wp\/v2\/media\/2948"}],"wp:attachment":[{"href":"https:\/\/mountlaser.com\/pl\/wp-json\/wp\/v2\/media?parent=2947"}],"wp:term":[{"taxonomy":"product_brand","embeddable":true,"href":"https:\/\/mountlaser.com\/pl\/wp-json\/wp\/v2\/product_brand?post=2947"},{"taxonomy":"product_cat","embeddable":true,"href":"https:\/\/mountlaser.com\/pl\/wp-json\/wp\/v2\/product_cat?post=2947"},{"taxonomy":"product_tag","embeddable":true,"href":"https:\/\/mountlaser.com\/pl\/wp-json\/wp\/v2\/product_tag?post=2947"}],"curies":[{"name":"wp","href":"https:\/\/api.w.org\/{rel}","templated":true}]}}