{"id":2939,"date":"2025-10-24T09:03:27","date_gmt":"2025-10-24T09:03:27","guid":{"rendered":"https:\/\/mountlaser.com\/?post_type=product&#038;p=2939"},"modified":"2025-11-28T05:13:21","modified_gmt":"2025-11-28T05:13:21","slug":"mnb01a-aluminum-mini-bipod","status":"publish","type":"product","link":"https:\/\/mountlaser.com\/pl\/produkt\/mnb01a-aluminum-mini-bipod\/","title":{"rendered":"MNB01A Aluminiowy mini dw\u00f3jn\u00f3g"},"content":{"rendered":"<p>Ten <a href=\"https:\/\/mountlaser.com\/pl\/\"><strong>MNB01A Aluminiowy mini dw\u00f3jn\u00f3g<\/strong> <\/a>Wyznacza nowy standard w kompaktowych rozwi\u0105zaniach w zakresie precyzyjnych pomiar\u00f3w. Ten wszechstronny aluminiowy dw\u00f3jn\u00f3g Mini Prism zosta\u0142 fachowo wykonany z aluminium o \u015brednicy zewn\u0119trznej 18 mm w kolorze srebrnym, zapewniaj\u0105c wyj\u0105tkow\u0105 trwa\u0142o\u015b\u0107 przy zachowaniu niezwyk\u0142ej lekko\u015bci. Zaprojektowany specjalnie do tyczek mini pryzmat\u00f3w, ten profesjonalny aluminiowy dw\u00f3jn\u00f3g Mini Prism zapewnia niezawodn\u0105 stabilno\u015b\u0107 dzi\u0119ki zoptymalizowanej wysoko\u015bci 22 cm, dzi\u0119ki czemu idealnie nadaje si\u0119 do r\u00f3\u017cnorodnych zada\u0144 geodezyjnych i pomiarowych w budownictwie.<\/p>\n<p>&nbsp;<\/p>\n<p><img fetchpriority=\"high\" decoding=\"async\" class=\"aligncenter wp-image-2941\" src=\"https:\/\/mountlaser.com\/wp-content\/uploads\/2025\/10\/MNB01-2.webp\" alt=\"Mini Prism Aluminum Bipod\" width=\"500\" height=\"500\" srcset=\"https:\/\/mountlaser.com\/wp-content\/uploads\/2025\/10\/MNB01-2.webp 1000w, https:\/\/mountlaser.com\/wp-content\/uploads\/2025\/10\/MNB01-2-300x300.webp 300w, https:\/\/mountlaser.com\/wp-content\/uploads\/2025\/10\/MNB01-2-400x400.webp 400w, https:\/\/mountlaser.com\/wp-content\/uploads\/2025\/10\/MNB01-2-800x800.webp 800w, https:\/\/mountlaser.com\/wp-content\/uploads\/2025\/10\/MNB01-2-600x600.webp 600w, https:\/\/mountlaser.com\/wp-content\/uploads\/2025\/10\/MNB01-2-150x150.webp 150w, https:\/\/mountlaser.com\/wp-content\/uploads\/2025\/10\/MNB01-2-768x768.webp 768w, https:\/\/mountlaser.com\/wp-content\/uploads\/2025\/10\/MNB01-2-12x12.webp 12w\" sizes=\"(max-width: 500px) 100vw, 500px\" \/><\/p>\n<p>Zbudowany z my\u015bl\u0105 o precyzji i praktyczno\u015bci, ten zaawansowany <a href=\"https:\/\/mountlaser.com\/pl\/products\/\"><strong>Miniaturowy aluminiowy dw\u00f3jn\u00f3g pryzmatyczny<\/strong><\/a> zapewnia stabilne podparcie dla Twojego mini pryzmatu w zr\u00f3\u017cnicowanych warunkach pracy. Konstrukcja z aluminium pokrytego tlenkiem srebra nie tylko zwi\u0119ksza odporno\u015b\u0107 na korozj\u0119, ale tak\u017ce gwarantuje d\u0142ugotrwa\u0142\u0105 wydajno\u015b\u0107 w wymagaj\u0105cych warunkach. Dzi\u0119ki kompaktowej konstrukcji i solidnej konstrukcji, ten mini dw\u00f3jn\u00f3g oferuje idealn\u0105 r\u00f3wnowag\u0119 mi\u0119dzy mobilno\u015bci\u0105 a funkcjonalno\u015bci\u0105, gwarantuj\u0105c bezpieczne ustawienie instrument\u00f3w pomiarowych i precyzyjne zbieranie danych.<\/p>","protected":false},"excerpt":{"rendered":"<ul>\n<li>Zapewnia stabilne podparcie dla miniaturowych tyczek pryzmatycznych<\/li>\n<li>Konstrukcja z tlenku srebra i aluminium zapewniaj\u0105ca zwi\u0119kszon\u0105 trwa\u0142o\u015b\u0107<\/li>\n<li>Kompaktowa wysoko\u015b\u0107 22 cm umo\u017cliwiaj\u0105ca wszechstronne ustawienie<\/li>\n<li>Lekka konstrukcja u\u0142atwiaj\u0105ca przenoszenie<\/li>\n<\/ul>","protected":false},"featured_media":2942,"comment_status":"open","ping_status":"closed","template":"","meta":[],"product_brand":[],"product_cat":[91,108],"product_tag":[],"class_list":{"0":"post-2939","1":"product","2":"type-product","3":"status-publish","4":"has-post-thumbnail","6":"product_cat-bipod-tripod","7":"product_cat-thumb-release-bipod","9":"first","10":"instock","11":"shipping-taxable","12":"product-type-simple"},"_links":{"self":[{"href":"https:\/\/mountlaser.com\/pl\/wp-json\/wp\/v2\/product\/2939","targetHints":{"allow":["GET"]}}],"collection":[{"href":"https:\/\/mountlaser.com\/pl\/wp-json\/wp\/v2\/product"}],"about":[{"href":"https:\/\/mountlaser.com\/pl\/wp-json\/wp\/v2\/types\/product"}],"replies":[{"embeddable":true,"href":"https:\/\/mountlaser.com\/pl\/wp-json\/wp\/v2\/comments?post=2939"}],"wp:featuredmedia":[{"embeddable":true,"href":"https:\/\/mountlaser.com\/pl\/wp-json\/wp\/v2\/media\/2942"}],"wp:attachment":[{"href":"https:\/\/mountlaser.com\/pl\/wp-json\/wp\/v2\/media?parent=2939"}],"wp:term":[{"taxonomy":"product_brand","embeddable":true,"href":"https:\/\/mountlaser.com\/pl\/wp-json\/wp\/v2\/product_brand?post=2939"},{"taxonomy":"product_cat","embeddable":true,"href":"https:\/\/mountlaser.com\/pl\/wp-json\/wp\/v2\/product_cat?post=2939"},{"taxonomy":"product_tag","embeddable":true,"href":"https:\/\/mountlaser.com\/pl\/wp-json\/wp\/v2\/product_tag?post=2939"}],"curies":[{"name":"wp","href":"https:\/\/api.w.org\/{rel}","templated":true}]}}