{"id":2929,"date":"2025-10-24T08:48:43","date_gmt":"2025-10-24T08:48:43","guid":{"rendered":"https:\/\/mountlaser.com\/?post_type=product&#038;p=2929"},"modified":"2025-11-28T05:15:52","modified_gmt":"2025-11-28T05:15:52","slug":"fpps-aluminum-pole-tripod","status":"publish","type":"product","link":"https:\/\/mountlaser.com\/pl\/produkt\/fpps-aluminum-pole-tripod\/","title":{"rendered":"Statyw aluminiowy FPPS"},"content":{"rendered":"<p>Ten <a href=\"https:\/\/mountlaser.com\/pl\/\"><strong>Statyw aluminiowy FPPS<\/strong><\/a> Zapewnia profesjonaln\u0105 stabilno\u015b\u0107 i wszechstronno\u015b\u0107 w nowoczesnych zastosowaniach geodezyjnych. Zaprojektowany jako wytrzyma\u0142y aluminiowy statyw teleskopowy, zapewnia wyj\u0105tkowe wsparcie dla minipryzmat\u00f3w z tyczkami, tyczek pryzmatycznych i \u0142at niwelacyjnych. Wykonany z wysokowytrzyma\u0142ego aluminium, ten wytrzyma\u0142y aluminiowy statyw teleskopowy zachowuje idealn\u0105 r\u00f3wnowag\u0119 mi\u0119dzy lekko\u015bci\u0105 i mobilno\u015bci\u0105 a wytrzyma\u0142o\u015bci\u0105, dzi\u0119ki czemu idealnie nadaje si\u0119 do d\u0142ugotrwa\u0142ego u\u017cytkowania w terenie.<\/p>\n<p><img fetchpriority=\"high\" decoding=\"async\" class=\"aligncenter wp-image-2930\" src=\"https:\/\/mountlaser.com\/wp-content\/uploads\/2025\/10\/FPPS2-1.webp\" alt=\"Aluminum Telescoping Pole TriPod\" width=\"500\" height=\"500\" srcset=\"https:\/\/mountlaser.com\/wp-content\/uploads\/2025\/10\/FPPS2-1.webp 1000w, https:\/\/mountlaser.com\/wp-content\/uploads\/2025\/10\/FPPS2-1-300x300.webp 300w, https:\/\/mountlaser.com\/wp-content\/uploads\/2025\/10\/FPPS2-1-400x400.webp 400w, https:\/\/mountlaser.com\/wp-content\/uploads\/2025\/10\/FPPS2-1-800x800.webp 800w, https:\/\/mountlaser.com\/wp-content\/uploads\/2025\/10\/FPPS2-1-600x600.webp 600w, https:\/\/mountlaser.com\/wp-content\/uploads\/2025\/10\/FPPS2-1-150x150.webp 150w, https:\/\/mountlaser.com\/wp-content\/uploads\/2025\/10\/FPPS2-1-768x768.webp 768w, https:\/\/mountlaser.com\/wp-content\/uploads\/2025\/10\/FPPS2-1-12x12.webp 12w\" sizes=\"(max-width: 500px) 100vw, 500px\" \/><\/p>\n<p>Ta zaawansowana maszynka wyposa\u017cona jest w wyj\u0105tkowo d\u0142ugi suwak g\u0142owicy o d\u0142ugo\u015bci 150 mm po\u0142\u0105czony z swobodnie poruszaj\u0105c\u0105 si\u0119 g\u0142owic\u0105 typu no\u017cycowego. <a href=\"https:\/\/mountlaser.com\/pl\/about-us\/\"><strong>Statyw teleskopowy aluminiowy<\/strong><\/a> Oferuje doskona\u0142\u0105 elastyczno\u015b\u0107 regulacji i precyzyjne pozycjonowanie instrument\u00f3w. Dzi\u0119ki imponuj\u0105cemu zakresowi wysuwu 128 cm i solidnej konstrukcji o \u015brednicy zewn\u0119trznej 18\/25 mm, statyw gwarantuje niezawodn\u0105 prac\u0119 w zr\u00f3\u017cnicowanym terenie. System blokady kompresyjnej zapewnia szybkie rozstawianie i bezpieczne blokowanie, a uniwersalny uchwyt z gwintem z \u0142atwo\u015bci\u0105 pomie\u015bci tyczki o \u015brednicy 25-30 mm i 8-10 mm. W komplecie znajduje si\u0119 mi\u0119kki pokrowiec ochronny i pude\u0142ko wewn\u0119trzne dla wygodnego transportu.<\/p>","protected":false},"excerpt":{"rendered":"<ul>\n<li>Lekka aluminiowa konstrukcja o doskona\u0142ym stosunku wytrzyma\u0142o\u015bci do masy<\/li>\n<li>Suwak g\u0142owicy 150 mm z g\u0142owic\u0105 no\u017cycow\u0105 do precyzyjnej regulacji<\/li>\n<li>Zakres wysuwania 128 cm z mechanizmem blokady kompresyjnej<\/li>\n<li>Uniwersalny uchwyt gwintowany do tyczek \u044425-30mm lub \u04448-10mm<\/li>\n<\/ul>","protected":false},"featured_media":2932,"comment_status":"open","ping_status":"closed","template":"","meta":[],"product_brand":[],"product_cat":[91,107],"product_tag":[],"class_list":{"0":"post-2929","1":"product","2":"type-product","3":"status-publish","4":"has-post-thumbnail","6":"product_cat-bipod-tripod","7":"product_cat-aluminum-pole-tripod","9":"first","10":"instock","11":"shipping-taxable","12":"product-type-simple"},"_links":{"self":[{"href":"https:\/\/mountlaser.com\/pl\/wp-json\/wp\/v2\/product\/2929","targetHints":{"allow":["GET"]}}],"collection":[{"href":"https:\/\/mountlaser.com\/pl\/wp-json\/wp\/v2\/product"}],"about":[{"href":"https:\/\/mountlaser.com\/pl\/wp-json\/wp\/v2\/types\/product"}],"replies":[{"embeddable":true,"href":"https:\/\/mountlaser.com\/pl\/wp-json\/wp\/v2\/comments?post=2929"}],"wp:featuredmedia":[{"embeddable":true,"href":"https:\/\/mountlaser.com\/pl\/wp-json\/wp\/v2\/media\/2932"}],"wp:attachment":[{"href":"https:\/\/mountlaser.com\/pl\/wp-json\/wp\/v2\/media?parent=2929"}],"wp:term":[{"taxonomy":"product_brand","embeddable":true,"href":"https:\/\/mountlaser.com\/pl\/wp-json\/wp\/v2\/product_brand?post=2929"},{"taxonomy":"product_cat","embeddable":true,"href":"https:\/\/mountlaser.com\/pl\/wp-json\/wp\/v2\/product_cat?post=2929"},{"taxonomy":"product_tag","embeddable":true,"href":"https:\/\/mountlaser.com\/pl\/wp-json\/wp\/v2\/product_tag?post=2929"}],"curies":[{"name":"wp","href":"https:\/\/api.w.org\/{rel}","templated":true}]}}