{"id":2922,"date":"2025-10-24T08:26:07","date_gmt":"2025-10-24T08:26:07","guid":{"rendered":"https:\/\/mountlaser.com\/?post_type=product&#038;p=2922"},"modified":"2025-11-28T05:16:56","modified_gmt":"2025-11-28T05:16:56","slug":"mpps-aluminum-pole-tripod","status":"publish","type":"product","link":"https:\/\/mountlaser.com\/pl\/produkt\/mpps-aluminum-pole-tripod\/","title":{"rendered":"Statyw aluminiowy MPPS"},"content":{"rendered":"<p>Ten <a href=\"https:\/\/mountlaser.com\/pl\/\"><strong>Statyw aluminiowy MPPS<\/strong> <\/a>to precyzyjnie zaprojektowane rozwi\u0105zanie wsporcze przeznaczone dla geodet\u00f3w, kt\u00f3rzy wymagaj\u0105 niezawodno\u015bci i wszechstronno\u015bci w terenie. Ten solidny aluminiowy statyw na tyczk\u0119 zapewnia wyj\u0105tkow\u0105 stabilno\u015b\u0107 dla minipryzmat\u00f3w z tyczkami, tyczek pryzmatycznych i \u0142at niwelacyjnych. Wykonany z wysokiej jako\u015bci aluminium, ten aluminiowy statyw na tyczk\u0119 \u0142\u0105czy w sobie lekko\u015b\u0107 i mobilno\u015b\u0107 z wyj\u0105tkow\u0105 wytrzyma\u0142o\u015bci\u0105, dzi\u0119ki czemu idealnie nadaje si\u0119 do wymagaj\u0105cych zastosowa\u0144.<\/p>\n<p><img fetchpriority=\"high\" decoding=\"async\" class=\"aligncenter wp-image-2923\" src=\"https:\/\/mountlaser.com\/wp-content\/uploads\/2025\/10\/MPPS-2.webp\" alt=\"Aluminum Range Pole Tripod\" width=\"500\" height=\"500\" srcset=\"https:\/\/mountlaser.com\/wp-content\/uploads\/2025\/10\/MPPS-2.webp 1000w, https:\/\/mountlaser.com\/wp-content\/uploads\/2025\/10\/MPPS-2-300x300.webp 300w, https:\/\/mountlaser.com\/wp-content\/uploads\/2025\/10\/MPPS-2-400x400.webp 400w, https:\/\/mountlaser.com\/wp-content\/uploads\/2025\/10\/MPPS-2-800x800.webp 800w, https:\/\/mountlaser.com\/wp-content\/uploads\/2025\/10\/MPPS-2-600x600.webp 600w, https:\/\/mountlaser.com\/wp-content\/uploads\/2025\/10\/MPPS-2-150x150.webp 150w, https:\/\/mountlaser.com\/wp-content\/uploads\/2025\/10\/MPPS-2-768x768.webp 768w, https:\/\/mountlaser.com\/wp-content\/uploads\/2025\/10\/MPPS-2-12x12.webp 12w\" sizes=\"(max-width: 500px) 100vw, 500px\" \/><\/p>\n<p>Wyposa\u017cona w suwak g\u0142owicy o d\u0142ugo\u015bci 80 mm i swobodnie poruszaj\u0105c\u0105 si\u0119 g\u0142owic\u0119 typu no\u017cycowego,<a href=\"https:\/\/mountlaser.com\/pl\/about-us\/\"> <strong>Aluminiowy statyw na tyczk\u0119<\/strong><\/a> Umo\u017cliwia p\u0142ynn\u0105 regulacj\u0119 i precyzyjne ustawienie instrument\u00f3w geodezyjnych. Teleskopowe nogi, zabezpieczone systemem blokady kompresyjnej, wysuwaj\u0105 si\u0119 do 90 cm, zachowuj\u0105c jednocze\u015bnie sztywno\u015b\u0107. Dzi\u0119ki \u015brednicy zewn\u0119trznej 18\/25 mm statyw zapewnia stabilno\u015b\u0107 w zr\u00f3\u017cnicowanym terenie. Dla dodatkowej wygody, statyw jest dostarczany w komplecie z mi\u0119kkim pokrowcem i wewn\u0119trznym pude\u0142kiem, kt\u00f3re zapewniaj\u0105 ochron\u0119 i \u0142atwo\u015b\u0107 transportu.<\/p>","protected":false},"excerpt":{"rendered":"<ul>\n<li>Zapewnia stabilne podparcie dla minipryzmat\u00f3w z tyczkami, tyczkami pryzmatycznymi i \u0142atami poziomuj\u0105cymi<\/li>\n<li>Lekka aluminiowa konstrukcja zapewniaj\u0105ca wi\u0119ksz\u0105 przeno\u015bno\u015b\u0107 i d\u0142ugotrwa\u0142e u\u017cytkowanie<\/li>\n<li>G\u0142owica typu no\u017cycowego z suwakiem 80 mm umo\u017cliwiaj\u0105ca elastyczn\u0105 i precyzyjn\u0105 regulacj\u0119<\/li>\n<\/ul>","protected":false},"featured_media":2925,"comment_status":"open","ping_status":"closed","template":"","meta":[],"product_brand":[],"product_cat":[91,107],"product_tag":[],"class_list":{"0":"post-2922","1":"product","2":"type-product","3":"status-publish","4":"has-post-thumbnail","6":"product_cat-bipod-tripod","7":"product_cat-aluminum-pole-tripod","9":"first","10":"instock","11":"shipping-taxable","12":"product-type-simple"},"_links":{"self":[{"href":"https:\/\/mountlaser.com\/pl\/wp-json\/wp\/v2\/product\/2922","targetHints":{"allow":["GET"]}}],"collection":[{"href":"https:\/\/mountlaser.com\/pl\/wp-json\/wp\/v2\/product"}],"about":[{"href":"https:\/\/mountlaser.com\/pl\/wp-json\/wp\/v2\/types\/product"}],"replies":[{"embeddable":true,"href":"https:\/\/mountlaser.com\/pl\/wp-json\/wp\/v2\/comments?post=2922"}],"wp:featuredmedia":[{"embeddable":true,"href":"https:\/\/mountlaser.com\/pl\/wp-json\/wp\/v2\/media\/2925"}],"wp:attachment":[{"href":"https:\/\/mountlaser.com\/pl\/wp-json\/wp\/v2\/media?parent=2922"}],"wp:term":[{"taxonomy":"product_brand","embeddable":true,"href":"https:\/\/mountlaser.com\/pl\/wp-json\/wp\/v2\/product_brand?post=2922"},{"taxonomy":"product_cat","embeddable":true,"href":"https:\/\/mountlaser.com\/pl\/wp-json\/wp\/v2\/product_cat?post=2922"},{"taxonomy":"product_tag","embeddable":true,"href":"https:\/\/mountlaser.com\/pl\/wp-json\/wp\/v2\/product_tag?post=2922"}],"curies":[{"name":"wp","href":"https:\/\/api.w.org\/{rel}","templated":true}]}}