{"id":2913,"date":"2025-10-24T08:19:59","date_gmt":"2025-10-24T08:19:59","guid":{"rendered":"https:\/\/mountlaser.com\/?post_type=product&#038;p=2913"},"modified":"2025-11-28T05:18:24","modified_gmt":"2025-11-28T05:18:24","slug":"pps-aluminum-pole-tripod","status":"publish","type":"product","link":"https:\/\/mountlaser.com\/pl\/produkt\/pps-aluminum-pole-tripod\/","title":{"rendered":"Statyw aluminiowy PPS"},"content":{"rendered":"<p>Ten <a href=\"https:\/\/mountlaser.com\/pl\/\"><strong>Statyw aluminiowy PPS<\/strong><\/a> Zapewnia profesjonaln\u0105 stabilno\u015b\u0107 i wszechstronno\u015b\u0107 w nowoczesnych zastosowaniach geodezyjnych. Zaprojektowany jako niezawodny <a href=\"https:\/\/mountlaser.com\/pl\/products\/\"><strong>Statyw aluminiowy z zaciskiem<\/strong><\/a>, Posiada solidny system blokady kompresyjnej, kt\u00f3ry zapewnia bezpieczne pozycjonowanie i szybki monta\u017c. Ten wytrzyma\u0142y aluminiowy statyw na tyczce z zaciskiem jest wykonany z wysokowytrzyma\u0142ego aluminium, oferuj\u0105c optymaln\u0105 r\u00f3wnowag\u0119 mi\u0119dzy lekko\u015bci\u0105 i mobilno\u015bci\u0105 a d\u0142ugotrwa\u0142\u0105 wytrzyma\u0142o\u015bci\u0105, dzi\u0119ki czemu idealnie nadaje si\u0119 do d\u0142ugotrwa\u0142ego u\u017cytkowania w terenie z mini pryzmatami, tyczkami pryzmatycznymi i \u0142atami niwelacyjnymi.<\/p>\n<p>&nbsp;<\/p>\n<p><img fetchpriority=\"high\" decoding=\"async\" class=\"aligncenter wp-image-2917\" src=\"https:\/\/mountlaser.com\/wp-content\/uploads\/2025\/10\/PPS-5-1.webp\" alt=\"Prism Pole Tripod \" width=\"500\" height=\"500\" srcset=\"https:\/\/mountlaser.com\/wp-content\/uploads\/2025\/10\/PPS-5-1.webp 1000w, https:\/\/mountlaser.com\/wp-content\/uploads\/2025\/10\/PPS-5-1-300x300.webp 300w, https:\/\/mountlaser.com\/wp-content\/uploads\/2025\/10\/PPS-5-1-400x400.webp 400w, https:\/\/mountlaser.com\/wp-content\/uploads\/2025\/10\/PPS-5-1-800x800.webp 800w, https:\/\/mountlaser.com\/wp-content\/uploads\/2025\/10\/PPS-5-1-600x600.webp 600w, https:\/\/mountlaser.com\/wp-content\/uploads\/2025\/10\/PPS-5-1-150x150.webp 150w, https:\/\/mountlaser.com\/wp-content\/uploads\/2025\/10\/PPS-5-1-768x768.webp 768w, https:\/\/mountlaser.com\/wp-content\/uploads\/2025\/10\/PPS-5-1-12x12.webp 12w\" sizes=\"(max-width: 500px) 100vw, 500px\" \/><\/p>\n<p>Ten <a href=\"https:\/\/mountlaser.com\/pl\/contact-us\/\">Statyw pryzmatyczny<\/a>\u2018Zaawansowana konstrukcja statywu obejmuje 115-milimetrowy suwak g\u0142owicy po\u0142\u0105czony z ruchom\u0105 g\u0142owic\u0105 no\u017cycow\u0105, zapewniaj\u0105c wyj\u0105tkow\u0105 elastyczno\u015b\u0107 regulacji i precyzyjne ustawienie instrumentu. Dzi\u0119ki szerokiemu zakresowi wysuwu 120 cm i solidnej konstrukcji o \u015brednicy zewn\u0119trznej 18\/25 mm, ten profesjonalny aluminiowy statyw na tyczce z zaciskiem zapewnia wyj\u0105tkow\u0105 stabilno\u015b\u0107 w r\u00f3\u017cnych warunkach terenowych i roboczych. Teleskopowe nogi z mechanizmem blokuj\u0105cym zapewniaj\u0105 niezawodne podparcie, a do\u0142\u0105czony mi\u0119kki pokrowiec i wewn\u0119trzne pude\u0142ko u\u0142atwiaj\u0105 transport i przechowywanie.<\/p>","protected":false},"excerpt":{"rendered":"<ul>\n<li>Statyw pryzmatyczny z systemem blokowania zacisku kompresyjnego zapewniaj\u0105cym bezpieczne i szybkie rozstawianie<\/li>\n<li>Suwak g\u0142owicy o \u015brednicy 115 mm z g\u0142owic\u0105 no\u017cycow\u0105 do precyzyjnej regulacji<\/li>\n<li>Lekka konstrukcja aluminiowa o wysokim stosunku wytrzyma\u0142o\u015bci do masy<\/li>\n<\/ul>","protected":false},"featured_media":2915,"comment_status":"open","ping_status":"closed","template":"","meta":[],"product_brand":[],"product_cat":[91,107],"product_tag":[],"class_list":{"0":"post-2913","1":"product","2":"type-product","3":"status-publish","4":"has-post-thumbnail","6":"product_cat-bipod-tripod","7":"product_cat-aluminum-pole-tripod","9":"first","10":"instock","11":"shipping-taxable","12":"product-type-simple"},"_links":{"self":[{"href":"https:\/\/mountlaser.com\/pl\/wp-json\/wp\/v2\/product\/2913","targetHints":{"allow":["GET"]}}],"collection":[{"href":"https:\/\/mountlaser.com\/pl\/wp-json\/wp\/v2\/product"}],"about":[{"href":"https:\/\/mountlaser.com\/pl\/wp-json\/wp\/v2\/types\/product"}],"replies":[{"embeddable":true,"href":"https:\/\/mountlaser.com\/pl\/wp-json\/wp\/v2\/comments?post=2913"}],"wp:featuredmedia":[{"embeddable":true,"href":"https:\/\/mountlaser.com\/pl\/wp-json\/wp\/v2\/media\/2915"}],"wp:attachment":[{"href":"https:\/\/mountlaser.com\/pl\/wp-json\/wp\/v2\/media?parent=2913"}],"wp:term":[{"taxonomy":"product_brand","embeddable":true,"href":"https:\/\/mountlaser.com\/pl\/wp-json\/wp\/v2\/product_brand?post=2913"},{"taxonomy":"product_cat","embeddable":true,"href":"https:\/\/mountlaser.com\/pl\/wp-json\/wp\/v2\/product_cat?post=2913"},{"taxonomy":"product_tag","embeddable":true,"href":"https:\/\/mountlaser.com\/pl\/wp-json\/wp\/v2\/product_tag?post=2913"}],"curies":[{"name":"wp","href":"https:\/\/api.w.org\/{rel}","templated":true}]}}