{"id":2906,"date":"2025-10-24T08:07:11","date_gmt":"2025-10-24T08:07:11","guid":{"rendered":"https:\/\/mountlaser.com\/?post_type=product&#038;p=2906"},"modified":"2025-11-28T05:19:19","modified_gmt":"2025-11-28T05:19:19","slug":"qpps-aluminum-pole-tripod","status":"publish","type":"product","link":"https:\/\/mountlaser.com\/pl\/produkt\/qpps-aluminum-pole-tripod\/","title":{"rendered":"Statyw aluminiowy QPPS"},"content":{"rendered":"<p>Ten <a href=\"https:\/\/mountlaser.com\/pl\/\"><strong>Statyw aluminiowy QPPS<\/strong><\/a> Wyznacza nowy standard wydajno\u015bci w sprz\u0119cie do pomiar\u00f3w geodezyjnych. Ten zaawansowany aluminiowy statyw masztowy z zaciskiem wyposa\u017cony jest w innowacyjny mechanizm szybkiego zwalniania, kt\u00f3ry radykalnie skraca czas monta\u017cu, zachowuj\u0105c jednocze\u015bnie wyj\u0105tkow\u0105 stabilno\u015b\u0107 minipryzmat\u00f3w z tyczkami, tyczek do pryzmat\u00f3w i \u0142at niwelacyjnych. Wykonany z wysokiej jako\u015bci aluminium, ten profesjonalny aluminiowy statyw masztowy z zaciskiem zapewnia idealne po\u0142\u0105czenie lekko\u015bci i wytrzyma\u0142o\u015bci, gwarantuj\u0105c niezawodn\u0105 prac\u0119 w trudnych warunkach terenowych.<\/p>\n<p><img fetchpriority=\"high\" decoding=\"async\" class=\"aligncenter wp-image-2909\" src=\"https:\/\/mountlaser.com\/wp-content\/uploads\/2025\/10\/QPPS-5.webp\" alt=\"Aluminum Pole Tripod with Clamp\" width=\"500\" height=\"500\" srcset=\"https:\/\/mountlaser.com\/wp-content\/uploads\/2025\/10\/QPPS-5.webp 1000w, https:\/\/mountlaser.com\/wp-content\/uploads\/2025\/10\/QPPS-5-300x300.webp 300w, https:\/\/mountlaser.com\/wp-content\/uploads\/2025\/10\/QPPS-5-400x400.webp 400w, https:\/\/mountlaser.com\/wp-content\/uploads\/2025\/10\/QPPS-5-800x800.webp 800w, https:\/\/mountlaser.com\/wp-content\/uploads\/2025\/10\/QPPS-5-600x600.webp 600w, https:\/\/mountlaser.com\/wp-content\/uploads\/2025\/10\/QPPS-5-150x150.webp 150w, https:\/\/mountlaser.com\/wp-content\/uploads\/2025\/10\/QPPS-5-768x768.webp 768w, https:\/\/mountlaser.com\/wp-content\/uploads\/2025\/10\/QPPS-5-12x12.webp 12w\" sizes=\"(max-width: 500px) 100vw, 500px\" \/><\/p>\n<p>Cech\u0105 charakterystyczn\u0105 statywu jest system szybkiego monta\u017cu, kt\u00f3ry umo\u017cliwia szybkie roz\u0142o\u017cenie i bezpieczne zablokowanie n\u00f3g teleskopowych. W po\u0142\u0105czeniu z ruchom\u0105 g\u0142owic\u0105 no\u017cycow\u0105, ten <a href=\"https:\/\/mountlaser.com\/pl\/products\/\"><strong>Statyw aluminiowy z zaciskiem<\/strong><\/a> Zapewnia niezr\u00f3wnan\u0105 elastyczno\u015b\u0107 regulacji i precyzyjne pozycjonowanie instrumentu. Dzi\u0119ki imponuj\u0105cemu zakresowi wysuwu 120 cm, umo\u017cliwia prac\u0119 na r\u00f3\u017cnych wysoko\u015bciach, zachowuj\u0105c jednocze\u015bnie stabilno\u015b\u0107 dzi\u0119ki solidnej konstrukcji o \u015brednicy zewn\u0119trznej 18\/25 mm. W komplecie znajduje si\u0119 mi\u0119kki futera\u0142 ochronny i pude\u0142ko wewn\u0119trzne, dzi\u0119ki czemu idealnie nadaje si\u0119 do transportu i przechowywania.<\/p>","protected":false},"excerpt":{"rendered":"<ul>\n<li>Mechanizm szybkiego zwalniania zacisku umo\u017cliwiaj\u0105cy szybkie roz\u0142o\u017cenie i bezpieczne zablokowanie<\/li>\n<li>Obs\u0142uguje minipryzmaty z tyczkami, tyczkami pryzmatycznymi i \u0142atami poziomuj\u0105cymi<\/li>\n<li>Lekka konstrukcja aluminiowa o wysokim stosunku wytrzyma\u0142o\u015bci do masy<\/li>\n<li>Zakres wysuwania 120 cm z teleskopowym systemem blokowania n\u00f3g<\/li>\n<\/ul>","protected":false},"featured_media":2907,"comment_status":"open","ping_status":"closed","template":"","meta":[],"product_brand":[],"product_cat":[91,107],"product_tag":[],"class_list":{"0":"post-2906","1":"product","2":"type-product","3":"status-publish","4":"has-post-thumbnail","6":"product_cat-bipod-tripod","7":"product_cat-aluminum-pole-tripod","9":"first","10":"instock","11":"shipping-taxable","12":"product-type-simple"},"_links":{"self":[{"href":"https:\/\/mountlaser.com\/pl\/wp-json\/wp\/v2\/product\/2906","targetHints":{"allow":["GET"]}}],"collection":[{"href":"https:\/\/mountlaser.com\/pl\/wp-json\/wp\/v2\/product"}],"about":[{"href":"https:\/\/mountlaser.com\/pl\/wp-json\/wp\/v2\/types\/product"}],"replies":[{"embeddable":true,"href":"https:\/\/mountlaser.com\/pl\/wp-json\/wp\/v2\/comments?post=2906"}],"wp:featuredmedia":[{"embeddable":true,"href":"https:\/\/mountlaser.com\/pl\/wp-json\/wp\/v2\/media\/2907"}],"wp:attachment":[{"href":"https:\/\/mountlaser.com\/pl\/wp-json\/wp\/v2\/media?parent=2906"}],"wp:term":[{"taxonomy":"product_brand","embeddable":true,"href":"https:\/\/mountlaser.com\/pl\/wp-json\/wp\/v2\/product_brand?post=2906"},{"taxonomy":"product_cat","embeddable":true,"href":"https:\/\/mountlaser.com\/pl\/wp-json\/wp\/v2\/product_cat?post=2906"},{"taxonomy":"product_tag","embeddable":true,"href":"https:\/\/mountlaser.com\/pl\/wp-json\/wp\/v2\/product_tag?post=2906"}],"curies":[{"name":"wp","href":"https:\/\/api.w.org\/{rel}","templated":true}]}}