{"id":2899,"date":"2025-10-24T07:49:14","date_gmt":"2025-10-24T07:49:14","guid":{"rendered":"https:\/\/mountlaser.com\/?post_type=product&#038;p=2899"},"modified":"2025-11-28T05:20:44","modified_gmt":"2025-11-28T05:20:44","slug":"cpps-aluminum-pole-tripod","status":"publish","type":"product","link":"https:\/\/mountlaser.com\/pl\/produkt\/cpps-aluminum-pole-tripod\/","title":{"rendered":"Statyw aluminiowy CPPS"},"content":{"rendered":"<p>Aluminiowy statyw s\u0142upowy CPPS to profesjonalny system podparcia zaprojektowany specjalnie do zastosowa\u0144 geodezyjnych. Ten wszechstronny <a href=\"https:\/\/mountlaser.com\/pl\/about-us\/\"><strong>Statyw aluminiowy z pryzmatem<\/strong><\/a> Zapewnia niezawodn\u0105 stabilizacj\u0119 minipryzmat\u00f3w z tyczkami, standardowych tyczkach i \u0142atach niwelacyjnych. Wykonany z wysokiej jako\u015bci stopu aluminium, ten aluminiowy statyw pryzmatyczny z tyczkami zapewnia optymaln\u0105 r\u00f3wnowag\u0119 mi\u0119dzy lekko\u015bci\u0105 i mobilno\u015bci\u0105 a wyj\u0105tkow\u0105 wytrzyma\u0142o\u015bci\u0105, gwarantuj\u0105c d\u0142ugotrwa\u0142\u0105 wydajno\u015b\u0107 w trudnych warunkach terenowych.<\/p>\n<p>Statyw wyposa\u017cony jest w ruchom\u0105 g\u0142owic\u0119 no\u017cycow\u0105, kt\u00f3ra umo\u017cliwia p\u0142ynn\u0105 regulacj\u0119 i precyzyjne pozycjonowanie instrument\u00f3w pomiarowych. Dzi\u0119ki praktycznemu teleskopowemu systemowi blokowania n\u00f3g, nogi rozk\u0142adaj\u0105 si\u0119 i blokuj\u0105 bezpiecznie, zapewniaj\u0105c stabilne podparcie w r\u00f3\u017cnym terenie. Mechanizm blokuj\u0105cy kompresj\u0119 gwarantuje szybkie rozk\u0142adanie i niezawodne dzia\u0142anie. Dla wygodnego transportu i przechowywania, zestaw zawiera mi\u0119kki pokrowiec ochronny i wewn\u0119trzne pude\u0142ko, dzi\u0119ki czemu ten aluminiowy statyw pryzmatyczny jest idealnym towarzyszem dla geodet\u00f3w w podr\u00f3\u017cy.<\/p>\n<p><strong><a href=\"https:\/\/mountlaser.com\/pl\/contact-us\/\">Statyw aluminiowy CPPS<\/a>:<\/strong><\/p>\n<p>PRZED\u0141U\u017bENIE: 60 cm<\/p>\n<p>\u015aREDNICA: OD 18\/25 mm<\/p>\n<p>BLOKADA: Kompresja<\/p>\n<p>&nbsp;<\/p>\n<p><img fetchpriority=\"high\" decoding=\"async\" class=\"aligncenter wp-image-2901\" src=\"https:\/\/mountlaser.com\/wp-content\/uploads\/2025\/10\/CPPS-2.webp\" alt=\"Aluminum Prism Pole Tripod\" width=\"500\" height=\"500\" srcset=\"https:\/\/mountlaser.com\/wp-content\/uploads\/2025\/10\/CPPS-2.webp 1000w, https:\/\/mountlaser.com\/wp-content\/uploads\/2025\/10\/CPPS-2-300x300.webp 300w, https:\/\/mountlaser.com\/wp-content\/uploads\/2025\/10\/CPPS-2-400x400.webp 400w, https:\/\/mountlaser.com\/wp-content\/uploads\/2025\/10\/CPPS-2-800x800.webp 800w, https:\/\/mountlaser.com\/wp-content\/uploads\/2025\/10\/CPPS-2-600x600.webp 600w, https:\/\/mountlaser.com\/wp-content\/uploads\/2025\/10\/CPPS-2-150x150.webp 150w, https:\/\/mountlaser.com\/wp-content\/uploads\/2025\/10\/CPPS-2-768x768.webp 768w, https:\/\/mountlaser.com\/wp-content\/uploads\/2025\/10\/CPPS-2-12x12.webp 12w\" sizes=\"(max-width: 500px) 100vw, 500px\" \/><\/p>","protected":false},"excerpt":{"rendered":"<ul>\n<li>Zapewnia stabilne podparcie dla minipryzmat\u00f3w z tyczkami, tyczkami pryzmatycznymi i \u0142atami poziomuj\u0105cymi<\/li>\n<li>Lekka konstrukcja aluminiowa o wysokim stosunku wytrzyma\u0142o\u015bci do masy<\/li>\n<li>Nogi teleskopowe z systemem blokady kompresyjnej zapewniaj\u0105cym bezpieczne pozycjonowanie<\/li>\n<\/ul>","protected":false},"featured_media":2902,"comment_status":"open","ping_status":"closed","template":"","meta":[],"product_brand":[],"product_cat":[91,107],"product_tag":[],"class_list":{"0":"post-2899","1":"product","2":"type-product","3":"status-publish","4":"has-post-thumbnail","6":"product_cat-bipod-tripod","7":"product_cat-aluminum-pole-tripod","9":"first","10":"instock","11":"shipping-taxable","12":"product-type-simple"},"_links":{"self":[{"href":"https:\/\/mountlaser.com\/pl\/wp-json\/wp\/v2\/product\/2899","targetHints":{"allow":["GET"]}}],"collection":[{"href":"https:\/\/mountlaser.com\/pl\/wp-json\/wp\/v2\/product"}],"about":[{"href":"https:\/\/mountlaser.com\/pl\/wp-json\/wp\/v2\/types\/product"}],"replies":[{"embeddable":true,"href":"https:\/\/mountlaser.com\/pl\/wp-json\/wp\/v2\/comments?post=2899"}],"wp:featuredmedia":[{"embeddable":true,"href":"https:\/\/mountlaser.com\/pl\/wp-json\/wp\/v2\/media\/2902"}],"wp:attachment":[{"href":"https:\/\/mountlaser.com\/pl\/wp-json\/wp\/v2\/media?parent=2899"}],"wp:term":[{"taxonomy":"product_brand","embeddable":true,"href":"https:\/\/mountlaser.com\/pl\/wp-json\/wp\/v2\/product_brand?post=2899"},{"taxonomy":"product_cat","embeddable":true,"href":"https:\/\/mountlaser.com\/pl\/wp-json\/wp\/v2\/product_cat?post=2899"},{"taxonomy":"product_tag","embeddable":true,"href":"https:\/\/mountlaser.com\/pl\/wp-json\/wp\/v2\/product_tag?post=2899"}],"curies":[{"name":"wp","href":"https:\/\/api.w.org\/{rel}","templated":true}]}}