{"id":2888,"date":"2025-10-23T08:48:44","date_gmt":"2025-10-23T08:48:44","guid":{"rendered":"https:\/\/mountlaser.com\/?post_type=product&#038;p=2888"},"modified":"2025-11-28T05:21:55","modified_gmt":"2025-11-28T05:21:55","slug":"tps02-ss-triangle-prism-support","status":"publish","type":"product","link":"https:\/\/mountlaser.com\/pl\/produkt\/tps02-ss-triangle-prism-support\/","title":{"rendered":"TPS02-SS Wspornik pryzmatu tr\u00f3jk\u0105tnego"},"content":{"rendered":"<p>G\u00f3ra Laser <a href=\"https:\/\/mountlaser.com\/pl\/\"><strong>TPS02-SS Wspornik pryzmatu tr\u00f3jk\u0105tnego<\/strong><\/a> Zaprojektowany dla geodet\u00f3w, kt\u00f3rzy wymagaj\u0105 niezawodnej, niskoprofilowej stabilno\u015bci dla precyzyjnych pomiar\u00f3w. Zaprojektowany do u\u017cytku z pryzmatami, ten tr\u00f3jk\u0105tny wspornik pryzmatyczny TPS02-SS idealnie nadaje si\u0119 do pomiar\u00f3w geodezyjnych na ma\u0142ej wysoko\u015bci, prac precyzyjnych i innych zastosowa\u0144, w kt\u00f3rych pe\u0142nowymiarowy tyczka pryzmatyczna nie jest odpowiedni.<\/p>\n<p><img fetchpriority=\"high\" decoding=\"async\" class=\"aligncenter wp-image-2893\" src=\"https:\/\/mountlaser.com\/wp-content\/uploads\/2025\/10\/TPS02-AS5.webp\" alt=\"TPS02-SS Triangle prism support \" width=\"500\" height=\"500\" srcset=\"https:\/\/mountlaser.com\/wp-content\/uploads\/2025\/10\/TPS02-AS5.webp 1000w, https:\/\/mountlaser.com\/wp-content\/uploads\/2025\/10\/TPS02-AS5-300x300.webp 300w, https:\/\/mountlaser.com\/wp-content\/uploads\/2025\/10\/TPS02-AS5-400x400.webp 400w, https:\/\/mountlaser.com\/wp-content\/uploads\/2025\/10\/TPS02-AS5-800x800.webp 800w, https:\/\/mountlaser.com\/wp-content\/uploads\/2025\/10\/TPS02-AS5-600x600.webp 600w, https:\/\/mountlaser.com\/wp-content\/uploads\/2025\/10\/TPS02-AS5-150x150.webp 150w, https:\/\/mountlaser.com\/wp-content\/uploads\/2025\/10\/TPS02-AS5-768x768.webp 768w, https:\/\/mountlaser.com\/wp-content\/uploads\/2025\/10\/TPS02-AS5-12x12.webp 12w\" sizes=\"(max-width: 500px) 100vw, 500px\" \/><\/p>\n<p>Wykonany z lekkiego korpusu aluminiowego i trwa\u0142ych element\u00f3w ze stali nierdzewnej, ten <a href=\"https:\/\/mountlaser.com\/pl\/contact-us\/\"><strong>TPS02-SS Wspornik pryzmatu tr\u00f3jk\u0105tnego<\/strong><\/a> Oferuje idealn\u0105 r\u00f3wnowag\u0119 mi\u0119dzy wytrzyma\u0142o\u015bci\u0105 a por\u0119czno\u015bci\u0105. Posiada dwie regulowane \u015bruby stopowe, kt\u00f3re umo\u017cliwiaj\u0105 szybkie i \u0142atwe poziomowanie na nier\u00f3wnych powierzchniach, a dwie d\u0142ugie libelle zapewniaj\u0105 precyzyjn\u0105 weryfikacj\u0119 poziomowania w obu osiach. Gwint 5\/8\u2033-11 zapewnia uniwersaln\u0105 kompatybilno\u015b\u0107 ze standardowymi pryzmatami geodezyjnymi, dzi\u0119ki czemu jest to wszechstronny dodatek do zestawu narz\u0119dzi ka\u017cdego geodety.<\/p>","protected":false},"excerpt":{"rendered":"<p>\u2022 Zawiera dwie d\u0142ugie p\u0119cherzyki powietrza w celu dok\u0142adnej weryfikacji poziomowania<br \/>\n\u2022 \u0141\u0105czy lekk\u0105 konstrukcj\u0119 aluminiow\u0105 z trwa\u0142ymi elementami ze stali nierdzewnej<br \/>\n\u2022 Wykorzystuje standardowy gwint 5\/8\u2033-11 zapewniaj\u0105cy uniwersaln\u0105 kompatybilno\u015b\u0107 z pryzmatami<\/p>","protected":false},"featured_media":2889,"comment_status":"open","ping_status":"closed","template":"","meta":[],"product_brand":[],"product_cat":[91,106],"product_tag":[],"class_list":{"0":"post-2888","1":"product","2":"type-product","3":"status-publish","4":"has-post-thumbnail","6":"product_cat-bipod-tripod","7":"product_cat-triangle-prism-support","9":"first","10":"instock","11":"shipping-taxable","12":"product-type-simple"},"_links":{"self":[{"href":"https:\/\/mountlaser.com\/pl\/wp-json\/wp\/v2\/product\/2888","targetHints":{"allow":["GET"]}}],"collection":[{"href":"https:\/\/mountlaser.com\/pl\/wp-json\/wp\/v2\/product"}],"about":[{"href":"https:\/\/mountlaser.com\/pl\/wp-json\/wp\/v2\/types\/product"}],"replies":[{"embeddable":true,"href":"https:\/\/mountlaser.com\/pl\/wp-json\/wp\/v2\/comments?post=2888"}],"wp:featuredmedia":[{"embeddable":true,"href":"https:\/\/mountlaser.com\/pl\/wp-json\/wp\/v2\/media\/2889"}],"wp:attachment":[{"href":"https:\/\/mountlaser.com\/pl\/wp-json\/wp\/v2\/media?parent=2888"}],"wp:term":[{"taxonomy":"product_brand","embeddable":true,"href":"https:\/\/mountlaser.com\/pl\/wp-json\/wp\/v2\/product_brand?post=2888"},{"taxonomy":"product_cat","embeddable":true,"href":"https:\/\/mountlaser.com\/pl\/wp-json\/wp\/v2\/product_cat?post=2888"},{"taxonomy":"product_tag","embeddable":true,"href":"https:\/\/mountlaser.com\/pl\/wp-json\/wp\/v2\/product_tag?post=2888"}],"curies":[{"name":"wp","href":"https:\/\/api.w.org\/{rel}","templated":true}]}}