{"id":2878,"date":"2025-10-23T08:18:04","date_gmt":"2025-10-23T08:18:04","guid":{"rendered":"https:\/\/mountlaser.com\/?post_type=product&#038;p=2878"},"modified":"2025-11-28T05:24:11","modified_gmt":"2025-11-28T05:24:11","slug":"tps02-sl-triangle-prism-support","status":"publish","type":"product","link":"https:\/\/mountlaser.com\/pl\/produkt\/tps02-sl-triangle-prism-support\/","title":{"rendered":"TPS02-SL Wspornik pryzmatu tr\u00f3jk\u0105tnego"},"content":{"rendered":"<p>Zapewnij sobie najwy\u017csz\u0105 precyzj\u0119 w zastosowaniach geodezyjnych na ma\u0142ej wysoko\u015bci dzi\u0119ki laserowi monta\u017cowemu <a href=\"https:\/\/mountlaser.com\/pl\/\"><strong>Wspornik pryzmatu tr\u00f3jk\u0105tnego TPS02-SL<\/strong><\/a>. To profesjonalnie zaprojektowane akcesorium zapewnia wyj\u0105tkow\u0105 stabilno\u015b\u0107 pryzmatu w sytuacjach, w kt\u00f3rych standardowe tyczki pryzmatyczne s\u0105 niepraktyczne. Wykonany w ca\u0142o\u015bci z wytrzyma\u0142ej stali nierdzewnej, TPS02-SL zosta\u0142 zaprojektowany tak, aby sprosta\u0107 trudnym warunkom panuj\u0105cym na miejscu pracy, zapewniaj\u0105c jednocze\u015bnie niezawodn\u0105 wydajno\u015b\u0107.<\/p>\n<p>Ten <a href=\"https:\/\/mountlaser.com\/pl\/about-us\/\"><strong>Miniaturowy wspornik pryzmatu tr\u00f3jk\u0105tnego<\/strong> <\/a>z dwiema d\u0142ugimi libelkami posiada zaawansowany system poziomowania z dwiema precyzyjnymi d\u0142ugimi libelkami, umo\u017cliwiaj\u0105cymi dok\u0142adne ustawienie w wielu osiach. Ta kluczowa funkcja, w po\u0142\u0105czeniu z dwiema regulowanymi \u015brubami stopowymi, umo\u017cliwia geodetom szybkie i wydajne uzyskanie idealnego poziomowania na nier\u00f3wnym terenie. Solidna konstrukcja ze stali nierdzewnej gwarantuje d\u0142ugotrwa\u0142\u0105 trwa\u0142o\u015b\u0107, dzi\u0119ki czemu ten wspornik jest niezawodnym towarzyszem wszystkich prac geodezyjnych na ma\u0142ej wysoko\u015bci.<\/p>\n<p><img fetchpriority=\"high\" decoding=\"async\" class=\"aligncenter wp-image-2883\" src=\"https:\/\/mountlaser.com\/wp-content\/uploads\/2025\/10\/TPS02-AL5.webp\" alt=\"TPS02-SL Triangle prism support\" width=\"500\" height=\"500\" srcset=\"https:\/\/mountlaser.com\/wp-content\/uploads\/2025\/10\/TPS02-AL5.webp 1000w, https:\/\/mountlaser.com\/wp-content\/uploads\/2025\/10\/TPS02-AL5-300x300.webp 300w, https:\/\/mountlaser.com\/wp-content\/uploads\/2025\/10\/TPS02-AL5-400x400.webp 400w, https:\/\/mountlaser.com\/wp-content\/uploads\/2025\/10\/TPS02-AL5-800x800.webp 800w, https:\/\/mountlaser.com\/wp-content\/uploads\/2025\/10\/TPS02-AL5-600x600.webp 600w, https:\/\/mountlaser.com\/wp-content\/uploads\/2025\/10\/TPS02-AL5-150x150.webp 150w, https:\/\/mountlaser.com\/wp-content\/uploads\/2025\/10\/TPS02-AL5-768x768.webp 768w, https:\/\/mountlaser.com\/wp-content\/uploads\/2025\/10\/TPS02-AL5-12x12.webp 12w\" sizes=\"(max-width: 500px) 100vw, 500px\" \/><\/p>\n<p>Jako wszechstronny <a href=\"https:\/\/mountlaser.com\/pl\/contact-us\/\">Miniaturowy wspornik pryzmatu tr\u00f3jk\u0105tnego<\/a> Dzi\u0119ki dw\u00f3m d\u0142ugim libelkom, tr\u00f3jk\u0105tny wspornik pryzmatyczny TPS02-SL doskonale sprawdza si\u0119 w r\u00f3\u017cnych zastosowaniach, takich jak pomiary szczeg\u00f3\u0142owe, projektowanie konstrukcji budowlanych i inne precyzyjne pomiary blisko poziomu gruntu. Gwint szwajcarski gwarantuje bezpieczn\u0105 kompatybilno\u015b\u0107 ze sprz\u0119tem geodezyjnym, zapewniaj\u0105c spok\u00f3j ducha podczas krytycznych pomiar\u00f3w. Wybierz ten profesjonalny, miniaturowy tr\u00f3jk\u0105tny wspornik pryzmatyczny z dwoma d\u0142ugimi libelkami, aby uzyska\u0107 niezr\u00f3wnan\u0105 dok\u0142adno\u015b\u0107 i niezawodno\u015b\u0107 w projektach geodezyjnych.<\/p>","protected":false},"excerpt":{"rendered":"<p>\u2022 Posiada dwie regulowane \u015bruby n\u00f3\u017cek, co umo\u017cliwia \u0142atwe i precyzyjne poziomowanie<br \/>\n\u2022 Zawiera dwie d\u0142ugie ba\u0144ki zapewniaj\u0105ce dok\u0142adne ustawienie wieloosiowe<br \/>\n\u2022 Wykonane z trwa\u0142ej stali nierdzewnej, co zapewnia d\u0142u\u017csz\u0105 \u017cywotno\u015b\u0107<br \/>\n\u2022 Wykorzystuje ni\u0107 szwajcarsk\u0105, zapewniaj\u0105c\u0105 bezpieczn\u0105 kompatybilno\u015b\u0107 sprz\u0119tu<\/p>","protected":false},"featured_media":2882,"comment_status":"open","ping_status":"closed","template":"","meta":[],"product_brand":[],"product_cat":[106,91],"product_tag":[],"class_list":{"0":"post-2878","1":"product","2":"type-product","3":"status-publish","4":"has-post-thumbnail","6":"product_cat-triangle-prism-support","7":"product_cat-bipod-tripod","9":"first","10":"instock","11":"shipping-taxable","12":"product-type-simple"},"_links":{"self":[{"href":"https:\/\/mountlaser.com\/pl\/wp-json\/wp\/v2\/product\/2878","targetHints":{"allow":["GET"]}}],"collection":[{"href":"https:\/\/mountlaser.com\/pl\/wp-json\/wp\/v2\/product"}],"about":[{"href":"https:\/\/mountlaser.com\/pl\/wp-json\/wp\/v2\/types\/product"}],"replies":[{"embeddable":true,"href":"https:\/\/mountlaser.com\/pl\/wp-json\/wp\/v2\/comments?post=2878"}],"wp:featuredmedia":[{"embeddable":true,"href":"https:\/\/mountlaser.com\/pl\/wp-json\/wp\/v2\/media\/2882"}],"wp:attachment":[{"href":"https:\/\/mountlaser.com\/pl\/wp-json\/wp\/v2\/media?parent=2878"}],"wp:term":[{"taxonomy":"product_brand","embeddable":true,"href":"https:\/\/mountlaser.com\/pl\/wp-json\/wp\/v2\/product_brand?post=2878"},{"taxonomy":"product_cat","embeddable":true,"href":"https:\/\/mountlaser.com\/pl\/wp-json\/wp\/v2\/product_cat?post=2878"},{"taxonomy":"product_tag","embeddable":true,"href":"https:\/\/mountlaser.com\/pl\/wp-json\/wp\/v2\/product_tag?post=2878"}],"curies":[{"name":"wp","href":"https:\/\/api.w.org\/{rel}","templated":true}]}}