{"id":2871,"date":"2025-10-23T07:44:04","date_gmt":"2025-10-23T07:44:04","guid":{"rendered":"https:\/\/mountlaser.com\/?post_type=product&#038;p=2871"},"modified":"2025-11-28T05:26:16","modified_gmt":"2025-11-28T05:26:16","slug":"tps01-ss-triangle-prism-support","status":"publish","type":"product","link":"https:\/\/mountlaser.com\/pl\/produkt\/tps01-ss-triangle-prism-support\/","title":{"rendered":"TPS01-SS Wspornik pryzmatu tr\u00f3jk\u0105tnego"},"content":{"rendered":"<p>Osi\u0105gnij niezr\u00f3wnan\u0105 stabilno\u015b\u0107 i precyzj\u0119 pomiar\u00f3w na ma\u0142ej wysoko\u015bci dzi\u0119ki laserowi monta\u017cowemu <a href=\"https:\/\/mountlaser.com\/pl\/\"><strong>TPS01-SS Wspornik pryzmatu tr\u00f3jk\u0105tnego<\/strong><\/a>. Zaprojektowany z my\u015bl\u0105 o trwa\u0142o\u015bci, ten wspornik jest idealnym rozwi\u0105zaniem do prac szczeg\u00f3\u0142owych, tyczenia i innych zastosowa\u0144, w kt\u00f3rych standardowy tyk pryzmatyczny nie jest mo\u017cliwy.<\/p>\n<p>TPS01-SS to solidny <a href=\"https:\/\/mountlaser.com\/pl\/about-us\/\"><strong>Miniaturowy wspornik pryzmatu tr\u00f3jk\u0105tnego ze stali nierdzewnej<\/strong><\/a> Konstrukcja, odporna na korozj\u0119 i trudne warunki panuj\u0105ce na ka\u017cdym placu budowy. Wyposa\u017cona w dwie regulowane \u015bruby stopowe, kt\u00f3re umo\u017cliwiaj\u0105 szybkie i \u0142atwe poziomowanie na nier\u00f3wnym terenie, gwarantuj\u0105c idealne ustawienie pryzmatu w pionie i dok\u0142adne zbieranie danych. Zintegrowana okr\u0105g\u0142a libella umo\u017cliwia natychmiastow\u0105 weryfikacj\u0119 wizualn\u0105.<\/p>\n<p><img fetchpriority=\"high\" decoding=\"async\" class=\"aligncenter wp-image-2875\" src=\"https:\/\/mountlaser.com\/wp-content\/uploads\/2025\/10\/TPS-PS-4.webp\" alt=\"Mini Triangle Prism Support with Stainless steel\" width=\"500\" height=\"500\" srcset=\"https:\/\/mountlaser.com\/wp-content\/uploads\/2025\/10\/TPS-PS-4.webp 1000w, https:\/\/mountlaser.com\/wp-content\/uploads\/2025\/10\/TPS-PS-4-300x300.webp 300w, https:\/\/mountlaser.com\/wp-content\/uploads\/2025\/10\/TPS-PS-4-400x400.webp 400w, https:\/\/mountlaser.com\/wp-content\/uploads\/2025\/10\/TPS-PS-4-800x800.webp 800w, https:\/\/mountlaser.com\/wp-content\/uploads\/2025\/10\/TPS-PS-4-600x600.webp 600w, https:\/\/mountlaser.com\/wp-content\/uploads\/2025\/10\/TPS-PS-4-150x150.webp 150w, https:\/\/mountlaser.com\/wp-content\/uploads\/2025\/10\/TPS-PS-4-768x768.webp 768w, https:\/\/mountlaser.com\/wp-content\/uploads\/2025\/10\/TPS-PS-4-12x12.webp 12w\" sizes=\"(max-width: 500px) 100vw, 500px\" \/><\/p>\n<p>Wykonany w ca\u0142o\u015bci z wysokiej jako\u015bci materia\u0142\u00f3w, ten wspornik gwarantuje d\u0142ugotrwa\u0142\u0105 niezawodno\u015b\u0107. Dla niezawodnej i precyzyjnej <a href=\"https:\/\/mountlaser.com\/pl\/contact-us\/\">Miniaturowy wspornik pryzmatu tr\u00f3jk\u0105tnego ze stali nierdzewnej<\/a> TPS01-SS, kt\u00f3ry doskonale sprawdza si\u0119 w ciasnych przestrzeniach, to idealny wyb\u00f3r. Gwint 5\/8\u2033-11 zapewnia szerok\u0105 kompatybilno\u015b\u0107 z pryzmatami geodezyjnymi, co czyni go niezb\u0119dnym narz\u0119dziem dla wymagaj\u0105cych profesjonalist\u00f3w.<\/p>","protected":false},"excerpt":{"rendered":"<ul>\n<li>Zapewnia stabiln\u0105, nisk\u0105 podstaw\u0119 dla pryzmat\u00f3w podczas pomiar\u00f3w na ma\u0142ej wysoko\u015bci.<\/li>\n<li>Posiada dwie regulowane \u015bruby stopowe umo\u017cliwiaj\u0105ce \u0142atwe i dok\u0142adne poziomowanie na nier\u00f3wnym pod\u0142o\u017cu.<\/li>\n<li>Wykonane w ca\u0142o\u015bci z trwa\u0142ej, odpornej na korozj\u0119 stali nierdzewnej.<\/li>\n<\/ul>","protected":false},"featured_media":2873,"comment_status":"open","ping_status":"closed","template":"","meta":[],"product_brand":[],"product_cat":[91,106],"product_tag":[],"class_list":{"0":"post-2871","1":"product","2":"type-product","3":"status-publish","4":"has-post-thumbnail","6":"product_cat-bipod-tripod","7":"product_cat-triangle-prism-support","9":"first","10":"instock","11":"shipping-taxable","12":"product-type-simple"},"_links":{"self":[{"href":"https:\/\/mountlaser.com\/pl\/wp-json\/wp\/v2\/product\/2871","targetHints":{"allow":["GET"]}}],"collection":[{"href":"https:\/\/mountlaser.com\/pl\/wp-json\/wp\/v2\/product"}],"about":[{"href":"https:\/\/mountlaser.com\/pl\/wp-json\/wp\/v2\/types\/product"}],"replies":[{"embeddable":true,"href":"https:\/\/mountlaser.com\/pl\/wp-json\/wp\/v2\/comments?post=2871"}],"wp:featuredmedia":[{"embeddable":true,"href":"https:\/\/mountlaser.com\/pl\/wp-json\/wp\/v2\/media\/2873"}],"wp:attachment":[{"href":"https:\/\/mountlaser.com\/pl\/wp-json\/wp\/v2\/media?parent=2871"}],"wp:term":[{"taxonomy":"product_brand","embeddable":true,"href":"https:\/\/mountlaser.com\/pl\/wp-json\/wp\/v2\/product_brand?post=2871"},{"taxonomy":"product_cat","embeddable":true,"href":"https:\/\/mountlaser.com\/pl\/wp-json\/wp\/v2\/product_cat?post=2871"},{"taxonomy":"product_tag","embeddable":true,"href":"https:\/\/mountlaser.com\/pl\/wp-json\/wp\/v2\/product_tag?post=2871"}],"curies":[{"name":"wp","href":"https:\/\/api.w.org\/{rel}","templated":true}]}}