{"id":2870,"date":"2025-10-23T07:26:48","date_gmt":"2025-10-23T07:26:48","guid":{"rendered":"https:\/\/mountlaser.com\/?post_type=product&#038;p=2870"},"modified":"2025-11-28T05:27:56","modified_gmt":"2025-11-28T05:27:56","slug":"tps01-sl-triangle-prism-support","status":"publish","type":"product","link":"https:\/\/mountlaser.com\/pl\/produkt\/tps01-sl-triangle-prism-support\/","title":{"rendered":"TPS01-SL Wspornik pryzmatu tr\u00f3jk\u0105tnego"},"content":{"rendered":"<p>Zapewnij precyzj\u0119 pomiar\u00f3w na ma\u0142ej wysoko\u015bci dzi\u0119ki laserowi monta\u017cowemu <a href=\"https:\/\/mountlaser.com\/pl\/about-us\/\"><strong>Wspornik pryzmatu tr\u00f3jk\u0105tnego TPS01-SL<\/strong><\/a>. To wytrzyma\u0142e, a zarazem kompaktowe akcesorium zosta\u0142o zaprojektowane z my\u015bl\u0105 o zapewnieniu stabilno\u015bci i \u0142atwo\u015bci u\u017cytkowania w zastosowaniach, w kt\u00f3rych standardowy dr\u0105\u017cek pryzmatyczny jest zbyt wysoki lub niepraktyczny.<\/p>\n<p>TPS01-SL to idealny miniaturowy wspornik pryzmatu tr\u00f3jk\u0105tnego do zada\u0144 takich jak pomiary geodezyjne, tyczenie i rozplanowanie budowy blisko gruntu. Jego p\u0142aska konstrukcja gwarantuje bezpiecze\u0144stwo pryzmatu i jego idealne ustawienie, co pozwala na precyzyjne zbieranie danych.<\/p>\n<p><img fetchpriority=\"high\" decoding=\"async\" class=\"aligncenter wp-image-2863\" src=\"https:\/\/mountlaser.com\/wp-content\/uploads\/2025\/10\/TPS-PL-2.webp\" alt=\"Mini Triangle Prism Support\" width=\"500\" height=\"500\" srcset=\"https:\/\/mountlaser.com\/wp-content\/uploads\/2025\/10\/TPS-PL-2.webp 1000w, https:\/\/mountlaser.com\/wp-content\/uploads\/2025\/10\/TPS-PL-2-300x300.webp 300w, https:\/\/mountlaser.com\/wp-content\/uploads\/2025\/10\/TPS-PL-2-400x400.webp 400w, https:\/\/mountlaser.com\/wp-content\/uploads\/2025\/10\/TPS-PL-2-800x800.webp 800w, https:\/\/mountlaser.com\/wp-content\/uploads\/2025\/10\/TPS-PL-2-600x600.webp 600w, https:\/\/mountlaser.com\/wp-content\/uploads\/2025\/10\/TPS-PL-2-150x150.webp 150w, https:\/\/mountlaser.com\/wp-content\/uploads\/2025\/10\/TPS-PL-2-768x768.webp 768w, https:\/\/mountlaser.com\/wp-content\/uploads\/2025\/10\/TPS-PL-2-12x12.webp 12w\" sizes=\"(max-width: 500px) 100vw, 500px\" \/><\/p>\n<p>Wykonany z wytrzyma\u0142ej stali nierdzewnej, ten wspornik zosta\u0142 zaprojektowany tak, aby sprosta\u0107 trudom panuj\u0105cym na placu budowy. Wyposa\u017cony jest w dwie regulowane \u015bruby stopowe, kt\u00f3re umo\u017cliwiaj\u0105 szybkie i \u0142atwe poziomowanie na nier\u00f3wnych powierzchniach, gwarantuj\u0105c idealne ustawienie pryzmatu w pionie. Zintegrowana okr\u0105g\u0142a libella umo\u017cliwia wizualn\u0105 weryfikacj\u0119, a wysokiej jako\u015bci gwint szwajcarski zapewnia uniwersalne i bezpieczne po\u0142\u0105czenie z pryzmatem.<\/p>\n<p>Aby zapewni\u0107 niezawodn\u0105 prac\u0119 w przestrzeniach zamkni\u0119tych, <a href=\"https:\/\/mountlaser.com\/pl\/products\/\"><strong>Miniaturowy wspornik pryzmatu tr\u00f3jk\u0105tnego<\/strong><\/a> to niezb\u0119dne narz\u0119dzie. Wybierz TPS01-SL, aby uzyska\u0107 idealn\u0105 r\u00f3wnowag\u0119 mi\u0119dzy wytrzyma\u0142o\u015bci\u0105, precyzj\u0105 i mobilno\u015bci\u0105.<\/p>","protected":false},"excerpt":{"rendered":"<ul>\n<li>Zapewnia stabiln\u0105, nisk\u0105 podstaw\u0119 dla pryzmat\u00f3w podczas pomiar\u00f3w geodezyjnych.<\/li>\n<li>Posiada dwie \u015bruby regulacyjne umo\u017cliwiaj\u0105ce \u0142atwe i precyzyjne poziomowanie.<\/li>\n<li>Zawiera okr\u0105g\u0142\u0105 ba\u0144k\u0119 umo\u017cliwiaj\u0105c\u0105 wizualn\u0105 weryfikacj\u0119 poziomu.<\/li>\n<li>Wykonane z trwa\u0142ej stali nierdzewnej, co zapewnia d\u0142ugotrwa\u0142e u\u017cytkowanie.<\/li>\n<\/ul>","protected":false},"featured_media":2869,"comment_status":"open","ping_status":"closed","template":"","meta":[],"product_brand":[],"product_cat":[91,106],"product_tag":[],"class_list":{"0":"post-2870","1":"product","2":"type-product","3":"status-publish","4":"has-post-thumbnail","6":"product_cat-bipod-tripod","7":"product_cat-triangle-prism-support","9":"first","10":"instock","11":"shipping-taxable","12":"product-type-simple"},"_links":{"self":[{"href":"https:\/\/mountlaser.com\/pl\/wp-json\/wp\/v2\/product\/2870","targetHints":{"allow":["GET"]}}],"collection":[{"href":"https:\/\/mountlaser.com\/pl\/wp-json\/wp\/v2\/product"}],"about":[{"href":"https:\/\/mountlaser.com\/pl\/wp-json\/wp\/v2\/types\/product"}],"replies":[{"embeddable":true,"href":"https:\/\/mountlaser.com\/pl\/wp-json\/wp\/v2\/comments?post=2870"}],"wp:featuredmedia":[{"embeddable":true,"href":"https:\/\/mountlaser.com\/pl\/wp-json\/wp\/v2\/media\/2869"}],"wp:attachment":[{"href":"https:\/\/mountlaser.com\/pl\/wp-json\/wp\/v2\/media?parent=2870"}],"wp:term":[{"taxonomy":"product_brand","embeddable":true,"href":"https:\/\/mountlaser.com\/pl\/wp-json\/wp\/v2\/product_brand?post=2870"},{"taxonomy":"product_cat","embeddable":true,"href":"https:\/\/mountlaser.com\/pl\/wp-json\/wp\/v2\/product_cat?post=2870"},{"taxonomy":"product_tag","embeddable":true,"href":"https:\/\/mountlaser.com\/pl\/wp-json\/wp\/v2\/product_tag?post=2870"}],"curies":[{"name":"wp","href":"https:\/\/api.w.org\/{rel}","templated":true}]}}