{"id":2856,"date":"2025-10-21T09:17:00","date_gmt":"2025-10-21T09:17:00","guid":{"rendered":"https:\/\/mountlaser.com\/?post_type=product&#038;p=2856"},"modified":"2025-11-28T05:38:40","modified_gmt":"2025-11-28T05:38:40","slug":"gpr1l-corner-cube-prism","status":"publish","type":"product","link":"https:\/\/mountlaser.com\/pl\/produkt\/gpr1l-corner-cube-prism\/","title":{"rendered":"GPR1L Naro\u017cny pryzmat sze\u015bcienny"},"content":{"rendered":"<p>G\u00f3rski laser<a href=\"https:\/\/mountlaser.com\/pl\/\"><strong> GPR1L pojedynczy pryzmat ko\u0142owy<\/strong><\/a> in Container oznacza znacz\u0105cy post\u0119p w zakresie precyzji pomiar\u00f3w geodezyjnych i elastyczno\u015bci operacyjnej.<br \/>\nInnowacyjny detektor GPR1L w kontenerze \u0142\u0105czy w sobie system o\u015bwietlenia o du\u017cej intensywno\u015bci ze standardowym pryzmatem ko\u0142owym o \u015brednicy 64,0 mm umieszczonym w ochronnym pojemniku.<\/p>\n<p><img fetchpriority=\"high\" decoding=\"async\" class=\"aligncenter wp-image-2859\" src=\"https:\/\/mountlaser.com\/wp-content\/uploads\/2025\/10\/CPR1L-4.webp\" alt=\"GPR1L Single Circular Prism in Container\" width=\"500\" height=\"500\" srcset=\"https:\/\/mountlaser.com\/wp-content\/uploads\/2025\/10\/CPR1L-4.webp 1000w, https:\/\/mountlaser.com\/wp-content\/uploads\/2025\/10\/CPR1L-4-300x300.webp 300w, https:\/\/mountlaser.com\/wp-content\/uploads\/2025\/10\/CPR1L-4-400x400.webp 400w, https:\/\/mountlaser.com\/wp-content\/uploads\/2025\/10\/CPR1L-4-800x800.webp 800w, https:\/\/mountlaser.com\/wp-content\/uploads\/2025\/10\/CPR1L-4-600x600.webp 600w, https:\/\/mountlaser.com\/wp-content\/uploads\/2025\/10\/CPR1L-4-150x150.webp 150w, https:\/\/mountlaser.com\/wp-content\/uploads\/2025\/10\/CPR1L-4-768x768.webp 768w, https:\/\/mountlaser.com\/wp-content\/uploads\/2025\/10\/CPR1L-4-12x12.webp 12w\" sizes=\"(max-width: 500px) 100vw, 500px\" \/><\/p>\n<p>Zaprojektowany specjalnie z my\u015bl\u0105 o kompatybilno\u015bci ze stacjami tachimetrycznymi Swiss i innymi stacjami wymagaj\u0105cymi szwajcarskiego wsp\u00f3\u0142czynnika kszta\u0142tu, ten pod\u015bwietlany <a href=\"https:\/\/mountlaser.com\/pl\/about-us\/\"><strong>GPR1L Pojedynczy pryzmat ko\u0142owy w pojemniku<\/strong><\/a> zapewnia wyj\u0105tkow\u0105 widoczno\u015b\u0107 podczas operacji nocnych, w warunkach s\u0142abego o\u015bwietlenia i w skomplikowanym \u015brodowisku miejskim, skutecznie wyd\u0142u\u017caj\u0105c Twoje produktywne godziny pracy.<\/p>","protected":false},"excerpt":{"rendered":"<ul>\n<li>Posiada wbudowane jasne \u017ar\u00f3d\u0142o \u015bwiat\u0142a, kt\u00f3re znacznie poprawia widoczno\u015b\u0107 pryzmatu, umo\u017cliwiaj\u0105c prowadzenie pomiar\u00f3w 24 godziny na dob\u0119, 7 dni w tygodniu.<\/li>\n<li>Pryzmat ko\u0142owy o \u015brednicy 64,0 mm zosta\u0142 zaprojektowany jako bezpo\u015bredni zamiennik pryzmat\u00f3w szwajcarskich GPR1, zapewniaj\u0105c bezproblemow\u0105 integracj\u0119 i optymaln\u0105 wydajno\u015b\u0107.<\/li>\n<\/ul>","protected":false},"featured_media":2858,"comment_status":"open","ping_status":"closed","template":"","meta":[],"product_brand":[],"product_cat":[72,105],"product_tag":[],"class_list":{"0":"post-2856","1":"product","2":"type-product","3":"status-publish","4":"has-post-thumbnail","6":"product_cat-reflective-target-prism","7":"product_cat-corner-cube-prisms","9":"first","10":"instock","11":"shipping-taxable","12":"product-type-simple"},"_links":{"self":[{"href":"https:\/\/mountlaser.com\/pl\/wp-json\/wp\/v2\/product\/2856","targetHints":{"allow":["GET"]}}],"collection":[{"href":"https:\/\/mountlaser.com\/pl\/wp-json\/wp\/v2\/product"}],"about":[{"href":"https:\/\/mountlaser.com\/pl\/wp-json\/wp\/v2\/types\/product"}],"replies":[{"embeddable":true,"href":"https:\/\/mountlaser.com\/pl\/wp-json\/wp\/v2\/comments?post=2856"}],"wp:featuredmedia":[{"embeddable":true,"href":"https:\/\/mountlaser.com\/pl\/wp-json\/wp\/v2\/media\/2858"}],"wp:attachment":[{"href":"https:\/\/mountlaser.com\/pl\/wp-json\/wp\/v2\/media?parent=2856"}],"wp:term":[{"taxonomy":"product_brand","embeddable":true,"href":"https:\/\/mountlaser.com\/pl\/wp-json\/wp\/v2\/product_brand?post=2856"},{"taxonomy":"product_cat","embeddable":true,"href":"https:\/\/mountlaser.com\/pl\/wp-json\/wp\/v2\/product_cat?post=2856"},{"taxonomy":"product_tag","embeddable":true,"href":"https:\/\/mountlaser.com\/pl\/wp-json\/wp\/v2\/product_tag?post=2856"}],"curies":[{"name":"wp","href":"https:\/\/api.w.org\/{rel}","templated":true}]}}