{"id":2851,"date":"2025-10-21T09:09:22","date_gmt":"2025-10-21T09:09:22","guid":{"rendered":"https:\/\/mountlaser.com\/?post_type=product&#038;p=2851"},"modified":"2025-11-28T05:40:16","modified_gmt":"2025-11-28T05:40:16","slug":"swiss-style-gpr1-reflector-prism","status":"publish","type":"product","link":"https:\/\/mountlaser.com\/pl\/produkt\/swiss-style-gpr1-reflector-prism\/","title":{"rendered":"Pryzmat reflektorowy GPR1 w stylu szwajcarskim"},"content":{"rendered":"<p>G\u00f3rski laser <a href=\"https:\/\/mountlaser.com\/pl\/\"><strong>Pryzmat reflektorowy GPR1 w stylu szwajcarskim<\/strong><\/a> zosta\u0142 zaprojektowany tak, aby spe\u0142nia\u0107 najwy\u017csze standardy precyzji i kompatybilno\u015bci.<\/p>\n<p>To autentyczne <a href=\"https:\/\/mountlaser.com\/pl\/products\/\"><strong>Pryzmat GPR1 w stylu szwajcarskim<\/strong><\/a> charakteryzuje si\u0119 \u015brednic\u0105 64,0 mm, co zapewnia doskona\u0142\u0105 integracj\u0119 z systemami Leica i innymi wiod\u0105cymi systemami tachimetrycznymi wymagaj\u0105cymi tego konkretnego typu pryzmatu.<\/p>\n<p>&nbsp;<\/p>\n<p><img fetchpriority=\"high\" decoding=\"async\" class=\"aligncenter wp-image-2853\" src=\"https:\/\/mountlaser.com\/wp-content\/uploads\/2025\/10\/IMG_9467_\u526f\u672c.webp\" alt=\"Swiss Style GPR1 Prism\" width=\"500\" height=\"500\" srcset=\"https:\/\/mountlaser.com\/wp-content\/uploads\/2025\/10\/IMG_9467_\u526f\u672c.webp 1000w, https:\/\/mountlaser.com\/wp-content\/uploads\/2025\/10\/IMG_9467_\u526f\u672c-300x300.webp 300w, https:\/\/mountlaser.com\/wp-content\/uploads\/2025\/10\/IMG_9467_\u526f\u672c-400x400.webp 400w, https:\/\/mountlaser.com\/wp-content\/uploads\/2025\/10\/IMG_9467_\u526f\u672c-800x800.webp 800w, https:\/\/mountlaser.com\/wp-content\/uploads\/2025\/10\/IMG_9467_\u526f\u672c-600x600.webp 600w, https:\/\/mountlaser.com\/wp-content\/uploads\/2025\/10\/IMG_9467_\u526f\u672c-150x150.webp 150w, https:\/\/mountlaser.com\/wp-content\/uploads\/2025\/10\/IMG_9467_\u526f\u672c-768x768.webp 768w, https:\/\/mountlaser.com\/wp-content\/uploads\/2025\/10\/IMG_9467_\u526f\u672c-12x12.webp 12w\" sizes=\"(max-width: 500px) 100vw, 500px\" \/><\/p>\n<p>Znany ze swojej wyj\u0105tkowej wydajno\u015bci pomiar\u00f3w dalekiego zasi\u0119gu i szybkiego powrotu sygna\u0142u, pryzmat Swiss Style GPR1 jest najlepszym wyborem do precyzyjnych zastosowa\u0144 geodezyjnych, w kt\u00f3rych nie mo\u017cna pozwoli\u0107 sobie na kompromis w kwestii dok\u0142adno\u015bci.<\/p>","protected":false},"excerpt":{"rendered":"<ul>\n<li>Autentyczny szwajcarski standard: gwarantuje pe\u0142n\u0105 kompatybilno\u015b\u0107 i optymaln\u0105 prac\u0119 z tachimetrami Leica i innymi instrumentami zaprojektowanymi dla tego typu pryzmatu.<\/li>\n<li>Wysokiej precyzji optyka: Szklany pryzmat o \u015brednicy \u00f864,0 mm gwarantuje wyj\u0105tkow\u0105 dok\u0142adno\u015b\u0107 i doskona\u0142y wsp\u00f3\u0142czynnik odbicia przy pomiarach na du\u017ce odleg\u0142o\u015bci.<\/li>\n<\/ul>","protected":false},"featured_media":2852,"comment_status":"open","ping_status":"closed","template":"","meta":[],"product_brand":[],"product_cat":[72,105],"product_tag":[],"class_list":{"0":"post-2851","1":"product","2":"type-product","3":"status-publish","4":"has-post-thumbnail","6":"product_cat-reflective-target-prism","7":"product_cat-corner-cube-prisms","9":"first","10":"instock","11":"shipping-taxable","12":"product-type-simple"},"_links":{"self":[{"href":"https:\/\/mountlaser.com\/pl\/wp-json\/wp\/v2\/product\/2851","targetHints":{"allow":["GET"]}}],"collection":[{"href":"https:\/\/mountlaser.com\/pl\/wp-json\/wp\/v2\/product"}],"about":[{"href":"https:\/\/mountlaser.com\/pl\/wp-json\/wp\/v2\/types\/product"}],"replies":[{"embeddable":true,"href":"https:\/\/mountlaser.com\/pl\/wp-json\/wp\/v2\/comments?post=2851"}],"wp:featuredmedia":[{"embeddable":true,"href":"https:\/\/mountlaser.com\/pl\/wp-json\/wp\/v2\/media\/2852"}],"wp:attachment":[{"href":"https:\/\/mountlaser.com\/pl\/wp-json\/wp\/v2\/media?parent=2851"}],"wp:term":[{"taxonomy":"product_brand","embeddable":true,"href":"https:\/\/mountlaser.com\/pl\/wp-json\/wp\/v2\/product_brand?post=2851"},{"taxonomy":"product_cat","embeddable":true,"href":"https:\/\/mountlaser.com\/pl\/wp-json\/wp\/v2\/product_cat?post=2851"},{"taxonomy":"product_tag","embeddable":true,"href":"https:\/\/mountlaser.com\/pl\/wp-json\/wp\/v2\/product_tag?post=2851"}],"curies":[{"name":"wp","href":"https:\/\/api.w.org\/{rel}","templated":true}]}}