{"id":2844,"date":"2025-10-21T08:42:16","date_gmt":"2025-10-21T08:42:16","guid":{"rendered":"https:\/\/mountlaser.com\/?post_type=product&#038;p=2844"},"modified":"2025-11-28T05:41:57","modified_gmt":"2025-11-28T05:41:57","slug":"pf640r-corner-cube-prism-with-canister","status":"publish","type":"product","link":"https:\/\/mountlaser.com\/pl\/produkt\/pf640r-corner-cube-prism-with-canister\/","title":{"rendered":"PF640R Naro\u017cny sze\u015bcian pryzmatyczny z pojemnikiem"},"content":{"rendered":"<p>G\u00f3rski laser <a href=\"https:\/\/mountlaser.com\/pl\/\"><strong>PF640R Naro\u017cny sze\u015bcian pryzmatyczny z pojemnikiem<\/strong><\/a> to wysokiej jako\u015bci, wodoodporny, wymienny pryzmat, zaprojektowany z my\u015bl\u0105 o niezawodno\u015bci w trudnych warunkach geodezyjnych. Ten solidny zestaw zawiera precyzyjny pryzmat optyczny o \u015brednicy \u00f864,0 mm, umieszczony w charakterystycznej, czerwonej, szczelnej metalowej obudowie.<\/p>\n<p><img fetchpriority=\"high\" decoding=\"async\" class=\"aligncenter wp-image-2847\" src=\"https:\/\/mountlaser.com\/wp-content\/uploads\/2025\/10\/PF640R-4.webp\" alt=\"Waterproof Prism Replaceable \" width=\"500\" height=\"500\" srcset=\"https:\/\/mountlaser.com\/wp-content\/uploads\/2025\/10\/PF640R-4.webp 1000w, https:\/\/mountlaser.com\/wp-content\/uploads\/2025\/10\/PF640R-4-300x300.webp 300w, https:\/\/mountlaser.com\/wp-content\/uploads\/2025\/10\/PF640R-4-400x400.webp 400w, https:\/\/mountlaser.com\/wp-content\/uploads\/2025\/10\/PF640R-4-800x800.webp 800w, https:\/\/mountlaser.com\/wp-content\/uploads\/2025\/10\/PF640R-4-600x600.webp 600w, https:\/\/mountlaser.com\/wp-content\/uploads\/2025\/10\/PF640R-4-150x150.webp 150w, https:\/\/mountlaser.com\/wp-content\/uploads\/2025\/10\/PF640R-4-768x768.webp 768w, https:\/\/mountlaser.com\/wp-content\/uploads\/2025\/10\/PF640R-4-12x12.webp 12w\" sizes=\"(max-width: 500px) 100vw, 500px\" \/><\/p>\n<p>Podstawow\u0105 warto\u015bci\u0105 tego <a href=\"https:\/\/mountlaser.com\/pl\/contact-us\/\"><strong>Wodoodporny pryzmat wymienny<\/strong><\/a> Zalet\u0105 urz\u0105dzenia jest jego dwufunkcyjna konstrukcja: wytrzyma\u0142y pojemnik zapewnia ochron\u0119 przed deszczem, wilgoci\u0105 i kurzem o stopniu ochrony IP, a wewn\u0119trzny pryzmat jest standardowym, wodoodpornym elementem wymiennym, co umo\u017cliwia \u0142atw\u0105 obs\u0142ug\u0119 i ekonomiczn\u0105 konserwacj\u0119 w terenie. Zapewnia to d\u0142ugotrwa\u0142\u0105 trwa\u0142o\u015b\u0107 i chroni Twoj\u0105 inwestycj\u0119.<\/p>","protected":false},"excerpt":{"rendered":"<ul>\n<li>Doskona\u0142a ochrona przed warunkami atmosferycznymi: Hermetycznie zamkni\u0119ta metalowa obudowa sprawia, \u017ce zestaw pryzmat\u00f3w jest ca\u0142kowicie wodoodporny, co idealnie sprawdza si\u0119 podczas prac geodezyjnych w ka\u017cdych warunkach pogodowych.<\/li>\n<li>Rdze\u0144 wymienialny w terenie: Wewn\u0119trzny pryzmat o \u015brednicy \u00f864,0 mm zaprojektowano tak, aby mo\u017cna go by\u0142o \u0142atwo wymieni\u0107, co upraszcza naprawy, skraca przestoje i koszty d\u0142ugoterminowe.<\/li>\n<\/ul>","protected":false},"featured_media":2845,"comment_status":"open","ping_status":"closed","template":"","meta":[],"product_brand":[],"product_cat":[72,105],"product_tag":[],"class_list":{"0":"post-2844","1":"product","2":"type-product","3":"status-publish","4":"has-post-thumbnail","6":"product_cat-reflective-target-prism","7":"product_cat-corner-cube-prisms","9":"first","10":"instock","11":"shipping-taxable","12":"product-type-simple"},"_links":{"self":[{"href":"https:\/\/mountlaser.com\/pl\/wp-json\/wp\/v2\/product\/2844","targetHints":{"allow":["GET"]}}],"collection":[{"href":"https:\/\/mountlaser.com\/pl\/wp-json\/wp\/v2\/product"}],"about":[{"href":"https:\/\/mountlaser.com\/pl\/wp-json\/wp\/v2\/types\/product"}],"replies":[{"embeddable":true,"href":"https:\/\/mountlaser.com\/pl\/wp-json\/wp\/v2\/comments?post=2844"}],"wp:featuredmedia":[{"embeddable":true,"href":"https:\/\/mountlaser.com\/pl\/wp-json\/wp\/v2\/media\/2845"}],"wp:attachment":[{"href":"https:\/\/mountlaser.com\/pl\/wp-json\/wp\/v2\/media?parent=2844"}],"wp:term":[{"taxonomy":"product_brand","embeddable":true,"href":"https:\/\/mountlaser.com\/pl\/wp-json\/wp\/v2\/product_brand?post=2844"},{"taxonomy":"product_cat","embeddable":true,"href":"https:\/\/mountlaser.com\/pl\/wp-json\/wp\/v2\/product_cat?post=2844"},{"taxonomy":"product_tag","embeddable":true,"href":"https:\/\/mountlaser.com\/pl\/wp-json\/wp\/v2\/product_tag?post=2844"}],"curies":[{"name":"wp","href":"https:\/\/api.w.org\/{rel}","templated":true}]}}