{"id":2837,"date":"2025-10-21T08:10:24","date_gmt":"2025-10-21T08:10:24","guid":{"rendered":"https:\/\/mountlaser.com\/?post_type=product&#038;p=2837"},"modified":"2025-11-28T05:43:11","modified_gmt":"2025-11-28T05:43:11","slug":"pc640r-corner-cube-prism-with-canister","status":"publish","type":"product","link":"https:\/\/mountlaser.com\/pl\/produkt\/pc640r-corner-cube-prism-with-canister\/","title":{"rendered":"PC640R Naro\u017cny sze\u015bcian pryzmatyczny z pojemnikiem"},"content":{"rendered":"<p>G\u00f3rski laser <a href=\"https:\/\/mountlaser.com\/pl\/products\/\"><strong>PC640R Naro\u017cny sze\u015bcian pryzmatyczny z pojemnikiem<\/strong><\/a> to niezwykle precyzyjny pryzmat SOK, zaprojektowany z my\u015bl\u0105 o wyj\u0105tkowej trwa\u0142o\u015bci i dok\u0142adno\u015bci pomiaru.<br \/>\nTen wytrzyma\u0142y pryzmat sze\u015bcienny naro\u017cny PC640R z pojemnikiem zawiera pryzmat o \u015brednicy 64,0 mm bezpiecznie umieszczony w ochronnej metalowej obudowie, co czyni go idealnym bezpo\u015brednim zamiennikiem pryzmat\u00f3w oryginalnego producenta sprz\u0119tu (OEM).<\/p>\n<p><img fetchpriority=\"high\" decoding=\"async\" class=\"aligncenter wp-image-2838\" src=\"https:\/\/mountlaser.com\/wp-content\/uploads\/2025\/10\/PC640R-2.webp\" alt=\"PC640R Corner Cube Prism With Canister\" width=\"500\" height=\"500\" srcset=\"https:\/\/mountlaser.com\/wp-content\/uploads\/2025\/10\/PC640R-2.webp 1000w, https:\/\/mountlaser.com\/wp-content\/uploads\/2025\/10\/PC640R-2-300x300.webp 300w, https:\/\/mountlaser.com\/wp-content\/uploads\/2025\/10\/PC640R-2-400x400.webp 400w, https:\/\/mountlaser.com\/wp-content\/uploads\/2025\/10\/PC640R-2-800x800.webp 800w, https:\/\/mountlaser.com\/wp-content\/uploads\/2025\/10\/PC640R-2-600x600.webp 600w, https:\/\/mountlaser.com\/wp-content\/uploads\/2025\/10\/PC640R-2-150x150.webp 150w, https:\/\/mountlaser.com\/wp-content\/uploads\/2025\/10\/PC640R-2-768x768.webp 768w, https:\/\/mountlaser.com\/wp-content\/uploads\/2025\/10\/PC640R-2-12x12.webp 12w\" sizes=\"(max-width: 500px) 100vw, 500px\" \/><br \/>\nZaprojektowana, aby wytrzyma\u0107 trudy codziennego u\u017cytkowania na wymagaj\u0105cych placach budowy, ta niezawodna maszyna<a href=\"https:\/\/mountlaser.com\/pl\/contact-us\/\"><strong> PC640R Naro\u017cny sze\u015bcian pryzmatyczny z pojemnikiem<\/strong><\/a> zapewnia sp\u00f3jn\u0105 wydajno\u015b\u0107 wszystkich zastosowa\u0144 tachimetru, od tyczenia budowlanego po pomiary topograficzne.<\/p>","protected":false},"excerpt":{"rendered":"<ul>\n<li>Zgodno\u015b\u0107 z pryzmatem SOK: Zaprojektowany jako standardowy pryzmat SOK (\u00f864,0 mm)<\/li>\n<li>zapewniaj\u0105c bezproblemow\u0105 integracj\u0119 i niezawodn\u0105 prac\u0119 z kompatybilnymi systemami tachimetr\u00f3w.<\/li>\n<li>Wytrzyma\u0142a metalowa obudowa: Pryzmat jest chroniony przez solidn\u0105 metalow\u0105 obudow\u0119, kt\u00f3ra zabezpiecza precyzyjn\u0105 optyk\u0119 przed uderzeniami<\/li>\n<li>kurz i wilgo\u0107, co umo\u017cliwia d\u0142ugotrwa\u0142e u\u017cytkowanie w trudnych warunkach.<\/li>\n<\/ul>","protected":false},"featured_media":2839,"comment_status":"open","ping_status":"closed","template":"","meta":[],"product_brand":[],"product_cat":[72,105],"product_tag":[],"class_list":{"0":"post-2837","1":"product","2":"type-product","3":"status-publish","4":"has-post-thumbnail","6":"product_cat-reflective-target-prism","7":"product_cat-corner-cube-prisms","9":"first","10":"instock","11":"shipping-taxable","12":"product-type-simple"},"_links":{"self":[{"href":"https:\/\/mountlaser.com\/pl\/wp-json\/wp\/v2\/product\/2837","targetHints":{"allow":["GET"]}}],"collection":[{"href":"https:\/\/mountlaser.com\/pl\/wp-json\/wp\/v2\/product"}],"about":[{"href":"https:\/\/mountlaser.com\/pl\/wp-json\/wp\/v2\/types\/product"}],"replies":[{"embeddable":true,"href":"https:\/\/mountlaser.com\/pl\/wp-json\/wp\/v2\/comments?post=2837"}],"wp:featuredmedia":[{"embeddable":true,"href":"https:\/\/mountlaser.com\/pl\/wp-json\/wp\/v2\/media\/2839"}],"wp:attachment":[{"href":"https:\/\/mountlaser.com\/pl\/wp-json\/wp\/v2\/media?parent=2837"}],"wp:term":[{"taxonomy":"product_brand","embeddable":true,"href":"https:\/\/mountlaser.com\/pl\/wp-json\/wp\/v2\/product_brand?post=2837"},{"taxonomy":"product_cat","embeddable":true,"href":"https:\/\/mountlaser.com\/pl\/wp-json\/wp\/v2\/product_cat?post=2837"},{"taxonomy":"product_tag","embeddable":true,"href":"https:\/\/mountlaser.com\/pl\/wp-json\/wp\/v2\/product_tag?post=2837"}],"curies":[{"name":"wp","href":"https:\/\/api.w.org\/{rel}","templated":true}]}}