{"id":2830,"date":"2025-10-21T08:03:40","date_gmt":"2025-10-21T08:03:40","guid":{"rendered":"https:\/\/mountlaser.com\/?post_type=product&#038;p=2830"},"modified":"2025-12-01T09:00:41","modified_gmt":"2025-12-01T09:00:41","slug":"pb640rl-corner-cube-prism-with-canister","status":"publish","type":"product","link":"https:\/\/mountlaser.com\/pl\/produkt\/pb640rl-corner-cube-prism-with-canister\/","title":{"rendered":"PB640RL Naro\u017cny sze\u015bcian pryzmatyczny z pojemnikiem"},"content":{"rendered":"<p>G\u00f3rski laser <a href=\"https:\/\/mountlaser.com\/pl\/kategoria-produktu\/reflective-target-prism\/\"><strong>PB640RL Naro\u017cny sze\u015bcian pryzmatyczny z pojemnikiem<\/strong><\/a> To prze\u0142omowe rozwi\u0105zanie do pomiar\u00f3w geodezyjnych w warunkach s\u0142abego o\u015bwietlenia i wysokiej widoczno\u015bci. Ten innowacyjny pryzmat sze\u015bcienny PB640RL Corner Cube Prism With Canister integruje jasne, doskonale widoczne \u015bwiat\u0142o ze standardowym czerwonym pryzmatem o \u015brednicy 64,0 mm, tworz\u0105c doskona\u0142e narz\u0119dzie do pracy 24\/7.<\/p>\n<p>Jako bezpo\u015bredni zamiennik standardowych pryzmat\u00f3w, ten pod\u015bwietlany <a href=\"https:\/\/mountlaser.com\/pl\/\">PB640RL Naro\u017cny sze\u015bcian pryzmatyczny z pojemnikiem<\/a> gwarantuje, \u017ce Tw\u00f3j cel pozostanie doskonale widoczny o \u015bwicie, o zmierzchu, w nocy lub w g\u0119sto zaludnionym \u015brodowisku miejskim. Wytrzyma\u0142y metalowy pojemnik chroni precyzyjn\u0105 optyk\u0119 i elektronik\u0119, oferuj\u0105c niezr\u00f3wnan\u0105 trwa\u0142o\u015b\u0107.<\/p>\n<p><img fetchpriority=\"high\" decoding=\"async\" class=\"aligncenter wp-image-2833\" src=\"https:\/\/mountlaser.com\/wp-content\/uploads\/2025\/10\/PB640RL-4.webp\" alt=\"PB640RL Corner Cube Prism With Canister \" width=\"500\" height=\"500\" srcset=\"https:\/\/mountlaser.com\/wp-content\/uploads\/2025\/10\/PB640RL-4.webp 1000w, https:\/\/mountlaser.com\/wp-content\/uploads\/2025\/10\/PB640RL-4-300x300.webp 300w, https:\/\/mountlaser.com\/wp-content\/uploads\/2025\/10\/PB640RL-4-400x400.webp 400w, https:\/\/mountlaser.com\/wp-content\/uploads\/2025\/10\/PB640RL-4-800x800.webp 800w, https:\/\/mountlaser.com\/wp-content\/uploads\/2025\/10\/PB640RL-4-600x600.webp 600w, https:\/\/mountlaser.com\/wp-content\/uploads\/2025\/10\/PB640RL-4-150x150.webp 150w, https:\/\/mountlaser.com\/wp-content\/uploads\/2025\/10\/PB640RL-4-768x768.webp 768w, https:\/\/mountlaser.com\/wp-content\/uploads\/2025\/10\/PB640RL-4-12x12.webp 12w\" sizes=\"(max-width: 500px) 100vw, 500px\" \/><\/p>\n<p>Nigdy nie tra\u0107 z oczu <a href=\"https:\/\/mountlaser.com\/pl\/contact-us\/\">Tw\u00f3j cel<\/a> ponownie i przesu\u0144 granice tego, kiedy i gdzie mo\u017cesz prowadzi\u0107 pomiary za pomoc\u0105 tego wielofunkcyjnego systemu pryzmatycznego z pod\u015bwietleniem.<\/p>","protected":false},"excerpt":{"rendered":"<ul>\n<li>Zintegrowany system o\u015bwietlenia: Posiada wbudowane \u015bwiat\u0142o o du\u017cej intensywno\u015bci, kt\u00f3re sprawia, \u017ce pryzmat jest doskonale widoczny w warunkach s\u0142abego o\u015bwietlenia, umo\u017cliwiaj\u0105c d\u0142u\u017csz\u0105 prac\u0119.<\/li>\n<li>Obudowa w kolorze czerwonym o wysokiej widoczno\u015bci: Wyrazisty czerwony kolor zapewnia doskona\u0142y kontrast i \u0142atw\u0105 identyfikacj\u0119 podczas operacji dziennych.<\/li>\n<\/ul>","protected":false},"featured_media":2831,"comment_status":"open","ping_status":"closed","template":"","meta":[],"product_brand":[],"product_cat":[105,72],"product_tag":[],"class_list":{"0":"post-2830","1":"product","2":"type-product","3":"status-publish","4":"has-post-thumbnail","6":"product_cat-corner-cube-prisms","7":"product_cat-reflective-target-prism","9":"first","10":"instock","11":"shipping-taxable","12":"product-type-simple"},"_links":{"self":[{"href":"https:\/\/mountlaser.com\/pl\/wp-json\/wp\/v2\/product\/2830","targetHints":{"allow":["GET"]}}],"collection":[{"href":"https:\/\/mountlaser.com\/pl\/wp-json\/wp\/v2\/product"}],"about":[{"href":"https:\/\/mountlaser.com\/pl\/wp-json\/wp\/v2\/types\/product"}],"replies":[{"embeddable":true,"href":"https:\/\/mountlaser.com\/pl\/wp-json\/wp\/v2\/comments?post=2830"}],"wp:featuredmedia":[{"embeddable":true,"href":"https:\/\/mountlaser.com\/pl\/wp-json\/wp\/v2\/media\/2831"}],"wp:attachment":[{"href":"https:\/\/mountlaser.com\/pl\/wp-json\/wp\/v2\/media?parent=2830"}],"wp:term":[{"taxonomy":"product_brand","embeddable":true,"href":"https:\/\/mountlaser.com\/pl\/wp-json\/wp\/v2\/product_brand?post=2830"},{"taxonomy":"product_cat","embeddable":true,"href":"https:\/\/mountlaser.com\/pl\/wp-json\/wp\/v2\/product_cat?post=2830"},{"taxonomy":"product_tag","embeddable":true,"href":"https:\/\/mountlaser.com\/pl\/wp-json\/wp\/v2\/product_tag?post=2830"}],"curies":[{"name":"wp","href":"https:\/\/api.w.org\/{rel}","templated":true}]}}