{"id":2821,"date":"2025-10-21T07:53:54","date_gmt":"2025-10-21T07:53:54","guid":{"rendered":"https:\/\/mountlaser.com\/?post_type=product&#038;p=2821"},"modified":"2025-11-28T05:45:17","modified_gmt":"2025-11-28T05:45:17","slug":"pb640-corner-cube-prism-with-canister","status":"publish","type":"product","link":"https:\/\/mountlaser.com\/pl\/produkt\/pb640-corner-cube-prism-with-canister\/","title":{"rendered":"PB640 Naro\u017cny sze\u015bcian pryzmatyczny z pojemnikiem"},"content":{"rendered":"<p>G\u00f3rski laser <a href=\"https:\/\/mountlaser.com\/pl\/products\/\"><strong>PB640 Naro\u017cny sze\u015bcian pryzmatyczny z pojemnikiem<\/strong><\/a> to wysoce precyzyjny retroreflektor zaprojektowany z my\u015bl\u0105 o doskona\u0142ej wydajno\u015bci w po\u0142\u0105czeniu z Twoim <a href=\"https:\/\/mountlaser.com\/pl\/about-us\/\"><strong>stacja tachimetryczna z sze\u015bcianem naro\u017cnym<\/strong><\/a>. Ten solidny zestaw zosta\u0142 zaprojektowany tak, aby zapewni\u0107 niezawodne i dok\u0142adne pomiary dalekiego zasi\u0119gu w najbardziej wymagaj\u0105cych warunkach geodezyjnych.<\/p>\n<p><img fetchpriority=\"high\" decoding=\"async\" class=\"aligncenter wp-image-2822\" src=\"https:\/\/mountlaser.com\/wp-content\/uploads\/2025\/10\/PB640Y-3.webp\" alt=\"Corner Cube Prism Total Station\" width=\"500\" height=\"500\" srcset=\"https:\/\/mountlaser.com\/wp-content\/uploads\/2025\/10\/PB640Y-3.webp 1000w, https:\/\/mountlaser.com\/wp-content\/uploads\/2025\/10\/PB640Y-3-300x300.webp 300w, https:\/\/mountlaser.com\/wp-content\/uploads\/2025\/10\/PB640Y-3-400x400.webp 400w, https:\/\/mountlaser.com\/wp-content\/uploads\/2025\/10\/PB640Y-3-800x800.webp 800w, https:\/\/mountlaser.com\/wp-content\/uploads\/2025\/10\/PB640Y-3-600x600.webp 600w, https:\/\/mountlaser.com\/wp-content\/uploads\/2025\/10\/PB640Y-3-150x150.webp 150w, https:\/\/mountlaser.com\/wp-content\/uploads\/2025\/10\/PB640Y-3-768x768.webp 768w, https:\/\/mountlaser.com\/wp-content\/uploads\/2025\/10\/PB640Y-3-12x12.webp 12w\" sizes=\"(max-width: 500px) 100vw, 500px\" \/><\/p>\n<p>Dost\u0119pny w dw\u00f3ch wariantach kolorystycznych o wysokiej widoczno\u015bci \u2013 pryzmat naro\u017cny sze\u015bcienny PB640Y z pojemnikiem (\u017c\u00f3\u0142ty) i pryzmat naro\u017cny sze\u015bcienny PB640R z pojemnikiem (czerwony) \u2013 ten pryzmat o \u015brednicy 64,0 mm zapewnia \u0142atw\u0105 identyfikacj\u0119 w ruchliwych miejscach pracy. Wytrzyma\u0142y metalowy pojemnik zapewnia niezb\u0119dn\u0105 ochron\u0119 precyzyjnej optyki, dzi\u0119ki czemu jest idealnym i trwa\u0142ym zamiennikiem dla ka\u017cdego\u2026 <a href=\"https:\/\/mountlaser.com\/pl\/contact-us\/\">stacja tachimetryczna z sze\u015bcianem naro\u017cnym<\/a> Konfiguracja. Niezale\u017cnie od tego, czy pracujesz nad uk\u0142adem konstrukcyjnym, pomiarami topograficznymi, czy monitorowaniem deformacji, ten pryzmat gwarantuje sp\u00f3jne i wiarygodne wyniki.<\/p>","protected":false},"excerpt":{"rendered":"<ul>\n<li>Ochronna metalowa obudowa chroni precyzyjn\u0105 optyk\u0119 przed uderzeniami, kurzem i wilgoci\u0105, zapewniaj\u0105c d\u0142ugotrwa\u0142\u0105 niezawodno\u015b\u0107.<\/li>\n<li>S\u0142u\u017cy jako wysokiej jako\u015bci zamienny pryzmat do r\u00f3\u017cnych zastosowa\u0144 geodezyjnych, kompatybilny ze standardowymi uchwytami pryzmat\u00f3w.<\/li>\n<\/ul>","protected":false},"featured_media":2827,"comment_status":"open","ping_status":"closed","template":"","meta":[],"product_brand":[],"product_cat":[105,72],"product_tag":[],"class_list":{"0":"post-2821","1":"product","2":"type-product","3":"status-publish","4":"has-post-thumbnail","6":"product_cat-corner-cube-prisms","7":"product_cat-reflective-target-prism","9":"first","10":"instock","11":"shipping-taxable","12":"product-type-simple"},"_links":{"self":[{"href":"https:\/\/mountlaser.com\/pl\/wp-json\/wp\/v2\/product\/2821","targetHints":{"allow":["GET"]}}],"collection":[{"href":"https:\/\/mountlaser.com\/pl\/wp-json\/wp\/v2\/product"}],"about":[{"href":"https:\/\/mountlaser.com\/pl\/wp-json\/wp\/v2\/types\/product"}],"replies":[{"embeddable":true,"href":"https:\/\/mountlaser.com\/pl\/wp-json\/wp\/v2\/comments?post=2821"}],"wp:featuredmedia":[{"embeddable":true,"href":"https:\/\/mountlaser.com\/pl\/wp-json\/wp\/v2\/media\/2827"}],"wp:attachment":[{"href":"https:\/\/mountlaser.com\/pl\/wp-json\/wp\/v2\/media?parent=2821"}],"wp:term":[{"taxonomy":"product_brand","embeddable":true,"href":"https:\/\/mountlaser.com\/pl\/wp-json\/wp\/v2\/product_brand?post=2821"},{"taxonomy":"product_cat","embeddable":true,"href":"https:\/\/mountlaser.com\/pl\/wp-json\/wp\/v2\/product_cat?post=2821"},{"taxonomy":"product_tag","embeddable":true,"href":"https:\/\/mountlaser.com\/pl\/wp-json\/wp\/v2\/product_tag?post=2821"}],"curies":[{"name":"wp","href":"https:\/\/api.w.org\/{rel}","templated":true}]}}