{"id":2814,"date":"2025-10-21T07:19:40","date_gmt":"2025-10-21T07:19:40","guid":{"rendered":"https:\/\/mountlaser.com\/?post_type=product&#038;p=2814"},"modified":"2025-11-28T05:46:35","modified_gmt":"2025-11-28T05:46:35","slug":"pj640b-corner-cube-prism-with-canister","status":"publish","type":"product","link":"https:\/\/mountlaser.com\/pl\/produkt\/pj640b-corner-cube-prism-with-canister\/","title":{"rendered":"PJ640B Naro\u017cny sze\u015bcian pryzmatyczny z pojemnikiem"},"content":{"rendered":"<p>G\u00f3rski laser <a href=\"https:\/\/mountlaser.com\/pl\/\"><strong>PJ640B Naro\u017cny sze\u015bcian pryzmatyczny z pojemnikiem<\/strong><\/a> to precyzyjny i wytrzyma\u0142y retroreflektor przeznaczony do wymagaj\u0105cych zastosowa\u0144 geodezyjnych. Ten kompletny zestaw naro\u017cnych pryzmat\u00f3w sze\u015bciennych zosta\u0142 zaprojektowany tak, aby wytrzyma\u0107 trudne warunki panuj\u0105ce na placu budowy, zapewniaj\u0105c jednocze\u015bnie niezawodn\u0105 dok\u0142adno\u015b\u0107 pomiar\u00f3w z du\u017cego zasi\u0119gu.<\/p>\n<p>Umieszczony w solidnej metalowej obudowie, naro\u017cny pryzmat sze\u015bcienny o \u015brednicy \u00f864,0 mm zosta\u0142 zaprojektowany z my\u015bl\u0105 o wyj\u0105tkowej wydajno\u015bci we wsp\u00f3\u0142pracy ze wszystkimi g\u0142\u00f3wnymi tachimetrami. Ten zestaw naro\u017cnych pryzmat\u00f3w sze\u015bciennych doskonale sprawdza si\u0119 jako zamiennik pryzmatu w szerokim zakresie projekt\u00f3w geodezyjnych, od planowania budowy po monitorowanie odkszta\u0142ce\u0144. Zintegrowana obudowa zapewnia doskona\u0142\u0105 ochron\u0119 elementu optycznego, gwarantuj\u0105c sta\u0142\u0105 wydajno\u015b\u0107 i trwa\u0142o\u015b\u0107.<\/p>\n<p><img fetchpriority=\"high\" decoding=\"async\" class=\"aligncenter wp-image-2815\" src=\"https:\/\/mountlaser.com\/wp-content\/uploads\/2025\/10\/PJ640B-1.webp\" alt=\"Corner cube prism kit\" width=\"500\" height=\"500\" srcset=\"https:\/\/mountlaser.com\/wp-content\/uploads\/2025\/10\/PJ640B-1.webp 1000w, https:\/\/mountlaser.com\/wp-content\/uploads\/2025\/10\/PJ640B-1-300x300.webp 300w, https:\/\/mountlaser.com\/wp-content\/uploads\/2025\/10\/PJ640B-1-400x400.webp 400w, https:\/\/mountlaser.com\/wp-content\/uploads\/2025\/10\/PJ640B-1-800x800.webp 800w, https:\/\/mountlaser.com\/wp-content\/uploads\/2025\/10\/PJ640B-1-600x600.webp 600w, https:\/\/mountlaser.com\/wp-content\/uploads\/2025\/10\/PJ640B-1-150x150.webp 150w, https:\/\/mountlaser.com\/wp-content\/uploads\/2025\/10\/PJ640B-1-768x768.webp 768w, https:\/\/mountlaser.com\/wp-content\/uploads\/2025\/10\/PJ640B-1-12x12.webp 12w\" sizes=\"(max-width: 500px) 100vw, 500px\" \/><\/p>\n<p>Zainwestuj w niezawodno\u015b\u0107 i precyzj\u0119 tego profesjonalisty <a href=\"https:\/\/mountlaser.com\/pl\/products\/\"><strong>zestaw do budowy sze\u015bcianu naro\u017cnego<\/strong><\/a> aby zwi\u0119kszy\u0107 efektywno\u015b\u0107 i dok\u0142adno\u015b\u0107 pracy w terenie.<\/p>","protected":false},"excerpt":{"rendered":"<ul>\n<li>Pryzmat sze\u015bcienny o \u015brednicy \u00f864,0 mm zapewnia dok\u0142adne i dalekie pomiary dla tachimetr\u00f3w.<\/li>\n<li>Trwa\u0142a metalowa obudowa (pojemnik) chroni pryzmat przed uderzeniami, kurzem i wilgoci\u0105, dzi\u0119ki czemu idealnie nadaje si\u0119 do pracy w trudnych warunkach.<\/li>\n<\/ul>","protected":false},"featured_media":2816,"comment_status":"open","ping_status":"closed","template":"","meta":[],"product_brand":[],"product_cat":[72,105],"product_tag":[],"class_list":{"0":"post-2814","1":"product","2":"type-product","3":"status-publish","4":"has-post-thumbnail","6":"product_cat-reflective-target-prism","7":"product_cat-corner-cube-prisms","9":"first","10":"instock","11":"shipping-taxable","12":"product-type-simple"},"_links":{"self":[{"href":"https:\/\/mountlaser.com\/pl\/wp-json\/wp\/v2\/product\/2814","targetHints":{"allow":["GET"]}}],"collection":[{"href":"https:\/\/mountlaser.com\/pl\/wp-json\/wp\/v2\/product"}],"about":[{"href":"https:\/\/mountlaser.com\/pl\/wp-json\/wp\/v2\/types\/product"}],"replies":[{"embeddable":true,"href":"https:\/\/mountlaser.com\/pl\/wp-json\/wp\/v2\/comments?post=2814"}],"wp:featuredmedia":[{"embeddable":true,"href":"https:\/\/mountlaser.com\/pl\/wp-json\/wp\/v2\/media\/2816"}],"wp:attachment":[{"href":"https:\/\/mountlaser.com\/pl\/wp-json\/wp\/v2\/media?parent=2814"}],"wp:term":[{"taxonomy":"product_brand","embeddable":true,"href":"https:\/\/mountlaser.com\/pl\/wp-json\/wp\/v2\/product_brand?post=2814"},{"taxonomy":"product_cat","embeddable":true,"href":"https:\/\/mountlaser.com\/pl\/wp-json\/wp\/v2\/product_cat?post=2814"},{"taxonomy":"product_tag","embeddable":true,"href":"https:\/\/mountlaser.com\/pl\/wp-json\/wp\/v2\/product_tag?post=2814"}],"curies":[{"name":"wp","href":"https:\/\/api.w.org\/{rel}","templated":true}]}}