{"id":2805,"date":"2025-10-20T09:11:18","date_gmt":"2025-10-20T09:11:18","guid":{"rendered":"https:\/\/mountlaser.com\/?post_type=product&#038;p=2805"},"modified":"2025-11-28T05:47:56","modified_gmt":"2025-11-28T05:47:56","slug":"gpr112-corner-cube-prism-with-canister","status":"publish","type":"product","link":"https:\/\/mountlaser.com\/pl\/produkt\/gpr112-corner-cube-prism-with-canister\/","title":{"rendered":"GPR112 Naro\u017cny pryzmat sze\u015bcienny z pojemnikiem"},"content":{"rendered":"<p>Ten <a href=\"https:\/\/mountlaser.com\/pl\/products\/\"><strong>GPR112 Naro\u017cny pryzmat sze\u015bcienny z pojemnikiem<\/strong> <\/a>Urz\u0105dzenie Mountlaser reprezentuje szczyt precyzji i wytrzyma\u0142o\u015bci w zastosowaniach geodezyjnych o wysokim ryzyku. To wysokiej klasy urz\u0105dzenie zosta\u0142o zaprojektowane wok\u00f3\u0142 du\u017cego, ultraprecyzyjnego pryzmatu szwajcarskiego (\u00d862,0 mm), znanego z wyj\u0105tkowego b\u0142\u0119du czo\u0142a fali i wydajno\u015bci pomiar\u00f3w dalekiego zasi\u0119gu. Umieszczony w wytrzyma\u0142ej, ochronnej metalowej obudowie, ten zestaw tworzy jeden z najniezawodniejszych retroreflektor\u00f3w Corner Cube dost\u0119pnych na rynku.<\/p>\n<p>GPR112 jest zaprojektowany jako bezpo\u015bredni, <a href=\"https:\/\/mountlaser.com\/pl\/\"><strong>wysokiej jako\u015bci zamienny pryzmat<\/strong><\/a> do wymagaj\u0105cych sieci steruj\u0105cych i monitorowania deformacji.<\/p>\n<p><img fetchpriority=\"high\" decoding=\"async\" class=\"aligncenter wp-image-2808\" src=\"https:\/\/mountlaser.com\/wp-content\/uploads\/2025\/10\/GPR112-5.webp\" alt=\"Corner Cube Retroreflectors \" width=\"500\" height=\"500\" srcset=\"https:\/\/mountlaser.com\/wp-content\/uploads\/2025\/10\/GPR112-5.webp 1000w, https:\/\/mountlaser.com\/wp-content\/uploads\/2025\/10\/GPR112-5-300x300.webp 300w, https:\/\/mountlaser.com\/wp-content\/uploads\/2025\/10\/GPR112-5-400x400.webp 400w, https:\/\/mountlaser.com\/wp-content\/uploads\/2025\/10\/GPR112-5-800x800.webp 800w, https:\/\/mountlaser.com\/wp-content\/uploads\/2025\/10\/GPR112-5-600x600.webp 600w, https:\/\/mountlaser.com\/wp-content\/uploads\/2025\/10\/GPR112-5-150x150.webp 150w, https:\/\/mountlaser.com\/wp-content\/uploads\/2025\/10\/GPR112-5-768x768.webp 768w, https:\/\/mountlaser.com\/wp-content\/uploads\/2025\/10\/GPR112-5-12x12.webp 12w\" sizes=\"(max-width: 500px) 100vw, 500px\" \/><\/p>\n<p>Dzi\u0119ki zintegrowaniu tego doskona\u0142ego pryzmatu szwajcarskiego z solidn\u0105 obudow\u0105, Mountlaser zapewnia <a href=\"https:\/\/mountlaser.com\/pl\/contact-us\/\"><strong>Reflektory Corner Cube<\/strong><\/a> rozwi\u0105zanie zapewniaj\u0105ce niezr\u00f3wnan\u0105 dok\u0142adno\u015b\u0107 i trwa\u0142o\u015b\u0107 w najbardziej wymagaj\u0105cych warunkach.<\/p>","protected":false},"excerpt":{"rendered":"<ul>\n<li>S\u0142u\u017cy jako bezpo\u015bredni, wysoce precyzyjny pryzmat zamienny do istniej\u0105cych system\u00f3w, oferuj\u0105c mo\u017cliwo\u015b\u0107 modernizacji w celu uzyskania lepszej wydajno\u015bci i niezawodno\u015bci.<\/li>\n<li>Posiada standardowe gwinty umo\u017cliwiaj\u0105ce bezproblemow\u0105 integracj\u0119 z szerok\u0105 gam\u0105 tyczek geodezyjnych, spodarek i platform monta\u017cowych.<\/li>\n<\/ul>","protected":false},"featured_media":2806,"comment_status":"open","ping_status":"closed","template":"","meta":[],"product_brand":[],"product_cat":[72,105],"product_tag":[],"class_list":{"0":"post-2805","1":"product","2":"type-product","3":"status-publish","4":"has-post-thumbnail","6":"product_cat-reflective-target-prism","7":"product_cat-corner-cube-prisms","9":"first","10":"instock","11":"shipping-taxable","12":"product-type-simple"},"_links":{"self":[{"href":"https:\/\/mountlaser.com\/pl\/wp-json\/wp\/v2\/product\/2805","targetHints":{"allow":["GET"]}}],"collection":[{"href":"https:\/\/mountlaser.com\/pl\/wp-json\/wp\/v2\/product"}],"about":[{"href":"https:\/\/mountlaser.com\/pl\/wp-json\/wp\/v2\/types\/product"}],"replies":[{"embeddable":true,"href":"https:\/\/mountlaser.com\/pl\/wp-json\/wp\/v2\/comments?post=2805"}],"wp:featuredmedia":[{"embeddable":true,"href":"https:\/\/mountlaser.com\/pl\/wp-json\/wp\/v2\/media\/2806"}],"wp:attachment":[{"href":"https:\/\/mountlaser.com\/pl\/wp-json\/wp\/v2\/media?parent=2805"}],"wp:term":[{"taxonomy":"product_brand","embeddable":true,"href":"https:\/\/mountlaser.com\/pl\/wp-json\/wp\/v2\/product_brand?post=2805"},{"taxonomy":"product_cat","embeddable":true,"href":"https:\/\/mountlaser.com\/pl\/wp-json\/wp\/v2\/product_cat?post=2805"},{"taxonomy":"product_tag","embeddable":true,"href":"https:\/\/mountlaser.com\/pl\/wp-json\/wp\/v2\/product_tag?post=2805"}],"curies":[{"name":"wp","href":"https:\/\/api.w.org\/{rel}","templated":true}]}}