{"id":2798,"date":"2025-10-20T08:55:36","date_gmt":"2025-10-20T08:55:36","guid":{"rendered":"https:\/\/mountlaser.com\/?post_type=product&#038;p=2798"},"modified":"2025-11-28T05:49:37","modified_gmt":"2025-11-28T05:49:37","slug":"pa-b381-corner-cube-prism-with-canister","status":"publish","type":"product","link":"https:\/\/mountlaser.com\/pl\/produkt\/pa-b381-corner-cube-prism-with-canister\/","title":{"rendered":"PA\/B381 Naro\u017cny sze\u015bcian pryzmatyczny z pojemnikiem"},"content":{"rendered":"<p>Mountlaser wprowadza<a href=\"https:\/\/mountlaser.com\/pl\/about-us\/\"> <strong>PA381 Naro\u017cny sze\u015bcian pryzmatyczny z pojemnikiem<\/strong><\/a> oraz PB381 Corner Cube Prism With Canister, dwa solidne rozwi\u0105zania zaprojektowane z my\u015bl\u0105 o znakomitej wydajno\u015bci w wymagaj\u0105cych warunkach terenowych.<\/p>\n<p>W obu modelach zastosowano niezwykle precyzyjny pryzmat sze\u015bcienny umieszczony w ochronnej obudowie metalowej, co zabezpiecza krytyczny element optyczny przed uderzeniami, kurzem i wilgoci\u0105.<br \/>\nPryzmat sze\u015bcienny PA381 Corner Cube Prism With Canister to najwy\u017cszej klasy pryzmat TOP (\u00d838,1 mm) zapewniaj\u0105cy maksymaln\u0105 intensywno\u015b\u0107 i zasi\u0119g sygna\u0142u.<\/p>\n<p><img fetchpriority=\"high\" decoding=\"async\" class=\"aligncenter wp-image-2800\" src=\"https:\/\/mountlaser.com\/wp-content\/uploads\/2025\/10\/PA381-5.webp\" alt=\"Corner Cube Prism With Canister\" width=\"500\" height=\"500\" srcset=\"https:\/\/mountlaser.com\/wp-content\/uploads\/2025\/10\/PA381-5.webp 1000w, https:\/\/mountlaser.com\/wp-content\/uploads\/2025\/10\/PA381-5-300x300.webp 300w, https:\/\/mountlaser.com\/wp-content\/uploads\/2025\/10\/PA381-5-400x400.webp 400w, https:\/\/mountlaser.com\/wp-content\/uploads\/2025\/10\/PA381-5-800x800.webp 800w, https:\/\/mountlaser.com\/wp-content\/uploads\/2025\/10\/PA381-5-600x600.webp 600w, https:\/\/mountlaser.com\/wp-content\/uploads\/2025\/10\/PA381-5-150x150.webp 150w, https:\/\/mountlaser.com\/wp-content\/uploads\/2025\/10\/PA381-5-768x768.webp 768w, https:\/\/mountlaser.com\/wp-content\/uploads\/2025\/10\/PA381-5-12x12.webp 12w\" sizes=\"(max-width: 500px) 100vw, 500px\" \/><br \/>\nNiezawodna i ekonomiczna opcja: PB381 Corner Cube Prism With Canister ze standardowym, wysokiej jako\u015bci pryzmatem (\u00d838,1 mm) zapewnia wyj\u0105tkowo korzystny stosunek jako\u015bci do ceny.<\/p>\n<p><img decoding=\"async\" class=\"aligncenter wp-image-2804\" src=\"https:\/\/mountlaser.com\/wp-content\/uploads\/2025\/10\/PB381-9.webp\" alt=\"\" width=\"500\" height=\"500\" srcset=\"https:\/\/mountlaser.com\/wp-content\/uploads\/2025\/10\/PB381-9.webp 1000w, https:\/\/mountlaser.com\/wp-content\/uploads\/2025\/10\/PB381-9-300x300.webp 300w, https:\/\/mountlaser.com\/wp-content\/uploads\/2025\/10\/PB381-9-400x400.webp 400w, https:\/\/mountlaser.com\/wp-content\/uploads\/2025\/10\/PB381-9-800x800.webp 800w, https:\/\/mountlaser.com\/wp-content\/uploads\/2025\/10\/PB381-9-600x600.webp 600w, https:\/\/mountlaser.com\/wp-content\/uploads\/2025\/10\/PB381-9-150x150.webp 150w, https:\/\/mountlaser.com\/wp-content\/uploads\/2025\/10\/PB381-9-768x768.webp 768w, https:\/\/mountlaser.com\/wp-content\/uploads\/2025\/10\/PB381-9-12x12.webp 12w\" sizes=\"(max-width: 500px) 100vw, 500px\" \/><\/p>\n<p>Wyb\u00f3r <a href=\"https:\/\/mountlaser.com\/pl\/contact-us\/\"><strong>Sze\u015bcian naro\u017cny z pojemnikiem<\/strong><\/a> z tej serii gwarantuj\u0105 trwa\u0142o\u015b\u0107 i d\u0142ugoterminow\u0105 stabilno\u015b\u0107 pomiar\u00f3w dla Twoich najbardziej wymagaj\u0105cych projekt\u00f3w.<\/p>","protected":false},"excerpt":{"rendered":"<ul>\n<li>Oba modele PA381 i PB381 wykorzystuj\u0105 sze\u015bcian naro\u017cny o wymiarach 38,1 mm, umo\u017cliwiaj\u0105cy precyzyjne odbicie wsteczne, co pozwala na wiarygodne pomiary odleg\u0142o\u015bci za pomoc\u0105 tachimetr\u00f3w.<\/li>\n<li>Obudowa wyposa\u017cona jest w standardow\u0105 gwintowan\u0105 podstaw\u0119 (np. 5\/8\u2033-11), umo\u017cliwiaj\u0105c\u0105 szybki i bezpieczny monta\u017c na tyczkach pomiarowych, statywach i uchwytach magnetycznych.<\/li>\n<\/ul>","protected":false},"featured_media":2800,"comment_status":"open","ping_status":"closed","template":"","meta":[],"product_brand":[],"product_cat":[72,105],"product_tag":[],"class_list":{"0":"post-2798","1":"product","2":"type-product","3":"status-publish","4":"has-post-thumbnail","6":"product_cat-reflective-target-prism","7":"product_cat-corner-cube-prisms","9":"first","10":"instock","11":"shipping-taxable","12":"product-type-simple"},"_links":{"self":[{"href":"https:\/\/mountlaser.com\/pl\/wp-json\/wp\/v2\/product\/2798","targetHints":{"allow":["GET"]}}],"collection":[{"href":"https:\/\/mountlaser.com\/pl\/wp-json\/wp\/v2\/product"}],"about":[{"href":"https:\/\/mountlaser.com\/pl\/wp-json\/wp\/v2\/types\/product"}],"replies":[{"embeddable":true,"href":"https:\/\/mountlaser.com\/pl\/wp-json\/wp\/v2\/comments?post=2798"}],"wp:featuredmedia":[{"embeddable":true,"href":"https:\/\/mountlaser.com\/pl\/wp-json\/wp\/v2\/media\/2800"}],"wp:attachment":[{"href":"https:\/\/mountlaser.com\/pl\/wp-json\/wp\/v2\/media?parent=2798"}],"wp:term":[{"taxonomy":"product_brand","embeddable":true,"href":"https:\/\/mountlaser.com\/pl\/wp-json\/wp\/v2\/product_brand?post=2798"},{"taxonomy":"product_cat","embeddable":true,"href":"https:\/\/mountlaser.com\/pl\/wp-json\/wp\/v2\/product_cat?post=2798"},{"taxonomy":"product_tag","embeddable":true,"href":"https:\/\/mountlaser.com\/pl\/wp-json\/wp\/v2\/product_tag?post=2798"}],"curies":[{"name":"wp","href":"https:\/\/api.w.org\/{rel}","templated":true}]}}