{"id":2780,"date":"2025-10-20T08:34:57","date_gmt":"2025-10-20T08:34:57","guid":{"rendered":"https:\/\/mountlaser.com\/?post_type=product&#038;p=2780"},"modified":"2025-11-28T06:02:12","modified_gmt":"2025-11-28T06:02:12","slug":"g640t-corner-cube-prism","status":"publish","type":"product","link":"https:\/\/mountlaser.com\/pl\/produkt\/g640t-corner-cube-prism\/","title":{"rendered":"G640T Naro\u017cny sze\u015bcian pryzmatyczny"},"content":{"rendered":"<p>Ten <a href=\"https:\/\/mountlaser.com\/pl\/\"><strong>G640T Naro\u017cny sze\u015bcian pryzmatyczny<\/strong><\/a> to wysokiej jako\u015bci urz\u0105dzenie optyczne wykonane z wysokiej jako\u015bci szk\u0142a pryzmatycznego o \u015brednicy 64 mm. Zaprojektowany z my\u015bl\u0105 o dok\u0142adno\u015bci i trwa\u0142o\u015bci, ten pryzmat idealnie nadaje si\u0119 do r\u00f3\u017cnorodnych zastosowa\u0144 pomiarowych i pozycjonuj\u0105cych, w tym skanowania laserowego, geodezji i test\u00f3w optycznych.<\/p>\n<p><img fetchpriority=\"high\" decoding=\"async\" class=\"aligncenter wp-image-2785\" src=\"https:\/\/mountlaser.com\/wp-content\/uploads\/2025\/10\/G640T-7.webp\" alt=\"G640T Corner Cube Prism\" width=\"500\" height=\"500\" srcset=\"https:\/\/mountlaser.com\/wp-content\/uploads\/2025\/10\/G640T-7.webp 1000w, https:\/\/mountlaser.com\/wp-content\/uploads\/2025\/10\/G640T-7-300x300.webp 300w, https:\/\/mountlaser.com\/wp-content\/uploads\/2025\/10\/G640T-7-400x400.webp 400w, https:\/\/mountlaser.com\/wp-content\/uploads\/2025\/10\/G640T-7-800x800.webp 800w, https:\/\/mountlaser.com\/wp-content\/uploads\/2025\/10\/G640T-7-600x600.webp 600w, https:\/\/mountlaser.com\/wp-content\/uploads\/2025\/10\/G640T-7-150x150.webp 150w, https:\/\/mountlaser.com\/wp-content\/uploads\/2025\/10\/G640T-7-768x768.webp 768w, https:\/\/mountlaser.com\/wp-content\/uploads\/2025\/10\/G640T-7-12x12.webp 12w\" sizes=\"(max-width: 500px) 100vw, 500px\" \/><br \/>\nTen<a href=\"https:\/\/mountlaser.com\/pl\/products\/\"> <strong>G640T Naro\u017cny sze\u015bcian pryzmatyczny<\/strong><\/a> Odbija wi\u0105zki \u015bwiat\u0142a z powrotem do \u017ar\u00f3d\u0142a z minimalnym odchyleniem k\u0105towym, co czyni go idealnym do zada\u0144 precyzyjnych. Niezale\u017cnie od tego, czy jeste\u015b w laboratorium, czy w terenie, G640T gwarantuje niezawodne rezultaty za ka\u017cdym razem.<\/p>\n<p>&nbsp;<\/p>","protected":false},"excerpt":{"rendered":"<ul>\n<li>Niezb\u0119dny do precyzyjnych pomiar\u00f3w k\u0105t\u00f3w i odleg\u0142o\u015bci<\/li>\n<li>Wysoka kompatybilno\u015b\u0107 z r\u00f3\u017cnymi instrumentami geodezyjnymi i pomiarowymi<\/li>\n<li>Zaprojektowane tak, aby wytrzyma\u0107 trudne warunki otoczenia i zapewni\u0107 d\u0142ugotrwa\u0142e u\u017cytkowanie<\/li>\n<\/ul>","protected":false},"featured_media":2783,"comment_status":"open","ping_status":"closed","template":"","meta":[],"product_brand":[],"product_cat":[72,105],"product_tag":[],"class_list":{"0":"post-2780","1":"product","2":"type-product","3":"status-publish","4":"has-post-thumbnail","6":"product_cat-reflective-target-prism","7":"product_cat-corner-cube-prisms","9":"first","10":"instock","11":"shipping-taxable","12":"product-type-simple"},"_links":{"self":[{"href":"https:\/\/mountlaser.com\/pl\/wp-json\/wp\/v2\/product\/2780","targetHints":{"allow":["GET"]}}],"collection":[{"href":"https:\/\/mountlaser.com\/pl\/wp-json\/wp\/v2\/product"}],"about":[{"href":"https:\/\/mountlaser.com\/pl\/wp-json\/wp\/v2\/types\/product"}],"replies":[{"embeddable":true,"href":"https:\/\/mountlaser.com\/pl\/wp-json\/wp\/v2\/comments?post=2780"}],"wp:featuredmedia":[{"embeddable":true,"href":"https:\/\/mountlaser.com\/pl\/wp-json\/wp\/v2\/media\/2783"}],"wp:attachment":[{"href":"https:\/\/mountlaser.com\/pl\/wp-json\/wp\/v2\/media?parent=2780"}],"wp:term":[{"taxonomy":"product_brand","embeddable":true,"href":"https:\/\/mountlaser.com\/pl\/wp-json\/wp\/v2\/product_brand?post=2780"},{"taxonomy":"product_cat","embeddable":true,"href":"https:\/\/mountlaser.com\/pl\/wp-json\/wp\/v2\/product_cat?post=2780"},{"taxonomy":"product_tag","embeddable":true,"href":"https:\/\/mountlaser.com\/pl\/wp-json\/wp\/v2\/product_tag?post=2780"}],"curies":[{"name":"wp","href":"https:\/\/api.w.org\/{rel}","templated":true}]}}