{"id":2773,"date":"2025-10-20T08:17:02","date_gmt":"2025-10-20T08:17:02","guid":{"rendered":"https:\/\/mountlaser.com\/?post_type=product&#038;p=2773"},"modified":"2025-11-28T06:04:23","modified_gmt":"2025-11-28T06:04:23","slug":"g640l-corner-cube-prism","status":"publish","type":"product","link":"https:\/\/mountlaser.com\/pl\/produkt\/g640l-corner-cube-prism\/","title":{"rendered":"G640L Naro\u017cny sze\u015bcian pryzmatyczny"},"content":{"rendered":"<p>Ten <a href=\"https:\/\/mountlaser.com\/pl\/\"><strong>G640L Naro\u017cny sze\u015bcian pryzmatyczny<\/strong><\/a> jest precyzyjnym elementem optycznym przeznaczonym do dok\u0142adnych pomiar\u00f3w i ustawiania po\u0142o\u017cenia.<br \/>\nWykonany z najwy\u017cszej jako\u015bci szk\u0142a pryzmatycznego o \u015brednicy 64 mm, pryzmat naro\u017cny G640L Corner Cube Prism gwarantuje wyj\u0105tkow\u0105 refleksyjno\u015b\u0107 i dok\u0142adno\u015b\u0107 k\u0105tow\u0105, dzi\u0119ki czemu idealnie nadaje si\u0119 do pomiar\u00f3w geodezyjnych, ustawiania laserowego i innych precyzyjnych zastosowa\u0144.<\/p>\n<p>&nbsp;<\/p>\n<p><img fetchpriority=\"high\" decoding=\"async\" class=\"aligncenter wp-image-2775\" src=\"https:\/\/mountlaser.com\/wp-content\/uploads\/2025\/10\/G640L-2.webp\" alt=\"G640L Corner Cube Prism \" width=\"500\" height=\"500\" srcset=\"https:\/\/mountlaser.com\/wp-content\/uploads\/2025\/10\/G640L-2.webp 1000w, https:\/\/mountlaser.com\/wp-content\/uploads\/2025\/10\/G640L-2-300x300.webp 300w, https:\/\/mountlaser.com\/wp-content\/uploads\/2025\/10\/G640L-2-400x400.webp 400w, https:\/\/mountlaser.com\/wp-content\/uploads\/2025\/10\/G640L-2-800x800.webp 800w, https:\/\/mountlaser.com\/wp-content\/uploads\/2025\/10\/G640L-2-600x600.webp 600w, https:\/\/mountlaser.com\/wp-content\/uploads\/2025\/10\/G640L-2-150x150.webp 150w, https:\/\/mountlaser.com\/wp-content\/uploads\/2025\/10\/G640L-2-768x768.webp 768w, https:\/\/mountlaser.com\/wp-content\/uploads\/2025\/10\/G640L-2-12x12.webp 12w\" sizes=\"(max-width: 500px) 100vw, 500px\" \/><\/p>\n<p>Dzi\u0119ki solidnej konstrukcji i doskona\u0142ym parametrom optycznym, <a href=\"https:\/\/mountlaser.com\/pl\/products\/\"><strong>G640L Naro\u017cny sze\u015bcian pryzmatyczny<\/strong><\/a> zapewnia wiarygodne wyniki zar\u00f3wno w warunkach laboratoryjnych, jak i terenowych.<\/p>","protected":false},"excerpt":{"rendered":"<ul>\n<li>Obs\u0142uguje precyzyjne pomiary odleg\u0142o\u015bci i k\u0105t\u00f3w<\/li>\n<li>Kompatybilny z r\u00f3\u017cnymi instrumentami geodezyjnymi i pomiarowymi<\/li>\n<li>Trwa\u0142a konstrukcja do d\u0142ugotrwa\u0142ego u\u017cytkowania w wymagaj\u0105cych \u015brodowiskach<\/li>\n<\/ul>","protected":false},"featured_media":2778,"comment_status":"open","ping_status":"closed","template":"","meta":[],"product_brand":[],"product_cat":[72,105],"product_tag":[],"class_list":{"0":"post-2773","1":"product","2":"type-product","3":"status-publish","4":"has-post-thumbnail","6":"product_cat-reflective-target-prism","7":"product_cat-corner-cube-prisms","9":"first","10":"instock","11":"shipping-taxable","12":"product-type-simple"},"_links":{"self":[{"href":"https:\/\/mountlaser.com\/pl\/wp-json\/wp\/v2\/product\/2773","targetHints":{"allow":["GET"]}}],"collection":[{"href":"https:\/\/mountlaser.com\/pl\/wp-json\/wp\/v2\/product"}],"about":[{"href":"https:\/\/mountlaser.com\/pl\/wp-json\/wp\/v2\/types\/product"}],"replies":[{"embeddable":true,"href":"https:\/\/mountlaser.com\/pl\/wp-json\/wp\/v2\/comments?post=2773"}],"wp:featuredmedia":[{"embeddable":true,"href":"https:\/\/mountlaser.com\/pl\/wp-json\/wp\/v2\/media\/2778"}],"wp:attachment":[{"href":"https:\/\/mountlaser.com\/pl\/wp-json\/wp\/v2\/media?parent=2773"}],"wp:term":[{"taxonomy":"product_brand","embeddable":true,"href":"https:\/\/mountlaser.com\/pl\/wp-json\/wp\/v2\/product_brand?post=2773"},{"taxonomy":"product_cat","embeddable":true,"href":"https:\/\/mountlaser.com\/pl\/wp-json\/wp\/v2\/product_cat?post=2773"},{"taxonomy":"product_tag","embeddable":true,"href":"https:\/\/mountlaser.com\/pl\/wp-json\/wp\/v2\/product_tag?post=2773"}],"curies":[{"name":"wp","href":"https:\/\/api.w.org\/{rel}","templated":true}]}}