{"id":2766,"date":"2025-10-20T08:05:36","date_gmt":"2025-10-20T08:05:36","guid":{"rendered":"https:\/\/mountlaser.com\/?post_type=product&#038;p=2766"},"modified":"2025-12-01T09:01:49","modified_gmt":"2025-12-01T09:01:49","slug":"g254-corner-cube-prism","status":"publish","type":"product","link":"https:\/\/mountlaser.com\/pl\/produkt\/g254-corner-cube-prism\/","title":{"rendered":"G254 Pryzmat sze\u015bcienny naro\u017cny"},"content":{"rendered":"<p>Ten<a href=\"https:\/\/mountlaser.com\/pl\/\"><strong> G254 Pryzmat sze\u015bcienny naro\u017cny<\/strong><\/a> Firma Mountlaser to kompaktowy, precyzyjny element optyczny, niezb\u0119dny w szerokim zakresie zastosowa\u0144 geodezyjnych i osiowych. Ten wytrzyma\u0142y pryzmat zosta\u0142 zaprojektowany z trzema wzajemnie prostopad\u0142ymi powierzchniami odblaskowymi, gwarantuj\u0105c idealne odbicie wsteczne poprzez skierowanie ka\u017cdej przychodz\u0105cej wi\u0105zki \u015bwiat\u0142a bezpo\u015brednio z powrotem do \u017ar\u00f3d\u0142a.<\/p>\n<p><img fetchpriority=\"high\" decoding=\"async\" class=\"aligncenter wp-image-2772\" src=\"https:\/\/mountlaser.com\/wp-content\/uploads\/2025\/10\/G254-9.webp\" alt=\"G254 Corner Cube Prism\" width=\"500\" height=\"500\" srcset=\"https:\/\/mountlaser.com\/wp-content\/uploads\/2025\/10\/G254-9.webp 1000w, https:\/\/mountlaser.com\/wp-content\/uploads\/2025\/10\/G254-9-300x300.webp 300w, https:\/\/mountlaser.com\/wp-content\/uploads\/2025\/10\/G254-9-400x400.webp 400w, https:\/\/mountlaser.com\/wp-content\/uploads\/2025\/10\/G254-9-800x800.webp 800w, https:\/\/mountlaser.com\/wp-content\/uploads\/2025\/10\/G254-9-600x600.webp 600w, https:\/\/mountlaser.com\/wp-content\/uploads\/2025\/10\/G254-9-150x150.webp 150w, https:\/\/mountlaser.com\/wp-content\/uploads\/2025\/10\/G254-9-768x768.webp 768w, https:\/\/mountlaser.com\/wp-content\/uploads\/2025\/10\/G254-9-12x12.webp 12w\" sizes=\"(max-width: 500px) 100vw, 500px\" \/><\/p>\n<p>Wykonany z wysokiej jako\u015bci szk\u0142a pryzmatycznego o \u015brednicy 25,4 mm, model G254 <a href=\"https:\/\/mountlaser.com\/pl\/kategoria-produktu\/reflective-target-prism\/\"><strong>Graniastos\u0142up sze\u015bcienny naro\u017cny<\/strong><\/a> Oferuje wyj\u0105tkow\u0105 wydajno\u015b\u0107 w tachimetrach i laserowych systemach pomiarowych. Jego niewielkie rozmiary sprawiaj\u0105, \u017ce jest to idealny wyb\u00f3r do projekt\u00f3w wymagaj\u0105cych mobilno\u015bci i precyzji w ograniczonej przestrzeni, gwarantuj\u0105c niezawodne pozyskiwanie danych we wszystkich zadaniach zawodowych.<\/p>","protected":false},"excerpt":{"rendered":"<ul>\n<li>Kompaktowy i przeno\u015bny: dzi\u0119ki \u015brednicy pryzmatu wynosz\u0105cej 25,4 mm ten pryzmat jest lekki i \u0142atwy w obs\u0142udze, idealny do zastosowa\u0144 mobilnych i instalacji w ciasnych przestrzeniach.<\/li>\n<li>Solidna konstrukcja: Wykonany z najwy\u017cszej jako\u015bci szk\u0142a optycznego lornetka G254 Corner Cube Prism jest przygotowana na trudne warunki u\u017cytkowania w terenie.<\/li>\n<\/ul>","protected":false},"featured_media":2767,"comment_status":"open","ping_status":"closed","template":"","meta":[],"product_brand":[],"product_cat":[72,105],"product_tag":[],"class_list":{"0":"post-2766","1":"product","2":"type-product","3":"status-publish","4":"has-post-thumbnail","6":"product_cat-reflective-target-prism","7":"product_cat-corner-cube-prisms","9":"first","10":"instock","11":"shipping-taxable","12":"product-type-simple"},"_links":{"self":[{"href":"https:\/\/mountlaser.com\/pl\/wp-json\/wp\/v2\/product\/2766","targetHints":{"allow":["GET"]}}],"collection":[{"href":"https:\/\/mountlaser.com\/pl\/wp-json\/wp\/v2\/product"}],"about":[{"href":"https:\/\/mountlaser.com\/pl\/wp-json\/wp\/v2\/types\/product"}],"replies":[{"embeddable":true,"href":"https:\/\/mountlaser.com\/pl\/wp-json\/wp\/v2\/comments?post=2766"}],"wp:featuredmedia":[{"embeddable":true,"href":"https:\/\/mountlaser.com\/pl\/wp-json\/wp\/v2\/media\/2767"}],"wp:attachment":[{"href":"https:\/\/mountlaser.com\/pl\/wp-json\/wp\/v2\/media?parent=2766"}],"wp:term":[{"taxonomy":"product_brand","embeddable":true,"href":"https:\/\/mountlaser.com\/pl\/wp-json\/wp\/v2\/product_brand?post=2766"},{"taxonomy":"product_cat","embeddable":true,"href":"https:\/\/mountlaser.com\/pl\/wp-json\/wp\/v2\/product_cat?post=2766"},{"taxonomy":"product_tag","embeddable":true,"href":"https:\/\/mountlaser.com\/pl\/wp-json\/wp\/v2\/product_tag?post=2766"}],"curies":[{"name":"wp","href":"https:\/\/api.w.org\/{rel}","templated":true}]}}