{"id":2757,"date":"2025-10-20T07:54:41","date_gmt":"2025-10-20T07:54:41","guid":{"rendered":"https:\/\/mountlaser.com\/?post_type=product&#038;p=2757"},"modified":"2025-11-28T06:21:25","modified_gmt":"2025-11-28T06:21:25","slug":"g127-corner-cube-prism","status":"publish","type":"product","link":"https:\/\/mountlaser.com\/pl\/produkt\/g127-corner-cube-prism\/","title":{"rendered":"G127 Naro\u017cny sze\u015bcian pryzmatyczny"},"content":{"rendered":"<p>Ten <a href=\"https:\/\/mountlaser.com\/pl\/products\/\"><strong>G381 Naro\u017cny sze\u015bcian pryzmatyczny<\/strong><\/a> firmy Mountlaser to wysoce precyzyjny komponent optyczny zaprojektowany do wymagaj\u0105cych zastosowa\u0144 geodezyjnych i pomiarowych.<br \/>\nTen precyzyjny pryzmat charakteryzuje si\u0119 trzema unikalnymi, wzajemnie prostopad\u0142ymi powierzchniami odbijaj\u0105cymi, kt\u00f3re gwarantuj\u0105 istotn\u0105 funkcj\u0119 odbicia wstecznego.<br \/>\nOznacza to, \u017ce odbija ka\u017cd\u0105 wpadaj\u0105c\u0105 wi\u0105zk\u0119 \u015bwiat\u0142a bezpo\u015brednio z powrotem do \u017ar\u00f3d\u0142a, niezale\u017cnie od k\u0105ta padania.<\/p>\n<p><img fetchpriority=\"high\" decoding=\"async\" class=\"aligncenter wp-image-2763\" src=\"https:\/\/mountlaser.com\/wp-content\/uploads\/2025\/10\/G381-7.webp\" alt=\"G381 Corner Cube Prism\" width=\"500\" height=\"500\" srcset=\"https:\/\/mountlaser.com\/wp-content\/uploads\/2025\/10\/G381-7.webp 1000w, https:\/\/mountlaser.com\/wp-content\/uploads\/2025\/10\/G381-7-300x300.webp 300w, https:\/\/mountlaser.com\/wp-content\/uploads\/2025\/10\/G381-7-400x400.webp 400w, https:\/\/mountlaser.com\/wp-content\/uploads\/2025\/10\/G381-7-800x800.webp 800w, https:\/\/mountlaser.com\/wp-content\/uploads\/2025\/10\/G381-7-600x600.webp 600w, https:\/\/mountlaser.com\/wp-content\/uploads\/2025\/10\/G381-7-150x150.webp 150w, https:\/\/mountlaser.com\/wp-content\/uploads\/2025\/10\/G381-7-768x768.webp 768w, https:\/\/mountlaser.com\/wp-content\/uploads\/2025\/10\/G381-7-12x12.webp 12w\" sizes=\"(max-width: 500px) 100vw, 500px\" \/><\/p>\n<p>Wykonane z <a href=\"https:\/\/mountlaser.com\/pl\/about-us\/\"><strong>wysokiej jako\u015bci szk\u0142o pryzmatyczne<\/strong><\/a> Dzi\u0119ki precyzyjnej \u015brednicy 38,1 mm pryzmat sze\u015bcienny G381 Corner Cube Prism gwarantuje wyj\u0105tkowy sygna\u0142 zwrotny i dok\u0142adno\u015b\u0107 pomiaru dla tachimetr\u00f3w i tracker\u00f3w laserowych, co czyni go niezast\u0105pionym narz\u0119dziem dla profesjonalist\u00f3w, kt\u00f3rzy nie mog\u0105 sobie pozwoli\u0107 na kompromis w kwestii precyzji.<\/p>","protected":false},"excerpt":{"rendered":"<ul>\n<li>Szeroki k\u0105t akceptacji: Dzia\u0142a skutecznie w szerokim zakresie k\u0105t\u00f3w padania, u\u0142atwiaj\u0105c ustawianie celu i konfiguracj\u0119 w terenie.<\/li>\n<li>Trwa\u0142a konstrukcja: Wykonany z najwy\u017cszej jako\u015bci szk\u0142a pryzmatycznego (\u00d838,1 mm), co gwarantuje d\u0142ugoterminow\u0105 stabilno\u015b\u0107 i odporno\u015b\u0107 na czynniki \u015brodowiskowe.<\/li>\n<\/ul>","protected":false},"featured_media":2758,"comment_status":"open","ping_status":"closed","template":"","meta":[],"product_brand":[],"product_cat":[72,105],"product_tag":[],"class_list":{"0":"post-2757","1":"product","2":"type-product","3":"status-publish","4":"has-post-thumbnail","6":"product_cat-reflective-target-prism","7":"product_cat-corner-cube-prisms","9":"first","10":"instock","11":"shipping-taxable","12":"product-type-simple"},"_links":{"self":[{"href":"https:\/\/mountlaser.com\/pl\/wp-json\/wp\/v2\/product\/2757","targetHints":{"allow":["GET"]}}],"collection":[{"href":"https:\/\/mountlaser.com\/pl\/wp-json\/wp\/v2\/product"}],"about":[{"href":"https:\/\/mountlaser.com\/pl\/wp-json\/wp\/v2\/types\/product"}],"replies":[{"embeddable":true,"href":"https:\/\/mountlaser.com\/pl\/wp-json\/wp\/v2\/comments?post=2757"}],"wp:featuredmedia":[{"embeddable":true,"href":"https:\/\/mountlaser.com\/pl\/wp-json\/wp\/v2\/media\/2758"}],"wp:attachment":[{"href":"https:\/\/mountlaser.com\/pl\/wp-json\/wp\/v2\/media?parent=2757"}],"wp:term":[{"taxonomy":"product_brand","embeddable":true,"href":"https:\/\/mountlaser.com\/pl\/wp-json\/wp\/v2\/product_brand?post=2757"},{"taxonomy":"product_cat","embeddable":true,"href":"https:\/\/mountlaser.com\/pl\/wp-json\/wp\/v2\/product_cat?post=2757"},{"taxonomy":"product_tag","embeddable":true,"href":"https:\/\/mountlaser.com\/pl\/wp-json\/wp\/v2\/product_tag?post=2757"}],"curies":[{"name":"wp","href":"https:\/\/api.w.org\/{rel}","templated":true}]}}