{"id":2747,"date":"2025-10-17T09:13:02","date_gmt":"2025-10-17T09:13:02","guid":{"rendered":"https:\/\/mountlaser.com\/?post_type=product&#038;p=2747"},"modified":"2025-11-28T06:22:58","modified_gmt":"2025-11-28T06:22:58","slug":"gph1p-accurate-reflective-prism","status":"publish","type":"product","link":"https:\/\/mountlaser.com\/pl\/produkt\/gph1p-accurate-reflective-prism\/","title":{"rendered":"GPH1P Precyzyjny pryzmat odblaskowy"},"content":{"rendered":"<p><a href=\"https:\/\/mountlaser.com\/pl\/\"><strong>GPH1P Zesp\u00f3\u0142 pojedynczego pryzmatu<\/strong><\/a>:Precyzyjna in\u017cynieria dla wymagaj\u0105cych bada\u0144<\/p>\n<p>Ciesz si\u0119 wyj\u0105tkow\u0105 dok\u0142adno\u015bci\u0105 pomiar\u00f3w dzi\u0119ki zespo\u0142owi pojedynczego pryzmatu GPH1P \u2013 najwy\u017cszej jako\u015bci pryzmatowi odblaskowemu zaprojektowanemu do profesjonalnych zastosowa\u0144 geodezyjnych.<br \/>\nTen <a href=\"https:\/\/mountlaser.com\/pl\/about-us\/\"><strong>GPH1P Pryzmat ko\u0142owy o wysokiej precyzji z uchwytem<\/strong><\/a> \u0141\u0105czy solidn\u0105 konstrukcj\u0119 z doskona\u0142\u0105 wydajno\u015bci\u0105 optyczn\u0105, zapewniaj\u0105c niezawodne rezultaty w trudnych warunkach terenowych. Zaprojektowany zgodnie z najwy\u017cszymi standardami, zestaw pojedynczego pryzmatu GPH1P zapewnia sp\u00f3jne, wysokiej jako\u015bci zbieranie danych w najwa\u017cniejszych projektach.<\/p>\n<p><img fetchpriority=\"high\" decoding=\"async\" class=\"aligncenter wp-image-2751\" src=\"https:\/\/mountlaser.com\/wp-content\/uploads\/2025\/10\/GPH1P-4.webp\" alt=\"GPH1P Single Prism Assembly \" width=\"500\" height=\"500\" srcset=\"https:\/\/mountlaser.com\/wp-content\/uploads\/2025\/10\/GPH1P-4.webp 1000w, https:\/\/mountlaser.com\/wp-content\/uploads\/2025\/10\/GPH1P-4-300x300.webp 300w, https:\/\/mountlaser.com\/wp-content\/uploads\/2025\/10\/GPH1P-4-400x400.webp 400w, https:\/\/mountlaser.com\/wp-content\/uploads\/2025\/10\/GPH1P-4-800x800.webp 800w, https:\/\/mountlaser.com\/wp-content\/uploads\/2025\/10\/GPH1P-4-600x600.webp 600w, https:\/\/mountlaser.com\/wp-content\/uploads\/2025\/10\/GPH1P-4-150x150.webp 150w, https:\/\/mountlaser.com\/wp-content\/uploads\/2025\/10\/GPH1P-4-768x768.webp 768w, https:\/\/mountlaser.com\/wp-content\/uploads\/2025\/10\/GPH1P-4-12x12.webp 12w\" sizes=\"(max-width: 500px) 100vw, 500px\" \/><\/p>\n<p>Posiada precyzyjny pryzmat o \u015brednicy 64 mm z mo\u017cliwo\u015bci\u0105 wyboru dok\u0142adno\u015bci 2 lub 3-4 sekund, co pozwala na dostosowanie do r\u00f3\u017cnych wymaga\u0144 aplikacji.<\/p>\n<p>Bezpiecznie zamocowany w wytrzyma\u0142ym metalowym uchwycie zapewniaj\u0105cym zwi\u0119kszon\u0105 stabilno\u015b\u0107 i d\u0142ugotrwa\u0142\u0105 niezawodno\u015b\u0107<\/p>","protected":false},"excerpt":{"rendered":"<ul>\n<li>Zawiera sta\u0142e przesuni\u0119cie 0 mm, co u\u0142atwia konfiguracj\u0119 i zapewnia sp\u00f3jne odniesienie do pomiar\u00f3w<\/li>\n<li>Wyposa\u017cony w podw\u00f3jny pryzmat pokryty miedzi\u0105 i niebiesk\u0105 pow\u0142ok\u0105, zapewniaj\u0105cy doskona\u0142y sygna\u0142 zwrotny i precyzj\u0119 pomiaru<\/li>\n<li>W zestawie znajduje si\u0119 ochronny futera\u0142 zapewniaj\u0105cy bezpieczne przechowywanie i transport<\/li>\n<\/ul>","protected":false},"featured_media":2751,"comment_status":"open","ping_status":"closed","template":"","meta":[],"product_brand":[],"product_cat":[72,103],"product_tag":[],"class_list":{"0":"post-2747","1":"product","2":"type-product","3":"status-publish","4":"has-post-thumbnail","6":"product_cat-reflective-target-prism","7":"product_cat-prism-assembly","9":"first","10":"instock","11":"shipping-taxable","12":"product-type-simple"},"_links":{"self":[{"href":"https:\/\/mountlaser.com\/pl\/wp-json\/wp\/v2\/product\/2747","targetHints":{"allow":["GET"]}}],"collection":[{"href":"https:\/\/mountlaser.com\/pl\/wp-json\/wp\/v2\/product"}],"about":[{"href":"https:\/\/mountlaser.com\/pl\/wp-json\/wp\/v2\/types\/product"}],"replies":[{"embeddable":true,"href":"https:\/\/mountlaser.com\/pl\/wp-json\/wp\/v2\/comments?post=2747"}],"wp:featuredmedia":[{"embeddable":true,"href":"https:\/\/mountlaser.com\/pl\/wp-json\/wp\/v2\/media\/2751"}],"wp:attachment":[{"href":"https:\/\/mountlaser.com\/pl\/wp-json\/wp\/v2\/media?parent=2747"}],"wp:term":[{"taxonomy":"product_brand","embeddable":true,"href":"https:\/\/mountlaser.com\/pl\/wp-json\/wp\/v2\/product_brand?post=2747"},{"taxonomy":"product_cat","embeddable":true,"href":"https:\/\/mountlaser.com\/pl\/wp-json\/wp\/v2\/product_cat?post=2747"},{"taxonomy":"product_tag","embeddable":true,"href":"https:\/\/mountlaser.com\/pl\/wp-json\/wp\/v2\/product_tag?post=2747"}],"curies":[{"name":"wp","href":"https:\/\/api.w.org\/{rel}","templated":true}]}}