{"id":2740,"date":"2025-10-17T08:58:14","date_gmt":"2025-10-17T08:58:14","guid":{"rendered":"https:\/\/mountlaser.com\/?post_type=product&#038;p=2740"},"modified":"2025-11-28T06:27:09","modified_gmt":"2025-11-28T06:27:09","slug":"gpr121-circular-prism-with-holder","status":"publish","type":"product","link":"https:\/\/mountlaser.com\/pl\/produkt\/gpr121-circular-prism-with-holder\/","title":{"rendered":"GPR121 Pryzmat ko\u0142owy z uchwytem"},"content":{"rendered":"<p>Osi\u0105gnij wyj\u0105tkow\u0105 dok\u0142adno\u015b\u0107 pomiaru dzi\u0119ki<a href=\"https:\/\/mountlaser.com\/pl\/\"><strong> GPR121 Pryzmat ko\u0142owy z uchwytem<\/strong><\/a>, premia <a href=\"https:\/\/mountlaser.com\/pl\/about-us\/\"><strong>Monta\u017c pryzmatu w stylu szwajcarskim<\/strong><\/a> Zaprojektowany do wymagaj\u0105cych zastosowa\u0144 geodezyjnych. Ten wysokiej jako\u015bci instrument optyczny uciele\u015bnia precyzj\u0119 i niezawodno\u015b\u0107, jakich profesjonali\u015bci oczekuj\u0105 od szwajcarskiej in\u017cynierii.<\/p>\n<p>Pryzmat ko\u0142owy GPR121 z uchwytem Wyposa\u017cony w pryzmat o \u015brednicy 64 mm, oferuj\u0105cy mo\u017cliwo\u015b\u0107 wyboru dok\u0142adno\u015bci 2, 3-4 lub 5-8 sekund.<\/p>\n<p><img fetchpriority=\"high\" decoding=\"async\" class=\"aligncenter wp-image-2742\" src=\"https:\/\/mountlaser.com\/wp-content\/uploads\/2025\/10\/GPR121-3.webp\" alt=\"Swiss-style Prism Assembly\" width=\"500\" height=\"500\" srcset=\"https:\/\/mountlaser.com\/wp-content\/uploads\/2025\/10\/GPR121-3.webp 1000w, https:\/\/mountlaser.com\/wp-content\/uploads\/2025\/10\/GPR121-3-300x300.webp 300w, https:\/\/mountlaser.com\/wp-content\/uploads\/2025\/10\/GPR121-3-400x400.webp 400w, https:\/\/mountlaser.com\/wp-content\/uploads\/2025\/10\/GPR121-3-800x800.webp 800w, https:\/\/mountlaser.com\/wp-content\/uploads\/2025\/10\/GPR121-3-600x600.webp 600w, https:\/\/mountlaser.com\/wp-content\/uploads\/2025\/10\/GPR121-3-150x150.webp 150w, https:\/\/mountlaser.com\/wp-content\/uploads\/2025\/10\/GPR121-3-768x768.webp 768w, https:\/\/mountlaser.com\/wp-content\/uploads\/2025\/10\/GPR121-3-12x12.webp 12w\" sizes=\"(max-width: 500px) 100vw, 500px\" \/><\/p>\n<p>Trwa\u0142a metalowa konstrukcja: Zamontowany w solidnym metalowym uchwycie z od\u0142\u0105czan\u0105 tarcz\u0105 dla wi\u0119kszej wszechstronno\u015bci.<\/p>\n<p>Prawdziwe szwajcarskie przesuni\u0119cie: charakteryzuje si\u0119 sta\u0142ym przesuni\u0119ciem 0 mm, co u\u0142atwia konfiguracj\u0119 i zapewnia powtarzalno\u015b\u0107 pomiar\u00f3w.<\/p>\n<p>Pryzmat ko\u0142owy GPR121 z uchwytem Dost\u0119pny ze standardow\u0105 pow\u0142ok\u0105 miedzian\u0105 lub opcjonalnie z podw\u00f3jnym pryzmatem pokrytym miedzi\u0105 i niebiesk\u0105 pow\u0142ok\u0105.<\/p>","protected":false},"excerpt":{"rendered":"<ul>\n<li>Pryzmat ko\u0142owy GPR121 z uchwytem to idealne po\u0142\u0105czenie szwajcarskiej precyzji i wytrzyma\u0142o\u015bci w terenie.<\/li>\n<li>Pe\u0142na ochrona: W zestawie znajduje si\u0119 ochronny futera\u0142 zapewniaj\u0105cy bezpieczne przechowywanie i transport<\/li>\n<\/ul>","protected":false},"featured_media":2741,"comment_status":"open","ping_status":"closed","template":"","meta":[],"product_brand":[],"product_cat":[72,103],"product_tag":[],"class_list":{"0":"post-2740","1":"product","2":"type-product","3":"status-publish","4":"has-post-thumbnail","6":"product_cat-reflective-target-prism","7":"product_cat-prism-assembly","9":"first","10":"instock","11":"shipping-taxable","12":"product-type-simple"},"_links":{"self":[{"href":"https:\/\/mountlaser.com\/pl\/wp-json\/wp\/v2\/product\/2740","targetHints":{"allow":["GET"]}}],"collection":[{"href":"https:\/\/mountlaser.com\/pl\/wp-json\/wp\/v2\/product"}],"about":[{"href":"https:\/\/mountlaser.com\/pl\/wp-json\/wp\/v2\/types\/product"}],"replies":[{"embeddable":true,"href":"https:\/\/mountlaser.com\/pl\/wp-json\/wp\/v2\/comments?post=2740"}],"wp:featuredmedia":[{"embeddable":true,"href":"https:\/\/mountlaser.com\/pl\/wp-json\/wp\/v2\/media\/2741"}],"wp:attachment":[{"href":"https:\/\/mountlaser.com\/pl\/wp-json\/wp\/v2\/media?parent=2740"}],"wp:term":[{"taxonomy":"product_brand","embeddable":true,"href":"https:\/\/mountlaser.com\/pl\/wp-json\/wp\/v2\/product_brand?post=2740"},{"taxonomy":"product_cat","embeddable":true,"href":"https:\/\/mountlaser.com\/pl\/wp-json\/wp\/v2\/product_cat?post=2740"},{"taxonomy":"product_tag","embeddable":true,"href":"https:\/\/mountlaser.com\/pl\/wp-json\/wp\/v2\/product_tag?post=2740"}],"curies":[{"name":"wp","href":"https:\/\/api.w.org\/{rel}","templated":true}]}}