{"id":2732,"date":"2025-10-17T08:45:27","date_gmt":"2025-10-17T08:45:27","guid":{"rendered":"https:\/\/mountlaser.com\/?post_type=product&#038;p=2732"},"modified":"2025-11-28T06:28:34","modified_gmt":"2025-11-28T06:28:34","slug":"gph1-prism-assembly","status":"publish","type":"product","link":"https:\/\/mountlaser.com\/pl\/produkt\/gph1-prism-assembly\/","title":{"rendered":"Zesp\u00f3\u0142 pryzmatu GPH1"},"content":{"rendered":"<p>Poznaj z\u0142oty standard dok\u0142adno\u015bci pomiar\u00f3w dzi\u0119ki naszemu<a href=\"https:\/\/mountlaser.com\/pl\/\"> <strong>Zesp\u00f3\u0142 pryzmatu Premium GPH1<\/strong><\/a>. Ten wysokiej jako\u015bci pryzmat w stylu szwajcarskim zosta\u0142 zaprojektowany dla geodet\u00f3w, kt\u00f3rzy oczekuj\u0105 bezkompromisowej niezawodno\u015bci i precyzji w ka\u017cdym projekcie. Wykonany z dba\u0142o\u015bci\u0105 o szczeg\u00f3\u0142y, model Premium <a href=\"https:\/\/mountlaser.com\/pl\/products\/\"><strong>Zesp\u00f3\u0142 pryzmatu GPH1<\/strong><\/a> zapewnia wyj\u0105tkow\u0105 wydajno\u015b\u0107 w szerokim zakresie warunk\u00f3w terenowych.<\/p>\n<p>&nbsp;<\/p>\n<p><img fetchpriority=\"high\" decoding=\"async\" class=\"aligncenter wp-image-2734\" src=\"https:\/\/mountlaser.com\/wp-content\/uploads\/2025\/10\/GPH1-3.webp\" alt=\"Premium GPH1 Prism Assembly\" width=\"500\" height=\"500\" srcset=\"https:\/\/mountlaser.com\/wp-content\/uploads\/2025\/10\/GPH1-3.webp 1000w, https:\/\/mountlaser.com\/wp-content\/uploads\/2025\/10\/GPH1-3-300x300.webp 300w, https:\/\/mountlaser.com\/wp-content\/uploads\/2025\/10\/GPH1-3-400x400.webp 400w, https:\/\/mountlaser.com\/wp-content\/uploads\/2025\/10\/GPH1-3-800x800.webp 800w, https:\/\/mountlaser.com\/wp-content\/uploads\/2025\/10\/GPH1-3-600x600.webp 600w, https:\/\/mountlaser.com\/wp-content\/uploads\/2025\/10\/GPH1-3-150x150.webp 150w, https:\/\/mountlaser.com\/wp-content\/uploads\/2025\/10\/GPH1-3-768x768.webp 768w, https:\/\/mountlaser.com\/wp-content\/uploads\/2025\/10\/GPH1-3-12x12.webp 12w\" sizes=\"(max-width: 500px) 100vw, 500px\" \/><\/p>\n<p>Wysokiej precyzji optyka: Wyposa\u017cony w najwy\u017cszej jako\u015bci pryzmat o \u015brednicy 64 mm z mo\u017cliwo\u015bci\u0105 wyboru dok\u0142adno\u015bci 2, 3-4 lub 5-8 sekund, aby sprosta\u0107 konkretnym wymaganiom projektu.<\/p>\n<p>Wytrzyma\u0142y uchwyt nylonowy: Bezpiecznie zamocowany w wytrzyma\u0142ym, odpornym na uderzenia uchwycie nylonowym, kt\u00f3ry zapewnia optymaln\u0105 ochron\u0119 i trwa\u0142o\u015b\u0107.<\/p>\n<p>Prawdziwe przesuni\u0119cie szwajcarskie: wykorzystuje sta\u0142e przesuni\u0119cie szwajcarskie wynosz\u0105ce 0 mm, co upraszcza konfiguracj\u0119 i zapewnia sp\u00f3jne, niezawodne punkty odniesienia pomiar\u00f3w.<\/p>\n<p>Zaawansowane opcje pow\u0142ok: Dost\u0119pne ze standardow\u0105 pow\u0142ok\u0105 miedzian\u0105 lub opcjonalnym, wysokowydajnym, podw\u00f3jnym pryzmatem pokrytym miedzi\u0105 i niebiesk\u0105 pow\u0142ok\u0105 zapewniaj\u0105c\u0105 maksymalny zwrot sygna\u0142u.<\/p>","protected":false},"excerpt":{"rendered":"<ul>\n<li>Dla profesjonalist\u00f3w, kt\u00f3rzy nie uznaj\u0105 kompromis\u00f3w w kwestii jako\u015bci, zestaw ten stanowi najlepszy wyb\u00f3r w\u015br\u00f3d precyzyjnych narz\u0119dzi pomiarowych.<\/li>\n<li>W zestawie futera\u0142 transportowy: W zestawie znajduje si\u0119 ochronny futera\u0142 transportowy zapewniaj\u0105cy bezpieczne przechowywanie i \u0142atwy transport, chroni\u0105cy Twoj\u0105 inwestycj\u0119.<\/li>\n<\/ul>","protected":false},"featured_media":2735,"comment_status":"open","ping_status":"closed","template":"","meta":[],"product_brand":[],"product_cat":[72,103],"product_tag":[],"class_list":{"0":"post-2732","1":"product","2":"type-product","3":"status-publish","4":"has-post-thumbnail","6":"product_cat-reflective-target-prism","7":"product_cat-prism-assembly","9":"first","10":"instock","11":"shipping-taxable","12":"product-type-simple"},"_links":{"self":[{"href":"https:\/\/mountlaser.com\/pl\/wp-json\/wp\/v2\/product\/2732","targetHints":{"allow":["GET"]}}],"collection":[{"href":"https:\/\/mountlaser.com\/pl\/wp-json\/wp\/v2\/product"}],"about":[{"href":"https:\/\/mountlaser.com\/pl\/wp-json\/wp\/v2\/types\/product"}],"replies":[{"embeddable":true,"href":"https:\/\/mountlaser.com\/pl\/wp-json\/wp\/v2\/comments?post=2732"}],"wp:featuredmedia":[{"embeddable":true,"href":"https:\/\/mountlaser.com\/pl\/wp-json\/wp\/v2\/media\/2735"}],"wp:attachment":[{"href":"https:\/\/mountlaser.com\/pl\/wp-json\/wp\/v2\/media?parent=2732"}],"wp:term":[{"taxonomy":"product_brand","embeddable":true,"href":"https:\/\/mountlaser.com\/pl\/wp-json\/wp\/v2\/product_brand?post=2732"},{"taxonomy":"product_cat","embeddable":true,"href":"https:\/\/mountlaser.com\/pl\/wp-json\/wp\/v2\/product_cat?post=2732"},{"taxonomy":"product_tag","embeddable":true,"href":"https:\/\/mountlaser.com\/pl\/wp-json\/wp\/v2\/product_tag?post=2732"}],"curies":[{"name":"wp","href":"https:\/\/api.w.org\/{rel}","templated":true}]}}