{"id":2723,"date":"2025-10-17T08:28:57","date_gmt":"2025-10-17T08:28:57","guid":{"rendered":"https:\/\/mountlaser.com\/?post_type=product&#038;p=2723"},"modified":"2025-11-28T06:30:31","modified_gmt":"2025-11-28T06:30:31","slug":"gpr111-red-single-prism-assembly","status":"publish","type":"product","link":"https:\/\/mountlaser.com\/pl\/produkt\/gpr111-red-single-prism-assembly\/","title":{"rendered":"GPR111 Czerwony pojedynczy zesp\u00f3\u0142 pryzmatyczny"},"content":{"rendered":"<p>Poznaj <a href=\"https:\/\/mountlaser.com\/pl\/\"><strong>GPR111 Pryzmat ko\u0142owy z uchwytem<\/strong><\/a>, najwy\u017cszej jako\u015bci zesp\u00f3\u0142 pryzmat\u00f3w w stylu szwajcarskim, zaprojektowany dla geodet\u00f3w, kt\u00f3rzy wymagaj\u0105 niezawodnej wydajno\u015bci i prostej funkcjonalno\u015bci. Ten wytrzyma\u0142y <a href=\"https:\/\/mountlaser.com\/pl\/about-us\/\"><strong>GPR111 Czerwony pojedynczy zesp\u00f3\u0142 pryzmatyczny<\/strong> <\/a>zapewnia dok\u0142adno\u015b\u0107 i trwa\u0142o\u015b\u0107 niezb\u0119dne do codziennych zada\u0144 geodezyjnych, dzi\u0119ki czemu jest niezawodnym wyborem w przypadku r\u00f3\u017cnych projekt\u00f3w.<\/p>\n<p><img fetchpriority=\"high\" decoding=\"async\" class=\"aligncenter wp-image-2726\" src=\"https:\/\/mountlaser.com\/wp-content\/uploads\/2025\/10\/GPR111-3.webp\" alt=\"GPR111 Circular Prism with Holder\" width=\"500\" height=\"500\" srcset=\"https:\/\/mountlaser.com\/wp-content\/uploads\/2025\/10\/GPR111-3.webp 1000w, https:\/\/mountlaser.com\/wp-content\/uploads\/2025\/10\/GPR111-3-300x300.webp 300w, https:\/\/mountlaser.com\/wp-content\/uploads\/2025\/10\/GPR111-3-400x400.webp 400w, https:\/\/mountlaser.com\/wp-content\/uploads\/2025\/10\/GPR111-3-800x800.webp 800w, https:\/\/mountlaser.com\/wp-content\/uploads\/2025\/10\/GPR111-3-600x600.webp 600w, https:\/\/mountlaser.com\/wp-content\/uploads\/2025\/10\/GPR111-3-150x150.webp 150w, https:\/\/mountlaser.com\/wp-content\/uploads\/2025\/10\/GPR111-3-768x768.webp 768w, https:\/\/mountlaser.com\/wp-content\/uploads\/2025\/10\/GPR111-3-12x12.webp 12w\" sizes=\"(max-width: 500px) 100vw, 500px\" \/><\/p>\n<p><a href=\"https:\/\/mountlaser.com\/pl\/contact-us\/\">GPR111 Pryzmat ko\u0142owy z uchwytem<\/a> Wyposa\u017cony w wysokiej jako\u015bci pryzmat o \u015brednicy 64 mm, oferuje elastyczno\u015b\u0107 dzi\u0119ki mo\u017cliwo\u015bci wyboru dok\u0142adno\u015bci 2, 3-4 lub 5-8 sekund, aby spe\u0142ni\u0107 wymagania r\u00f3\u017cnych projekt\u00f3w.<\/p>\n<p>Pryzmat jest bezpiecznie zamocowany w wytrzyma\u0142ym uchwycie nylonowym, kt\u00f3ry zapewnia doskona\u0142\u0105 ochron\u0119 przed uderzeniami i nieostro\u017cnym obchodzeniem si\u0119, a jednocze\u015bnie sprawia, \u017ce monta\u017c jest lekki.<\/p>\n<p>Zaprojektowany ze sta\u0142ym przesuni\u0119ciem 0 mm (przesuni\u0119cie szwajcarskie), co u\u0142atwia konfiguracj\u0119 i zapewnia sp\u00f3jne punkty odniesienia pomiar\u00f3w.<\/p>","protected":false},"excerpt":{"rendered":"<ul>\n<li>Dost\u0119pne ze standardowym pryzmatem pokrytym miedzi\u0105 lub opcjonalnym, wysokowydajnym, podw\u00f3jnym pryzmatem pokrytym miedzi\u0105 z niebiesk\u0105 pow\u0142ok\u0105 zapewniaj\u0105c\u0105 doskona\u0142y sygna\u0142 zwrotny.<\/li>\n<li>W zestawie znajduje si\u0119 ochronny futera\u0142 umo\u017cliwiaj\u0105cy wygodne i bezpieczne przechowywanie i transport.<\/li>\n<\/ul>","protected":false},"featured_media":2727,"comment_status":"open","ping_status":"closed","template":"","meta":[],"product_brand":[],"product_cat":[72,103],"product_tag":[],"class_list":{"0":"post-2723","1":"product","2":"type-product","3":"status-publish","4":"has-post-thumbnail","6":"product_cat-reflective-target-prism","7":"product_cat-prism-assembly","9":"first","10":"instock","11":"shipping-taxable","12":"product-type-simple"},"_links":{"self":[{"href":"https:\/\/mountlaser.com\/pl\/wp-json\/wp\/v2\/product\/2723","targetHints":{"allow":["GET"]}}],"collection":[{"href":"https:\/\/mountlaser.com\/pl\/wp-json\/wp\/v2\/product"}],"about":[{"href":"https:\/\/mountlaser.com\/pl\/wp-json\/wp\/v2\/types\/product"}],"replies":[{"embeddable":true,"href":"https:\/\/mountlaser.com\/pl\/wp-json\/wp\/v2\/comments?post=2723"}],"wp:featuredmedia":[{"embeddable":true,"href":"https:\/\/mountlaser.com\/pl\/wp-json\/wp\/v2\/media\/2727"}],"wp:attachment":[{"href":"https:\/\/mountlaser.com\/pl\/wp-json\/wp\/v2\/media?parent=2723"}],"wp:term":[{"taxonomy":"product_brand","embeddable":true,"href":"https:\/\/mountlaser.com\/pl\/wp-json\/wp\/v2\/product_brand?post=2723"},{"taxonomy":"product_cat","embeddable":true,"href":"https:\/\/mountlaser.com\/pl\/wp-json\/wp\/v2\/product_cat?post=2723"},{"taxonomy":"product_tag","embeddable":true,"href":"https:\/\/mountlaser.com\/pl\/wp-json\/wp\/v2\/product_tag?post=2723"}],"curies":[{"name":"wp","href":"https:\/\/api.w.org\/{rel}","templated":true}]}}