{"id":2714,"date":"2025-10-17T08:12:34","date_gmt":"2025-10-17T08:12:34","guid":{"rendered":"https:\/\/mountlaser.com\/?post_type=product&#038;p=2714"},"modified":"2025-11-28T06:31:36","modified_gmt":"2025-11-28T06:31:36","slug":"gph3-triple-prism-assembly","status":"publish","type":"product","link":"https:\/\/mountlaser.com\/pl\/produkt\/gph3-triple-prism-assembly\/","title":{"rendered":"Zesp\u00f3\u0142 potr\u00f3jnego pryzmatu GPH3"},"content":{"rendered":"<p>Poznaj szczyt in\u017cynierii optycznej dzi\u0119ki <a href=\"https:\/\/mountlaser.com\/pl\/\"><strong>Zesp\u00f3\u0142 potr\u00f3jnego pryzmatu GPH3<\/strong><\/a>, premia <a href=\"https:\/\/mountlaser.com\/pl\/about-us\/\"><strong>Zesp\u00f3\u0142 potr\u00f3jnego pryzmatu w stylu szwajcarskim<\/strong> <\/a>znane ze swojej wyj\u0105tkowej dok\u0142adno\u015bci i solidnej konstrukcji.<\/p>\n<p><img fetchpriority=\"high\" decoding=\"async\" class=\"aligncenter wp-image-2716\" src=\"https:\/\/mountlaser.com\/wp-content\/uploads\/2025\/10\/GPH3-2.webp\" alt=\"Swiss-Style Triple Prism Assembly\" width=\"500\" height=\"500\" srcset=\"https:\/\/mountlaser.com\/wp-content\/uploads\/2025\/10\/GPH3-2.webp 1000w, https:\/\/mountlaser.com\/wp-content\/uploads\/2025\/10\/GPH3-2-300x300.webp 300w, https:\/\/mountlaser.com\/wp-content\/uploads\/2025\/10\/GPH3-2-400x400.webp 400w, https:\/\/mountlaser.com\/wp-content\/uploads\/2025\/10\/GPH3-2-800x800.webp 800w, https:\/\/mountlaser.com\/wp-content\/uploads\/2025\/10\/GPH3-2-600x600.webp 600w, https:\/\/mountlaser.com\/wp-content\/uploads\/2025\/10\/GPH3-2-150x150.webp 150w, https:\/\/mountlaser.com\/wp-content\/uploads\/2025\/10\/GPH3-2-768x768.webp 768w, https:\/\/mountlaser.com\/wp-content\/uploads\/2025\/10\/GPH3-2-12x12.webp 12w\" sizes=\"(max-width: 500px) 100vw, 500px\" \/><\/p>\n<p>Opcje najwy\u017cszej dok\u0142adno\u015bci: Wyposa\u017cony w trzy niezwykle precyzyjne pryzmaty o \u015brednicy 64 mm, oferuje niezr\u00f3wnan\u0105 elastyczno\u015b\u0107 z mo\u017cliwo\u015bci\u0105 wyboru dok\u0142adno\u015bci 2, 3-4 lub 5-8 sekund, aby sprosta\u0107 wymaganiom ka\u017cdego projektu.<\/p>\n<p>Trwa\u0142e i stabilne mocowanie: Pryzmaty s\u0105 bezpiecznie zamontowane w wytrzyma\u0142ym uchwycie nylonowym, zapewniaj\u0105cym doskona\u0142\u0105 odporno\u015b\u0107 na uderzenia i d\u0142ugoterminow\u0105 stabilno\u015b\u0107.<\/p>\n<p>Prawdziwe przesuni\u0119cie szwajcarskie: charakteryzuje si\u0119 sta\u0142ym przesuni\u0119ciem 0 mm (charakterystycznym przesuni\u0119ciem szwajcarskim), co upraszcza obliczenia i zwi\u0119ksza sp\u00f3jno\u015b\u0107 pomiar\u00f3w.<\/p>\n<p>Zaawansowana pow\u0142oka pryzmatu: standardowy pryzmat pokryty miedzi\u0105, z opcj\u0105 zamontowania wysokowydajnego, podw\u00f3jnego pryzmatu pokrytego miedzi\u0105 o niebieskiej pow\u0142oce, zapewniaj\u0105cej optymalny sygna\u0142 w r\u00f3\u017cnych warunkach.<\/p>\n<p>Pe\u0142na ochrona: Ka\u017cde urz\u0105dzenie jest dostarczane w wytrzyma\u0142ej torbie transportowej, co gwarantuje ochron\u0119 inwestycji podczas transportu i przechowywania.<\/p>","protected":false},"excerpt":{"rendered":"<ul>\n<li>GPH3 to z\u0142oty standard w zakresie monta\u017cu potr\u00f3jnego pryzmatu w stylu szwajcarskim, zapewniaj\u0105cy niezr\u00f3wnan\u0105 dok\u0142adno\u015b\u0107.<\/li>\n<li>Jest to ostateczny wyb\u00f3r w przypadku projekt\u00f3w o du\u017cej wadze w zakresie pomiar\u00f3w topograficznych<\/li>\n<li>monitorowanie odkszta\u0142ce\u0144 i precyzyjna in\u017cynieria, gdzie najwy\u017cszy poziom niezawodno\u015bci danych nie podlega negocjacjom.<\/li>\n<\/ul>","protected":false},"featured_media":2715,"comment_status":"open","ping_status":"closed","template":"","meta":[],"product_brand":[],"product_cat":[72,103],"product_tag":[],"class_list":{"0":"post-2714","1":"product","2":"type-product","3":"status-publish","4":"has-post-thumbnail","6":"product_cat-reflective-target-prism","7":"product_cat-prism-assembly","9":"first","10":"instock","11":"shipping-taxable","12":"product-type-simple"},"_links":{"self":[{"href":"https:\/\/mountlaser.com\/pl\/wp-json\/wp\/v2\/product\/2714","targetHints":{"allow":["GET"]}}],"collection":[{"href":"https:\/\/mountlaser.com\/pl\/wp-json\/wp\/v2\/product"}],"about":[{"href":"https:\/\/mountlaser.com\/pl\/wp-json\/wp\/v2\/types\/product"}],"replies":[{"embeddable":true,"href":"https:\/\/mountlaser.com\/pl\/wp-json\/wp\/v2\/comments?post=2714"}],"wp:featuredmedia":[{"embeddable":true,"href":"https:\/\/mountlaser.com\/pl\/wp-json\/wp\/v2\/media\/2715"}],"wp:attachment":[{"href":"https:\/\/mountlaser.com\/pl\/wp-json\/wp\/v2\/media?parent=2714"}],"wp:term":[{"taxonomy":"product_brand","embeddable":true,"href":"https:\/\/mountlaser.com\/pl\/wp-json\/wp\/v2\/product_brand?post=2714"},{"taxonomy":"product_cat","embeddable":true,"href":"https:\/\/mountlaser.com\/pl\/wp-json\/wp\/v2\/product_cat?post=2714"},{"taxonomy":"product_tag","embeddable":true,"href":"https:\/\/mountlaser.com\/pl\/wp-json\/wp\/v2\/product_tag?post=2714"}],"curies":[{"name":"wp","href":"https:\/\/api.w.org\/{rel}","templated":true}]}}