{"id":2706,"date":"2025-10-17T07:31:39","date_gmt":"2025-10-17T07:31:39","guid":{"rendered":"https:\/\/mountlaser.com\/?post_type=product&#038;p=2706"},"modified":"2025-11-28T06:32:37","modified_gmt":"2025-11-28T06:32:37","slug":"z14trb-american-style-prism-assembly","status":"publish","type":"product","link":"https:\/\/mountlaser.com\/pl\/produkt\/z14trb-american-style-prism-assembly\/","title":{"rendered":"Z14TRB Zesp\u00f3\u0142 pryzmatyczny w stylu ameryka\u0144skim"},"content":{"rendered":"<p><a href=\"https:\/\/mountlaser.com\/pl\/\"><strong>Z14TRB Zesp\u00f3\u0142 pryzmatyczny w stylu ameryka\u0144skim<\/strong><\/a>:Ten <a href=\"https:\/\/mountlaser.com\/pl\/products\/\"><strong>Wysoka dok\u0142adno\u015b\u0107 du\u017cego pryzmatu docelowego<\/strong><\/a><\/p>\n<p>Zaprojektowany dla geodet\u00f3w oczekuj\u0105cych bezkompromisowej wydajno\u015bci, zestaw pryzmat\u00f3w w stylu ameryka\u0144skim Z14TRB to doskona\u0142y pryzmat o du\u017cej dok\u0142adno\u015bci do wyznaczania du\u017cych cel\u00f3w.<br \/>\nTen ca\u0142kowicie metalowy pojemnik, precyzyjnie obrabiany CNC dla zapewnienia doskona\u0142ej konstrukcji, zosta\u0142 stworzony do dostarczania wiarygodnych danych w najbardziej wymagaj\u0105cych warunkach.<\/p>\n<p><img fetchpriority=\"high\" decoding=\"async\" class=\"aligncenter wp-image-2708\" src=\"https:\/\/mountlaser.com\/wp-content\/uploads\/2025\/10\/Z14TRB-2.webp\" alt=\"High Accuracy Large Target Prism\" width=\"500\" height=\"500\" srcset=\"https:\/\/mountlaser.com\/wp-content\/uploads\/2025\/10\/Z14TRB-2.webp 1000w, https:\/\/mountlaser.com\/wp-content\/uploads\/2025\/10\/Z14TRB-2-300x300.webp 300w, https:\/\/mountlaser.com\/wp-content\/uploads\/2025\/10\/Z14TRB-2-400x400.webp 400w, https:\/\/mountlaser.com\/wp-content\/uploads\/2025\/10\/Z14TRB-2-800x800.webp 800w, https:\/\/mountlaser.com\/wp-content\/uploads\/2025\/10\/Z14TRB-2-600x600.webp 600w, https:\/\/mountlaser.com\/wp-content\/uploads\/2025\/10\/Z14TRB-2-150x150.webp 150w, https:\/\/mountlaser.com\/wp-content\/uploads\/2025\/10\/Z14TRB-2-768x768.webp 768w, https:\/\/mountlaser.com\/wp-content\/uploads\/2025\/10\/Z14TRB-2-12x12.webp 12w\" sizes=\"(max-width: 500px) 100vw, 500px\" \/><\/p>\n<p>Posiada du\u017cy, 48-milimetrowy pryzmat pokryty srebrem, kt\u00f3ry zapewnia wyj\u0105tkowo silny sygna\u0142 zwrotny i mo\u017cliwo\u015b\u0107 wyboru dok\u0142adno\u015bci pomiaru wynosz\u0105cej 2 lub 3-4 sekundy.<\/p>\n<p>Wyposa\u017cony w \u017ce\u0144ski adapter 5\/8\u2033-11 ze stali nierdzewnej, zapewniaj\u0105cy bezpieczne dopasowanie do dowolnego standardowego tyczki pryzmatycznej lub adaptera.<\/p>\n<p>Zaprojektowany z przesuni\u0119ciem -35 mm i pochylon\u0105 osi\u0105 o wysoko\u015bci 135 mm, co umo\u017cliwia wszechstronne pozycjonowanie w skomplikowanych scenariuszach geodezyjnych.<\/p>","protected":false},"excerpt":{"rendered":"<ul>\n<li>Zesp\u00f3\u0142 pryzmat\u00f3w w stylu ameryka\u0144skim Z14TRB sk\u0142ada si\u0119 z du\u017cego obiektu docelowego i pryzmatu pokrytego srebrem, co zapewnia sp\u00f3jne, wysokiej jako\u015bci pomiary.<\/li>\n<li>W zestawie znajduje si\u0119 wygodna torba transportowa zapewniaj\u0105ca bezpieczny transport i przechowywanie.<\/li>\n<\/ul>","protected":false},"featured_media":2711,"comment_status":"open","ping_status":"closed","template":"","meta":[],"product_brand":[],"product_cat":[72,103],"product_tag":[],"class_list":{"0":"post-2706","1":"product","2":"type-product","3":"status-publish","4":"has-post-thumbnail","6":"product_cat-reflective-target-prism","7":"product_cat-prism-assembly","9":"first","10":"instock","11":"shipping-taxable","12":"product-type-simple"},"_links":{"self":[{"href":"https:\/\/mountlaser.com\/pl\/wp-json\/wp\/v2\/product\/2706","targetHints":{"allow":["GET"]}}],"collection":[{"href":"https:\/\/mountlaser.com\/pl\/wp-json\/wp\/v2\/product"}],"about":[{"href":"https:\/\/mountlaser.com\/pl\/wp-json\/wp\/v2\/types\/product"}],"replies":[{"embeddable":true,"href":"https:\/\/mountlaser.com\/pl\/wp-json\/wp\/v2\/comments?post=2706"}],"wp:featuredmedia":[{"embeddable":true,"href":"https:\/\/mountlaser.com\/pl\/wp-json\/wp\/v2\/media\/2711"}],"wp:attachment":[{"href":"https:\/\/mountlaser.com\/pl\/wp-json\/wp\/v2\/media?parent=2706"}],"wp:term":[{"taxonomy":"product_brand","embeddable":true,"href":"https:\/\/mountlaser.com\/pl\/wp-json\/wp\/v2\/product_brand?post=2706"},{"taxonomy":"product_cat","embeddable":true,"href":"https:\/\/mountlaser.com\/pl\/wp-json\/wp\/v2\/product_cat?post=2706"},{"taxonomy":"product_tag","embeddable":true,"href":"https:\/\/mountlaser.com\/pl\/wp-json\/wp\/v2\/product_tag?post=2706"}],"curies":[{"name":"wp","href":"https:\/\/api.w.org\/{rel}","templated":true}]}}